{"id":885,"date":"2019-10-10T14:43:56","date_gmt":"2019-10-10T12:43:56","guid":{"rendered":"https:\/\/borgensgaard-consulting.dk\/?page_id=885"},"modified":"2019-10-27T23:14:13","modified_gmt":"2019-10-27T22:14:13","slug":"risikostyring","status":"publish","type":"page","link":"https:\/\/borgensgaard-consulting.dk\/da\/services\/quality-management-goer-tingene-rigtigt\/risikostyring\/","title":{"rendered":"Risikostyring"},"content":{"rendered":"<div id=\"pl-885\"  class=\"panel-layout\" ><div id=\"pg-885-0\"  class=\"panel-grid panel-no-style\" ><div id=\"pgc-885-0-0\"  class=\"panel-grid-cell\" ><div id=\"panel-885-0-0-0\" class=\"so-panel widget widget_sow-image panel-first-child panel-last-child\" data-index=\"0\" ><div\n\t\t\t\n\t\t\tclass=\"so-widget-sow-image so-widget-sow-image-default-dbf295114b96-885\"\n\t\t\t\n\t\t>\n\n<div class=\"sow-image-container\">\n\t\t<img loading=\"lazy\" decoding=\"async\" src=\"https:\/\/borgensgaard-consulting.dk\/wp-content\/uploads\/2019\/10\/Risikostyring-Risikoanalyse.jpg\" width=\"1105\" height=\"468\" srcset=\"https:\/\/borgensgaard-consulting.dk\/wp-content\/uploads\/2019\/10\/Risikostyring-Risikoanalyse.jpg 1105w, https:\/\/borgensgaard-consulting.dk\/wp-content\/uploads\/2019\/10\/Risikostyring-Risikoanalyse-300x127.jpg 300w, https:\/\/borgensgaard-consulting.dk\/wp-content\/uploads\/2019\/10\/Risikostyring-Risikoanalyse-768x325.jpg 768w, https:\/\/borgensgaard-consulting.dk\/wp-content\/uploads\/2019\/10\/Risikostyring-Risikoanalyse-1024x434.jpg 1024w\" sizes=\"(max-width: 1105px) 100vw, 1105px\" title=\"Risikostyring Risikoanalyse\" alt=\"Risikostyring\" \t\tclass=\"so-widget-image\"\/>\n\t<\/div>\n\n<\/div><\/div><\/div><\/div><div id=\"pg-885-1\"  class=\"panel-grid panel-no-style\" ><div id=\"pgc-885-1-0\"  class=\"panel-grid-cell\" ><div id=\"panel-885-1-0-0\" class=\"so-panel widget widget_sow-editor panel-first-child panel-last-child\" data-index=\"1\" ><div\n\t\t\t\n\t\t\tclass=\"so-widget-sow-editor so-widget-sow-editor-base\"\n\t\t\t\n\t\t>\n<div class=\"siteorigin-widget-tinymce textwidget\">\n\t<h2>Risikostyring<\/h2>\n<p>Risikostyring af processer, som har eller kan have indflydelse p\u00e5 kvaliteten af produkter og serviceydelser, er meget v\u00e6sentlig og omfatter ikke kun fremstillings- og pakkeprocesser men ogs\u00e5 design af produkter og processer, styring af \u00e6ndringer, brug af leverand\u00f8rer osv.<\/p>\n<p>Jeg kan hj\u00e6lpe jer med at etablere en ny proces for risikostyring og integrere elementer af risikostyring i andre relevante processer.<\/p>\n<p>Desuden har jeg erfaring i at facilitere FMEA for produkt risikoanalyser samt forskellige typer produktions processer herunder:<\/p>\n<ul>\n<li>H\u00e5ndtering og p\u00e5fyldning af r\u00e5varer<\/li>\n<li>Spr\u00f8jte- og bl\u00e6sest\u00f8bning af plastemner<\/li>\n<li>Samle- og fyldeprocesser<\/li>\n<li>Pakkeprocesser<\/li>\n<li>Coatning<\/li>\n<li>Fremstilling af printkort<\/li>\n<li>Silketryk<\/li>\n<li>Renrums produktion<\/li>\n<\/ul>\n<p>Jeg anvender ofte en udvidet FMEA, som ogs\u00e5 indeholder elementer fra HACCP.<\/p>\n<p>Derudover kan jeg hj\u00e6lpe jer med at etablere procedure og templates for beredskabsplaner (Contingency Plans) i forhold til leveringssikkerhed.<\/p>\n<p>Risikostyring gennemf\u00f8res i henhold til kravene:<\/p>\n<ul>\n<li>ISO 9001<\/li>\n<li>ISO 31000<\/li>\n<li>ISO 15378<\/li>\n<li>ISO 13485<\/li>\n<li>ISO 14971<\/li>\n<\/ul>\n<p>&nbsp;<\/p>\n<\/div>\n<\/div><\/div><\/div><\/div><\/div>","protected":false},"excerpt":{"rendered":"<p>Risikostyring Risikostyring af processer, som har eller kan have indflydelse p\u00e5 kvaliteten af produkter og serviceydelser, er meget v\u00e6sentlig og [&hellip;]<\/p>\n","protected":false},"author":1,"featured_media":0,"parent":654,"menu_order":0,"comment_status":"closed","ping_status":"closed","template":"","meta":{"_exactmetrics_skip_tracking":false,"_exactmetrics_sitenote_active":false,"_exactmetrics_sitenote_note":"","_exactmetrics_sitenote_category":0,"footnotes":""},"class_list":["post-885","page","type-page","status-publish","hentry"],"yoast_head":"<!-- This site is optimized with the Yoast SEO plugin v24.3 - https:\/\/yoast.com\/wordpress\/plugins\/seo\/ -->\n<title>Risikostyring - Borgensgaard Consulting<\/title>\n<meta name=\"description\" content=\"Risikostyring af processer, som har eller kan have indflydelse p\u00e5 kvaliteten af produkter og serviceydelser, er meget v\u00e6sentlig.\" \/>\n<meta name=\"robots\" content=\"index, follow, max-snippet:-1, max-image-preview:large, max-video-preview:-1\" \/>\n<link rel=\"canonical\" href=\"https:\/\/borgensgaard-consulting.dk\/da\/services\/quality-management-goer-tingene-rigtigt\/risikostyring\/\" \/>\n<meta property=\"og:locale\" content=\"da_DK\" \/>\n<meta property=\"og:type\" content=\"article\" \/>\n<meta property=\"og:title\" content=\"Risikostyring - Borgensgaard Consulting\" \/>\n<meta property=\"og:description\" content=\"Risikostyring af processer, som har eller kan have indflydelse p\u00e5 kvaliteten af produkter og serviceydelser, er meget v\u00e6sentlig.\" \/>\n<meta property=\"og:url\" content=\"https:\/\/borgensgaard-consulting.dk\/da\/services\/quality-management-goer-tingene-rigtigt\/risikostyring\/\" \/>\n<meta property=\"og:site_name\" content=\"Borgensgaard Consulting\" \/>\n<meta property=\"article:publisher\" content=\"https:\/\/www.facebook.com\/Borgensgaard-Consulting-110909730310836\/\" \/>\n<meta property=\"article:modified_time\" content=\"2019-10-27T22:14:13+00:00\" \/>\n<meta name=\"twitter:card\" content=\"summary_large_image\" \/>\n<meta name=\"twitter:label1\" content=\"Estimeret l\u00e6setid\" \/>\n\t<meta name=\"twitter:data1\" content=\"1 minut\" \/>\n<script type=\"application\/ld+json\" class=\"yoast-schema-graph\">{\"@context\":\"https:\/\/schema.org\",\"@graph\":[{\"@type\":\"WebPage\",\"@id\":\"https:\/\/borgensgaard-consulting.dk\/da\/services\/quality-management-goer-tingene-rigtigt\/risikostyring\/\",\"url\":\"https:\/\/borgensgaard-consulting.dk\/da\/services\/quality-management-goer-tingene-rigtigt\/risikostyring\/\",\"name\":\"Risikostyring - Borgensgaard Consulting\",\"isPartOf\":{\"@id\":\"https:\/\/borgensgaard-consulting.dk\/#website\"},\"datePublished\":\"2019-10-10T12:43:56+00:00\",\"dateModified\":\"2019-10-27T22:14:13+00:00\",\"description\":\"Risikostyring af processer, som har eller kan have indflydelse p\u00e5 kvaliteten af produkter og serviceydelser, er meget v\u00e6sentlig.\",\"breadcrumb\":{\"@id\":\"https:\/\/borgensgaard-consulting.dk\/da\/services\/quality-management-goer-tingene-rigtigt\/risikostyring\/#breadcrumb\"},\"inLanguage\":\"da-DK\",\"potentialAction\":[{\"@type\":\"ReadAction\",\"target\":[\"https:\/\/borgensgaard-consulting.dk\/da\/services\/quality-management-goer-tingene-rigtigt\/risikostyring\/\"]}]},{\"@type\":\"BreadcrumbList\",\"@id\":\"https:\/\/borgensgaard-consulting.dk\/da\/services\/quality-management-goer-tingene-rigtigt\/risikostyring\/#breadcrumb\",\"itemListElement\":[{\"@type\":\"ListItem\",\"position\":1,\"name\":\"Home\",\"item\":\"https:\/\/borgensgaard-consulting.dk\/da\/\"},{\"@type\":\"ListItem\",\"position\":2,\"name\":\"Services\",\"item\":\"https:\/\/borgensgaard-consulting.dk\/da\/services\/\"},{\"@type\":\"ListItem\",\"position\":3,\"name\":\"Quality Management \u2013 G\u00f8r tingene rigtigt\",\"item\":\"https:\/\/borgensgaard-consulting.dk\/da\/services\/quality-management-goer-tingene-rigtigt\/\"},{\"@type\":\"ListItem\",\"position\":4,\"name\":\"Risikostyring\"}]},{\"@type\":\"WebSite\",\"@id\":\"https:\/\/borgensgaard-consulting.dk\/#website\",\"url\":\"https:\/\/borgensgaard-consulting.dk\/\",\"name\":\"Borgensgaard Consulting\",\"description\":\"Quality Leadership and Quality Management\",\"publisher\":{\"@id\":\"https:\/\/borgensgaard-consulting.dk\/#organization\"},\"potentialAction\":[{\"@type\":\"SearchAction\",\"target\":{\"@type\":\"EntryPoint\",\"urlTemplate\":\"https:\/\/borgensgaard-consulting.dk\/?s={search_term_string}\"},\"query-input\":{\"@type\":\"PropertyValueSpecification\",\"valueRequired\":true,\"valueName\":\"search_term_string\"}}],\"inLanguage\":\"da-DK\"},{\"@type\":\"Organization\",\"@id\":\"https:\/\/borgensgaard-consulting.dk\/#organization\",\"name\":\"Borgensgaard Consulting\",\"url\":\"https:\/\/borgensgaard-consulting.dk\/\",\"logo\":{\"@type\":\"ImageObject\",\"inLanguage\":\"da-DK\",\"@id\":\"https:\/\/borgensgaard-consulting.dk\/#\/schema\/logo\/image\/\",\"url\":\"https:\/\/borgensgaard-consulting.dk\/wp-content\/uploads\/2019\/10\/Borgensgaard.png\",\"contentUrl\":\"https:\/\/borgensgaard-consulting.dk\/wp-content\/uploads\/2019\/10\/Borgensgaard.png\",\"width\":500,\"height\":138,\"caption\":\"Borgensgaard Consulting\"},\"image\":{\"@id\":\"https:\/\/borgensgaard-consulting.dk\/#\/schema\/logo\/image\/\"},\"sameAs\":[\"https:\/\/www.facebook.com\/Borgensgaard-Consulting-110909730310836\/\"]}]}<\/script>\n<!-- \/ Yoast SEO plugin. -->","yoast_head_json":{"title":"Risikostyring - Borgensgaard Consulting","description":"Risikostyring af processer, som har eller kan have indflydelse p\u00e5 kvaliteten af produkter og serviceydelser, er meget v\u00e6sentlig.","robots":{"index":"index","follow":"follow","max-snippet":"max-snippet:-1","max-image-preview":"max-image-preview:large","max-video-preview":"max-video-preview:-1"},"canonical":"https:\/\/borgensgaard-consulting.dk\/da\/services\/quality-management-goer-tingene-rigtigt\/risikostyring\/","og_locale":"da_DK","og_type":"article","og_title":"Risikostyring - Borgensgaard Consulting","og_description":"Risikostyring af processer, som har eller kan have indflydelse p\u00e5 kvaliteten af produkter og serviceydelser, er meget v\u00e6sentlig.","og_url":"https:\/\/borgensgaard-consulting.dk\/da\/services\/quality-management-goer-tingene-rigtigt\/risikostyring\/","og_site_name":"Borgensgaard Consulting","article_publisher":"https:\/\/www.facebook.com\/Borgensgaard-Consulting-110909730310836\/","article_modified_time":"2019-10-27T22:14:13+00:00","twitter_card":"summary_large_image","twitter_misc":{"Estimeret l\u00e6setid":"1 minut"},"schema":{"@context":"https:\/\/schema.org","@graph":[{"@type":"WebPage","@id":"https:\/\/borgensgaard-consulting.dk\/da\/services\/quality-management-goer-tingene-rigtigt\/risikostyring\/","url":"https:\/\/borgensgaard-consulting.dk\/da\/services\/quality-management-goer-tingene-rigtigt\/risikostyring\/","name":"Risikostyring - Borgensgaard Consulting","isPartOf":{"@id":"https:\/\/borgensgaard-consulting.dk\/#website"},"datePublished":"2019-10-10T12:43:56+00:00","dateModified":"2019-10-27T22:14:13+00:00","description":"Risikostyring af processer, som har eller kan have indflydelse p\u00e5 kvaliteten af produkter og serviceydelser, er meget v\u00e6sentlig.","breadcrumb":{"@id":"https:\/\/borgensgaard-consulting.dk\/da\/services\/quality-management-goer-tingene-rigtigt\/risikostyring\/#breadcrumb"},"inLanguage":"da-DK","potentialAction":[{"@type":"ReadAction","target":["https:\/\/borgensgaard-consulting.dk\/da\/services\/quality-management-goer-tingene-rigtigt\/risikostyring\/"]}]},{"@type":"BreadcrumbList","@id":"https:\/\/borgensgaard-consulting.dk\/da\/services\/quality-management-goer-tingene-rigtigt\/risikostyring\/#breadcrumb","itemListElement":[{"@type":"ListItem","position":1,"name":"Home","item":"https:\/\/borgensgaard-consulting.dk\/da\/"},{"@type":"ListItem","position":2,"name":"Services","item":"https:\/\/borgensgaard-consulting.dk\/da\/services\/"},{"@type":"ListItem","position":3,"name":"Quality Management \u2013 G\u00f8r tingene rigtigt","item":"https:\/\/borgensgaard-consulting.dk\/da\/services\/quality-management-goer-tingene-rigtigt\/"},{"@type":"ListItem","position":4,"name":"Risikostyring"}]},{"@type":"WebSite","@id":"https:\/\/borgensgaard-consulting.dk\/#website","url":"https:\/\/borgensgaard-consulting.dk\/","name":"Borgensgaard Consulting","description":"Quality Leadership and Quality Management","publisher":{"@id":"https:\/\/borgensgaard-consulting.dk\/#organization"},"potentialAction":[{"@type":"SearchAction","target":{"@type":"EntryPoint","urlTemplate":"https:\/\/borgensgaard-consulting.dk\/?s={search_term_string}"},"query-input":{"@type":"PropertyValueSpecification","valueRequired":true,"valueName":"search_term_string"}}],"inLanguage":"da-DK"},{"@type":"Organization","@id":"https:\/\/borgensgaard-consulting.dk\/#organization","name":"Borgensgaard Consulting","url":"https:\/\/borgensgaard-consulting.dk\/","logo":{"@type":"ImageObject","inLanguage":"da-DK","@id":"https:\/\/borgensgaard-consulting.dk\/#\/schema\/logo\/image\/","url":"https:\/\/borgensgaard-consulting.dk\/wp-content\/uploads\/2019\/10\/Borgensgaard.png","contentUrl":"https:\/\/borgensgaard-consulting.dk\/wp-content\/uploads\/2019\/10\/Borgensgaard.png","width":500,"height":138,"caption":"Borgensgaard Consulting"},"image":{"@id":"https:\/\/borgensgaard-consulting.dk\/#\/schema\/logo\/image\/"},"sameAs":["https:\/\/www.facebook.com\/Borgensgaard-Consulting-110909730310836\/"]}]}},"_links":{"self":[{"href":"https:\/\/borgensgaard-consulting.dk\/da\/wp-json\/wp\/v2\/pages\/885"}],"collection":[{"href":"https:\/\/borgensgaard-consulting.dk\/da\/wp-json\/wp\/v2\/pages"}],"about":[{"href":"https:\/\/borgensgaard-consulting.dk\/da\/wp-json\/wp\/v2\/types\/page"}],"author":[{"embeddable":true,"href":"https:\/\/borgensgaard-consulting.dk\/da\/wp-json\/wp\/v2\/users\/1"}],"replies":[{"embeddable":true,"href":"https:\/\/borgensgaard-consulting.dk\/da\/wp-json\/wp\/v2\/comments?post=885"}],"version-history":[{"count":18,"href":"https:\/\/borgensgaard-consulting.dk\/da\/wp-json\/wp\/v2\/pages\/885\/revisions"}],"predecessor-version":[{"id":1333,"href":"https:\/\/borgensgaard-consulting.dk\/da\/wp-json\/wp\/v2\/pages\/885\/revisions\/1333"}],"up":[{"embeddable":true,"href":"https:\/\/borgensgaard-consulting.dk\/da\/wp-json\/wp\/v2\/pages\/654"}],"wp:attachment":[{"href":"https:\/\/borgensgaard-consulting.dk\/da\/wp-json\/wp\/v2\/media?parent=885"}],"curies":[{"name":"wp","href":"https:\/\/api.w.org\/{rel}","templated":true}]}}