{"id":819,"date":"2019-10-09T13:54:32","date_gmt":"2019-10-09T11:54:32","guid":{"rendered":"https:\/\/borgensgaard-consulting.dk\/?page_id=819"},"modified":"2020-03-06T12:52:00","modified_gmt":"2020-03-06T11:52:00","slug":"kvalitetsstyring","status":"publish","type":"page","link":"https:\/\/borgensgaard-consulting.dk\/da\/services\/quality-management-goer-tingene-rigtigt\/kvalitetsstyring\/","title":{"rendered":"Kvalitetsstyringssystem"},"content":{"rendered":"<div id=\"pl-819\"  class=\"panel-layout\" ><div id=\"pg-819-0\"  class=\"panel-grid panel-no-style\" ><div id=\"pgc-819-0-0\"  class=\"panel-grid-cell\" ><div id=\"panel-819-0-0-0\" class=\"so-panel widget widget_sow-image panel-first-child panel-last-child\" data-index=\"0\" ><div\n\t\t\t\n\t\t\tclass=\"so-widget-sow-image so-widget-sow-image-default-dbf295114b96-819\"\n\t\t\t\n\t\t>\n\n<div class=\"sow-image-container\">\n\t\t<img loading=\"lazy\" decoding=\"async\" src=\"https:\/\/borgensgaard-consulting.dk\/wp-content\/uploads\/2019\/10\/Kvalitetsstyringssystem-1.jpg\" width=\"1105\" height=\"468\" srcset=\"https:\/\/borgensgaard-consulting.dk\/wp-content\/uploads\/2019\/10\/Kvalitetsstyringssystem-1.jpg 1105w, https:\/\/borgensgaard-consulting.dk\/wp-content\/uploads\/2019\/10\/Kvalitetsstyringssystem-1-300x127.jpg 300w, https:\/\/borgensgaard-consulting.dk\/wp-content\/uploads\/2019\/10\/Kvalitetsstyringssystem-1-768x325.jpg 768w, https:\/\/borgensgaard-consulting.dk\/wp-content\/uploads\/2019\/10\/Kvalitetsstyringssystem-1-1024x434.jpg 1024w\" sizes=\"(max-width: 1105px) 100vw, 1105px\" title=\"Kvalitetsstyringssystem\" alt=\"Kvalitetsstyringssystem\" \t\tclass=\"so-widget-image\"\/>\n\t<\/div>\n\n<\/div><\/div><\/div><\/div><div id=\"pg-819-1\"  class=\"panel-grid panel-no-style\" ><div id=\"pgc-819-1-0\"  class=\"panel-grid-cell\" ><div id=\"panel-819-1-0-0\" class=\"so-panel widget widget_sow-editor panel-first-child panel-last-child\" data-index=\"1\" ><div\n\t\t\t\n\t\t\tclass=\"so-widget-sow-editor so-widget-sow-editor-base\"\n\t\t\t\n\t\t>\n<div class=\"siteorigin-widget-tinymce textwidget\">\n\t<h2>Kvalitetsstyringssystem<\/h2>\n<p>Har du brug for hj\u00e6lp til:<\/p>\n<ul>\n<li>Etablering af et helt nyt kvalitetsstyringssystem<\/li>\n<li>Indf\u00f8relse af nye processer og\/eller procedurer<\/li>\n<li>Optimering og forenkling af eksisterende system \/ processer og\/eller procedurer<\/li>\n<li>Standardisering og\/eller sammenl\u00e6gning af forskellige kvalitetsstyringssystemer<\/li>\n<li>Audit af egne processer med henblik p\u00e5 compliance og effektivitet<\/li>\n<li>Audit af leverand\u00f8rer<\/li>\n<li>Uddannelse og tr\u00e6ning<\/li>\n<\/ul>\n<p>Jeg har mange \u00e5rs erfaring i at opbygge, auditere og optimere kvalitetsstyringssystemer lokalt og globalt i henhold til kravene i:<\/p>\n<ul>\n<li>ISO 9001<\/li>\n<li>ISO 15378<\/li>\n<li>ISO 13485<\/li>\n<li>ISO 22000<\/li>\n<li>FDA CGMP \u2013 21 CFR<\/li>\n<li>EU GMP \u2013 Eudralex Vol. 4<\/li>\n<li><a href=\"https:\/\/borgensgaard-consulting.dk\/da\/medical-device-regulation-mdr\/\">MDR - Medical Device Regulation<\/a><\/li>\n<\/ul>\n<p>Jeg er vant til at arbejde med elektronisk dokumentstyring, og kan ogs\u00e5 hj\u00e6lpe jer med at v\u00e6lge, implementere og validere et s\u00e5dant system.<\/p>\n<p>Derudover har jeg erfaring med implementering og validering af andre IT-systemer; for eksempel SAP QM &amp; SAP QIM.<\/p>\n<p>For nystartede og mindre virksomheder kan det v\u00e6re en stor opgave og udgift, at skulle opbygge et helt nyt kvalitetsstyringssystem.\u00a0For at hj\u00e6lpe disse virksomheder p\u00e5 vej, tilbyder jeg derfor salg af udvalgte standard procedurer, instruktioner og templates samt online r\u00e5dgivning til implementering af disse.<\/p>\n<p>&nbsp;<\/p>\n<\/div>\n<\/div><\/div><\/div><\/div><\/div>","protected":false},"excerpt":{"rendered":"<p>Kvalitetsstyringssystem Har du brug for hj\u00e6lp til: Etablering af et helt nyt kvalitetsstyringssystem Indf\u00f8relse af nye processer og\/eller procedurer Optimering [&hellip;]<\/p>\n","protected":false},"author":1,"featured_media":0,"parent":654,"menu_order":0,"comment_status":"closed","ping_status":"closed","template":"","meta":{"_exactmetrics_skip_tracking":false,"_exactmetrics_sitenote_active":false,"_exactmetrics_sitenote_note":"","_exactmetrics_sitenote_category":0,"footnotes":""},"class_list":["post-819","page","type-page","status-publish","hentry"],"yoast_head":"<!-- This site is optimized with the Yoast SEO plugin v24.3 - https:\/\/yoast.com\/wordpress\/plugins\/seo\/ -->\n<title>Kvalitetsstyringssystem - Borgensgaard Consulting<\/title>\n<meta name=\"description\" content=\"Kontakt mig hvis du har brug for hj\u00e6lp til etablering af et helt nyt kvalitetsstyringssystem, indf\u00f8relse af nye processer og\/eller procedurer eller lignende\" \/>\n<meta name=\"robots\" content=\"index, follow, max-snippet:-1, max-image-preview:large, max-video-preview:-1\" \/>\n<link rel=\"canonical\" href=\"https:\/\/borgensgaard-consulting.dk\/da\/services\/quality-management-goer-tingene-rigtigt\/kvalitetsstyring\/\" \/>\n<meta property=\"og:locale\" content=\"da_DK\" \/>\n<meta property=\"og:type\" content=\"article\" \/>\n<meta property=\"og:title\" content=\"Kvalitetsstyringssystem - Borgensgaard Consulting\" \/>\n<meta property=\"og:description\" content=\"Kontakt mig hvis du har brug for hj\u00e6lp til etablering af et helt nyt kvalitetsstyringssystem, indf\u00f8relse af nye processer og\/eller procedurer eller lignende\" \/>\n<meta property=\"og:url\" content=\"https:\/\/borgensgaard-consulting.dk\/da\/services\/quality-management-goer-tingene-rigtigt\/kvalitetsstyring\/\" \/>\n<meta property=\"og:site_name\" content=\"Borgensgaard Consulting\" \/>\n<meta property=\"article:publisher\" content=\"https:\/\/www.facebook.com\/Borgensgaard-Consulting-110909730310836\/\" \/>\n<meta property=\"article:modified_time\" content=\"2020-03-06T11:52:00+00:00\" \/>\n<meta name=\"twitter:card\" content=\"summary_large_image\" \/>\n<meta name=\"twitter:label1\" content=\"Estimeret l\u00e6setid\" \/>\n\t<meta name=\"twitter:data1\" content=\"1 minut\" \/>\n<script type=\"application\/ld+json\" class=\"yoast-schema-graph\">{\"@context\":\"https:\/\/schema.org\",\"@graph\":[{\"@type\":\"WebPage\",\"@id\":\"https:\/\/borgensgaard-consulting.dk\/da\/services\/quality-management-goer-tingene-rigtigt\/kvalitetsstyring\/\",\"url\":\"https:\/\/borgensgaard-consulting.dk\/da\/services\/quality-management-goer-tingene-rigtigt\/kvalitetsstyring\/\",\"name\":\"Kvalitetsstyringssystem - Borgensgaard Consulting\",\"isPartOf\":{\"@id\":\"https:\/\/borgensgaard-consulting.dk\/#website\"},\"datePublished\":\"2019-10-09T11:54:32+00:00\",\"dateModified\":\"2020-03-06T11:52:00+00:00\",\"description\":\"Kontakt mig hvis du har brug for hj\u00e6lp til etablering af et helt nyt kvalitetsstyringssystem, indf\u00f8relse af nye processer og\/eller procedurer eller lignende\",\"breadcrumb\":{\"@id\":\"https:\/\/borgensgaard-consulting.dk\/da\/services\/quality-management-goer-tingene-rigtigt\/kvalitetsstyring\/#breadcrumb\"},\"inLanguage\":\"da-DK\",\"potentialAction\":[{\"@type\":\"ReadAction\",\"target\":[\"https:\/\/borgensgaard-consulting.dk\/da\/services\/quality-management-goer-tingene-rigtigt\/kvalitetsstyring\/\"]}]},{\"@type\":\"BreadcrumbList\",\"@id\":\"https:\/\/borgensgaard-consulting.dk\/da\/services\/quality-management-goer-tingene-rigtigt\/kvalitetsstyring\/#breadcrumb\",\"itemListElement\":[{\"@type\":\"ListItem\",\"position\":1,\"name\":\"Home\",\"item\":\"https:\/\/borgensgaard-consulting.dk\/da\/\"},{\"@type\":\"ListItem\",\"position\":2,\"name\":\"Services\",\"item\":\"https:\/\/borgensgaard-consulting.dk\/da\/services\/\"},{\"@type\":\"ListItem\",\"position\":3,\"name\":\"Quality Management \u2013 G\u00f8r tingene rigtigt\",\"item\":\"https:\/\/borgensgaard-consulting.dk\/da\/services\/quality-management-goer-tingene-rigtigt\/\"},{\"@type\":\"ListItem\",\"position\":4,\"name\":\"Kvalitetsstyringssystem\"}]},{\"@type\":\"WebSite\",\"@id\":\"https:\/\/borgensgaard-consulting.dk\/#website\",\"url\":\"https:\/\/borgensgaard-consulting.dk\/\",\"name\":\"Borgensgaard Consulting\",\"description\":\"Quality Leadership and Quality Management\",\"publisher\":{\"@id\":\"https:\/\/borgensgaard-consulting.dk\/#organization\"},\"potentialAction\":[{\"@type\":\"SearchAction\",\"target\":{\"@type\":\"EntryPoint\",\"urlTemplate\":\"https:\/\/borgensgaard-consulting.dk\/?s={search_term_string}\"},\"query-input\":{\"@type\":\"PropertyValueSpecification\",\"valueRequired\":true,\"valueName\":\"search_term_string\"}}],\"inLanguage\":\"da-DK\"},{\"@type\":\"Organization\",\"@id\":\"https:\/\/borgensgaard-consulting.dk\/#organization\",\"name\":\"Borgensgaard Consulting\",\"url\":\"https:\/\/borgensgaard-consulting.dk\/\",\"logo\":{\"@type\":\"ImageObject\",\"inLanguage\":\"da-DK\",\"@id\":\"https:\/\/borgensgaard-consulting.dk\/#\/schema\/logo\/image\/\",\"url\":\"https:\/\/borgensgaard-consulting.dk\/wp-content\/uploads\/2019\/10\/Borgensgaard.png\",\"contentUrl\":\"https:\/\/borgensgaard-consulting.dk\/wp-content\/uploads\/2019\/10\/Borgensgaard.png\",\"width\":500,\"height\":138,\"caption\":\"Borgensgaard Consulting\"},\"image\":{\"@id\":\"https:\/\/borgensgaard-consulting.dk\/#\/schema\/logo\/image\/\"},\"sameAs\":[\"https:\/\/www.facebook.com\/Borgensgaard-Consulting-110909730310836\/\"]}]}<\/script>\n<!-- \/ Yoast SEO plugin. -->","yoast_head_json":{"title":"Kvalitetsstyringssystem - Borgensgaard Consulting","description":"Kontakt mig hvis du har brug for hj\u00e6lp til etablering af et helt nyt kvalitetsstyringssystem, indf\u00f8relse af nye processer og\/eller procedurer eller lignende","robots":{"index":"index","follow":"follow","max-snippet":"max-snippet:-1","max-image-preview":"max-image-preview:large","max-video-preview":"max-video-preview:-1"},"canonical":"https:\/\/borgensgaard-consulting.dk\/da\/services\/quality-management-goer-tingene-rigtigt\/kvalitetsstyring\/","og_locale":"da_DK","og_type":"article","og_title":"Kvalitetsstyringssystem - Borgensgaard Consulting","og_description":"Kontakt mig hvis du har brug for hj\u00e6lp til etablering af et helt nyt kvalitetsstyringssystem, indf\u00f8relse af nye processer og\/eller procedurer eller lignende","og_url":"https:\/\/borgensgaard-consulting.dk\/da\/services\/quality-management-goer-tingene-rigtigt\/kvalitetsstyring\/","og_site_name":"Borgensgaard Consulting","article_publisher":"https:\/\/www.facebook.com\/Borgensgaard-Consulting-110909730310836\/","article_modified_time":"2020-03-06T11:52:00+00:00","twitter_card":"summary_large_image","twitter_misc":{"Estimeret l\u00e6setid":"1 minut"},"schema":{"@context":"https:\/\/schema.org","@graph":[{"@type":"WebPage","@id":"https:\/\/borgensgaard-consulting.dk\/da\/services\/quality-management-goer-tingene-rigtigt\/kvalitetsstyring\/","url":"https:\/\/borgensgaard-consulting.dk\/da\/services\/quality-management-goer-tingene-rigtigt\/kvalitetsstyring\/","name":"Kvalitetsstyringssystem - Borgensgaard Consulting","isPartOf":{"@id":"https:\/\/borgensgaard-consulting.dk\/#website"},"datePublished":"2019-10-09T11:54:32+00:00","dateModified":"2020-03-06T11:52:00+00:00","description":"Kontakt mig hvis du har brug for hj\u00e6lp til etablering af et helt nyt kvalitetsstyringssystem, indf\u00f8relse af nye processer og\/eller procedurer eller lignende","breadcrumb":{"@id":"https:\/\/borgensgaard-consulting.dk\/da\/services\/quality-management-goer-tingene-rigtigt\/kvalitetsstyring\/#breadcrumb"},"inLanguage":"da-DK","potentialAction":[{"@type":"ReadAction","target":["https:\/\/borgensgaard-consulting.dk\/da\/services\/quality-management-goer-tingene-rigtigt\/kvalitetsstyring\/"]}]},{"@type":"BreadcrumbList","@id":"https:\/\/borgensgaard-consulting.dk\/da\/services\/quality-management-goer-tingene-rigtigt\/kvalitetsstyring\/#breadcrumb","itemListElement":[{"@type":"ListItem","position":1,"name":"Home","item":"https:\/\/borgensgaard-consulting.dk\/da\/"},{"@type":"ListItem","position":2,"name":"Services","item":"https:\/\/borgensgaard-consulting.dk\/da\/services\/"},{"@type":"ListItem","position":3,"name":"Quality Management \u2013 G\u00f8r tingene rigtigt","item":"https:\/\/borgensgaard-consulting.dk\/da\/services\/quality-management-goer-tingene-rigtigt\/"},{"@type":"ListItem","position":4,"name":"Kvalitetsstyringssystem"}]},{"@type":"WebSite","@id":"https:\/\/borgensgaard-consulting.dk\/#website","url":"https:\/\/borgensgaard-consulting.dk\/","name":"Borgensgaard Consulting","description":"Quality Leadership and Quality Management","publisher":{"@id":"https:\/\/borgensgaard-consulting.dk\/#organization"},"potentialAction":[{"@type":"SearchAction","target":{"@type":"EntryPoint","urlTemplate":"https:\/\/borgensgaard-consulting.dk\/?s={search_term_string}"},"query-input":{"@type":"PropertyValueSpecification","valueRequired":true,"valueName":"search_term_string"}}],"inLanguage":"da-DK"},{"@type":"Organization","@id":"https:\/\/borgensgaard-consulting.dk\/#organization","name":"Borgensgaard Consulting","url":"https:\/\/borgensgaard-consulting.dk\/","logo":{"@type":"ImageObject","inLanguage":"da-DK","@id":"https:\/\/borgensgaard-consulting.dk\/#\/schema\/logo\/image\/","url":"https:\/\/borgensgaard-consulting.dk\/wp-content\/uploads\/2019\/10\/Borgensgaard.png","contentUrl":"https:\/\/borgensgaard-consulting.dk\/wp-content\/uploads\/2019\/10\/Borgensgaard.png","width":500,"height":138,"caption":"Borgensgaard Consulting"},"image":{"@id":"https:\/\/borgensgaard-consulting.dk\/#\/schema\/logo\/image\/"},"sameAs":["https:\/\/www.facebook.com\/Borgensgaard-Consulting-110909730310836\/"]}]}},"_links":{"self":[{"href":"https:\/\/borgensgaard-consulting.dk\/da\/wp-json\/wp\/v2\/pages\/819"}],"collection":[{"href":"https:\/\/borgensgaard-consulting.dk\/da\/wp-json\/wp\/v2\/pages"}],"about":[{"href":"https:\/\/borgensgaard-consulting.dk\/da\/wp-json\/wp\/v2\/types\/page"}],"author":[{"embeddable":true,"href":"https:\/\/borgensgaard-consulting.dk\/da\/wp-json\/wp\/v2\/users\/1"}],"replies":[{"embeddable":true,"href":"https:\/\/borgensgaard-consulting.dk\/da\/wp-json\/wp\/v2\/comments?post=819"}],"version-history":[{"count":30,"href":"https:\/\/borgensgaard-consulting.dk\/da\/wp-json\/wp\/v2\/pages\/819\/revisions"}],"predecessor-version":[{"id":882,"href":"https:\/\/borgensgaard-consulting.dk\/da\/wp-json\/wp\/v2\/pages\/819\/revisions\/882"}],"up":[{"embeddable":true,"href":"https:\/\/borgensgaard-consulting.dk\/da\/wp-json\/wp\/v2\/pages\/654"}],"wp:attachment":[{"href":"https:\/\/borgensgaard-consulting.dk\/da\/wp-json\/wp\/v2\/media?parent=819"}],"curies":[{"name":"wp","href":"https:\/\/api.w.org\/{rel}","templated":true}]}}