{"id":776,"date":"2019-10-08T22:26:01","date_gmt":"2019-10-08T20:26:01","guid":{"rendered":"https:\/\/borgensgaard-consulting.dk\/?page_id=776"},"modified":"2019-10-27T23:06:32","modified_gmt":"2019-10-27T22:06:32","slug":"procesvalidering","status":"publish","type":"page","link":"https:\/\/borgensgaard-consulting.dk\/da\/services\/quality-management-goer-tingene-rigtigt\/procesvalidering\/","title":{"rendered":"Procesvalidering"},"content":{"rendered":"<div id=\"pl-776\"  class=\"panel-layout\" ><div id=\"pg-776-0\"  class=\"panel-grid panel-no-style\" ><div id=\"pgc-776-0-0\"  class=\"panel-grid-cell\" ><div id=\"panel-776-0-0-0\" class=\"so-panel widget widget_sow-image panel-first-child panel-last-child\" data-index=\"0\" ><div\n\t\t\t\n\t\t\tclass=\"so-widget-sow-image so-widget-sow-image-default-dbf295114b96-776\"\n\t\t\t\n\t\t>\n\n<div class=\"sow-image-container\">\n\t\t<img loading=\"lazy\" decoding=\"async\" src=\"https:\/\/borgensgaard-consulting.dk\/wp-content\/uploads\/2019\/10\/Procesvalidering-1.jpg\" width=\"1105\" height=\"468\" srcset=\"https:\/\/borgensgaard-consulting.dk\/wp-content\/uploads\/2019\/10\/Procesvalidering-1.jpg 1105w, https:\/\/borgensgaard-consulting.dk\/wp-content\/uploads\/2019\/10\/Procesvalidering-1-300x127.jpg 300w, https:\/\/borgensgaard-consulting.dk\/wp-content\/uploads\/2019\/10\/Procesvalidering-1-768x325.jpg 768w, https:\/\/borgensgaard-consulting.dk\/wp-content\/uploads\/2019\/10\/Procesvalidering-1-1024x434.jpg 1024w\" sizes=\"(max-width: 1105px) 100vw, 1105px\" title=\"Procesvalidering\" alt=\"Procesvalidering\" \t\tclass=\"so-widget-image\"\/>\n\t<\/div>\n\n<\/div><\/div><\/div><\/div><div id=\"pg-776-1\"  class=\"panel-grid panel-no-style\" ><div id=\"pgc-776-1-0\"  class=\"panel-grid-cell\" ><div id=\"panel-776-1-0-0\" class=\"so-panel widget widget_sow-editor panel-first-child panel-last-child\" data-index=\"1\" ><div\n\t\t\t\n\t\t\tclass=\"so-widget-sow-editor so-widget-sow-editor-base\"\n\t\t\t\n\t\t>\n<div class=\"siteorigin-widget-tinymce textwidget\">\n\t<h2>Procesvalidering<\/h2>\n<p>Jeg har en solid erfaring med validering af processer i henhold til kravene i ISO 15378, ISO 13485, 21 CFR part 820, GMP (Good Manufacturing Practices) samt GHTF \u2013 Process Validation Guidance.<\/p>\n<p>Min erfaring d\u00e6kker alle trin i valideringsprocessen:<\/p>\n<p>DQ \u2013 Design Qualification<\/p>\n<p>IQ \u2013 Installation Qualification<\/p>\n<p>OQ \u2013 Operational Qualification<\/p>\n<p>PQ \u2013 Performance Qualification<\/p>\n<p>Efter mange \u00e5r indenfor plastindustrien med produktion af prim\u00e6r emballage til medicin, har jeg s\u00e6rlig stor erfaring med validering af spr\u00f8jte- og bl\u00e6sest\u00f8bning af plastemner (injection moulding, injection blow moulding &amp; blow moulding) samt fylde- og samleprocesser.<\/p>\n<p>I mit virke som konsulent, har jeg hjulpet sm\u00e5 som store virksomheder med at etablere eller optimere deres proces for validering af s\u00e5vel interne processer som processer lagt ud til underleverand\u00f8rer. Jeg har desuden gennemf\u00f8rt undervisning af medarbejdere i kvalitet, produktion og R&amp;D.<\/p>\n<p>For at kunne have en risikobaseret tilgang til procesvalidering, har jeg ligeledes hjulpet virksomheder med at lave <a href=\"https:\/\/borgensgaard-consulting.dk\/da\/risikostyring\/\">risikostyring<\/a> (risk management) af deres og deres underleverand\u00f8rers processer ved brug af FMEA (Failure Mode &amp; Effect Analysis).<\/p>\n<p>Jeg har desuden hjulpet kunder med at definere kravene til URS (User Requirements Specification) samt udarbejde procedure for <a href=\"https:\/\/borgensgaard-consulting.dk\/da\/services\/quality-management-goer-tingene-rigtigt\/validering-af-software\/\">software validering.<\/a><\/p>\n<p>&nbsp;<\/p>\n<p>Relevante links:<\/p>\n<p>21 CFR part 820:\u00a0<a href=\"https:\/\/www.accessdata.fda.gov\/scripts\/cdrh\/cfdocs\/cfcfr\/CFRSearch.cfm?fr=820.75\">https:\/\/www.accessdata.fda.gov\/scripts\/cdrh\/cfdocs\/cfcfr\/CFRSearch.cfm?fr=820.75<\/a><\/p>\n<p>GHTS \u2013 Process Validation Guidance:\u00a0<a href=\"http:\/\/www.imdrf.org\/docs\/ghtf\/final\/sg3\/technical-docs\/ghtf-sg3-n99-10-2004-qms-process-guidance-04010.pdf\">http:\/\/www.imdrf.org\/docs\/ghtf\/final\/sg3\/technical-docs\/ghtf-sg3-n99-10-2004-qms-process-guidance-04010.pdf<\/a><\/p>\n<p>Medical Device Regulation:\u00a0<a href=\"https:\/\/eur-lex.europa.eu\/legal-content\/EN\/TXT\/?uri=CELEX:02017R0745-20170505\">https:\/\/eur-lex.europa.eu\/legal-content\/EN\/TXT\/?uri=CELEX:02017R0745-20170505<\/a><\/p>\n<\/div>\n<\/div><\/div><\/div><\/div><\/div>","protected":false},"excerpt":{"rendered":"<p>Procesvalidering Jeg har en solid erfaring med validering af processer i henhold til kravene i ISO 15378, ISO 13485, 21 [&hellip;]<\/p>\n","protected":false},"author":1,"featured_media":0,"parent":654,"menu_order":0,"comment_status":"closed","ping_status":"closed","template":"","meta":{"_exactmetrics_skip_tracking":false,"_exactmetrics_sitenote_active":false,"_exactmetrics_sitenote_note":"","_exactmetrics_sitenote_category":0,"footnotes":""},"class_list":["post-776","page","type-page","status-publish","hentry"],"yoast_head":"<!-- This site is optimized with the Yoast SEO plugin v24.3 - https:\/\/yoast.com\/wordpress\/plugins\/seo\/ -->\n<title>Procesvalidering - Borgensgaard Consulting<\/title>\n<meta name=\"description\" content=\"Jeg har en solid erfaring med procesvalidering i henhold til kravene i ISO 15378, ISO 13485, 21 CFR part 820, GMP (Good Manufacturing Practices) samt GHTF \u2013 Process Validation Guidance.\" \/>\n<meta name=\"robots\" content=\"index, follow, max-snippet:-1, max-image-preview:large, max-video-preview:-1\" \/>\n<link rel=\"canonical\" href=\"https:\/\/borgensgaard-consulting.dk\/da\/services\/quality-management-goer-tingene-rigtigt\/procesvalidering\/\" \/>\n<meta property=\"og:locale\" content=\"da_DK\" \/>\n<meta property=\"og:type\" content=\"article\" \/>\n<meta property=\"og:title\" content=\"Procesvalidering - Borgensgaard Consulting\" \/>\n<meta property=\"og:description\" content=\"Jeg har en solid erfaring med procesvalidering i henhold til kravene i ISO 15378, ISO 13485, 21 CFR part 820, GMP (Good Manufacturing Practices) samt GHTF \u2013 Process Validation Guidance.\" \/>\n<meta property=\"og:url\" content=\"https:\/\/borgensgaard-consulting.dk\/da\/services\/quality-management-goer-tingene-rigtigt\/procesvalidering\/\" \/>\n<meta property=\"og:site_name\" content=\"Borgensgaard Consulting\" \/>\n<meta property=\"article:publisher\" content=\"https:\/\/www.facebook.com\/Borgensgaard-Consulting-110909730310836\/\" \/>\n<meta property=\"article:modified_time\" content=\"2019-10-27T22:06:32+00:00\" \/>\n<meta name=\"twitter:card\" content=\"summary_large_image\" \/>\n<meta name=\"twitter:label1\" content=\"Estimeret l\u00e6setid\" \/>\n\t<meta name=\"twitter:data1\" content=\"1 minut\" \/>\n<script type=\"application\/ld+json\" class=\"yoast-schema-graph\">{\"@context\":\"https:\/\/schema.org\",\"@graph\":[{\"@type\":\"WebPage\",\"@id\":\"https:\/\/borgensgaard-consulting.dk\/da\/services\/quality-management-goer-tingene-rigtigt\/procesvalidering\/\",\"url\":\"https:\/\/borgensgaard-consulting.dk\/da\/services\/quality-management-goer-tingene-rigtigt\/procesvalidering\/\",\"name\":\"Procesvalidering - Borgensgaard Consulting\",\"isPartOf\":{\"@id\":\"https:\/\/borgensgaard-consulting.dk\/#website\"},\"datePublished\":\"2019-10-08T20:26:01+00:00\",\"dateModified\":\"2019-10-27T22:06:32+00:00\",\"description\":\"Jeg har en solid erfaring med procesvalidering i henhold til kravene i ISO 15378, ISO 13485, 21 CFR part 820, GMP (Good Manufacturing Practices) samt GHTF \u2013 Process Validation Guidance.\",\"breadcrumb\":{\"@id\":\"https:\/\/borgensgaard-consulting.dk\/da\/services\/quality-management-goer-tingene-rigtigt\/procesvalidering\/#breadcrumb\"},\"inLanguage\":\"da-DK\",\"potentialAction\":[{\"@type\":\"ReadAction\",\"target\":[\"https:\/\/borgensgaard-consulting.dk\/da\/services\/quality-management-goer-tingene-rigtigt\/procesvalidering\/\"]}]},{\"@type\":\"BreadcrumbList\",\"@id\":\"https:\/\/borgensgaard-consulting.dk\/da\/services\/quality-management-goer-tingene-rigtigt\/procesvalidering\/#breadcrumb\",\"itemListElement\":[{\"@type\":\"ListItem\",\"position\":1,\"name\":\"Home\",\"item\":\"https:\/\/borgensgaard-consulting.dk\/da\/\"},{\"@type\":\"ListItem\",\"position\":2,\"name\":\"Services\",\"item\":\"https:\/\/borgensgaard-consulting.dk\/da\/services\/\"},{\"@type\":\"ListItem\",\"position\":3,\"name\":\"Quality Management \u2013 G\u00f8r tingene rigtigt\",\"item\":\"https:\/\/borgensgaard-consulting.dk\/da\/services\/quality-management-goer-tingene-rigtigt\/\"},{\"@type\":\"ListItem\",\"position\":4,\"name\":\"Procesvalidering\"}]},{\"@type\":\"WebSite\",\"@id\":\"https:\/\/borgensgaard-consulting.dk\/#website\",\"url\":\"https:\/\/borgensgaard-consulting.dk\/\",\"name\":\"Borgensgaard Consulting\",\"description\":\"Quality Leadership and Quality Management\",\"publisher\":{\"@id\":\"https:\/\/borgensgaard-consulting.dk\/#organization\"},\"potentialAction\":[{\"@type\":\"SearchAction\",\"target\":{\"@type\":\"EntryPoint\",\"urlTemplate\":\"https:\/\/borgensgaard-consulting.dk\/?s={search_term_string}\"},\"query-input\":{\"@type\":\"PropertyValueSpecification\",\"valueRequired\":true,\"valueName\":\"search_term_string\"}}],\"inLanguage\":\"da-DK\"},{\"@type\":\"Organization\",\"@id\":\"https:\/\/borgensgaard-consulting.dk\/#organization\",\"name\":\"Borgensgaard Consulting\",\"url\":\"https:\/\/borgensgaard-consulting.dk\/\",\"logo\":{\"@type\":\"ImageObject\",\"inLanguage\":\"da-DK\",\"@id\":\"https:\/\/borgensgaard-consulting.dk\/#\/schema\/logo\/image\/\",\"url\":\"https:\/\/borgensgaard-consulting.dk\/wp-content\/uploads\/2019\/10\/Borgensgaard.png\",\"contentUrl\":\"https:\/\/borgensgaard-consulting.dk\/wp-content\/uploads\/2019\/10\/Borgensgaard.png\",\"width\":500,\"height\":138,\"caption\":\"Borgensgaard Consulting\"},\"image\":{\"@id\":\"https:\/\/borgensgaard-consulting.dk\/#\/schema\/logo\/image\/\"},\"sameAs\":[\"https:\/\/www.facebook.com\/Borgensgaard-Consulting-110909730310836\/\"]}]}<\/script>\n<!-- \/ Yoast SEO plugin. -->","yoast_head_json":{"title":"Procesvalidering - Borgensgaard Consulting","description":"Jeg har en solid erfaring med procesvalidering i henhold til kravene i ISO 15378, ISO 13485, 21 CFR part 820, GMP (Good Manufacturing Practices) samt GHTF \u2013 Process Validation Guidance.","robots":{"index":"index","follow":"follow","max-snippet":"max-snippet:-1","max-image-preview":"max-image-preview:large","max-video-preview":"max-video-preview:-1"},"canonical":"https:\/\/borgensgaard-consulting.dk\/da\/services\/quality-management-goer-tingene-rigtigt\/procesvalidering\/","og_locale":"da_DK","og_type":"article","og_title":"Procesvalidering - Borgensgaard Consulting","og_description":"Jeg har en solid erfaring med procesvalidering i henhold til kravene i ISO 15378, ISO 13485, 21 CFR part 820, GMP (Good Manufacturing Practices) samt GHTF \u2013 Process Validation Guidance.","og_url":"https:\/\/borgensgaard-consulting.dk\/da\/services\/quality-management-goer-tingene-rigtigt\/procesvalidering\/","og_site_name":"Borgensgaard Consulting","article_publisher":"https:\/\/www.facebook.com\/Borgensgaard-Consulting-110909730310836\/","article_modified_time":"2019-10-27T22:06:32+00:00","twitter_card":"summary_large_image","twitter_misc":{"Estimeret l\u00e6setid":"1 minut"},"schema":{"@context":"https:\/\/schema.org","@graph":[{"@type":"WebPage","@id":"https:\/\/borgensgaard-consulting.dk\/da\/services\/quality-management-goer-tingene-rigtigt\/procesvalidering\/","url":"https:\/\/borgensgaard-consulting.dk\/da\/services\/quality-management-goer-tingene-rigtigt\/procesvalidering\/","name":"Procesvalidering - Borgensgaard Consulting","isPartOf":{"@id":"https:\/\/borgensgaard-consulting.dk\/#website"},"datePublished":"2019-10-08T20:26:01+00:00","dateModified":"2019-10-27T22:06:32+00:00","description":"Jeg har en solid erfaring med procesvalidering i henhold til kravene i ISO 15378, ISO 13485, 21 CFR part 820, GMP (Good Manufacturing Practices) samt GHTF \u2013 Process Validation Guidance.","breadcrumb":{"@id":"https:\/\/borgensgaard-consulting.dk\/da\/services\/quality-management-goer-tingene-rigtigt\/procesvalidering\/#breadcrumb"},"inLanguage":"da-DK","potentialAction":[{"@type":"ReadAction","target":["https:\/\/borgensgaard-consulting.dk\/da\/services\/quality-management-goer-tingene-rigtigt\/procesvalidering\/"]}]},{"@type":"BreadcrumbList","@id":"https:\/\/borgensgaard-consulting.dk\/da\/services\/quality-management-goer-tingene-rigtigt\/procesvalidering\/#breadcrumb","itemListElement":[{"@type":"ListItem","position":1,"name":"Home","item":"https:\/\/borgensgaard-consulting.dk\/da\/"},{"@type":"ListItem","position":2,"name":"Services","item":"https:\/\/borgensgaard-consulting.dk\/da\/services\/"},{"@type":"ListItem","position":3,"name":"Quality Management \u2013 G\u00f8r tingene rigtigt","item":"https:\/\/borgensgaard-consulting.dk\/da\/services\/quality-management-goer-tingene-rigtigt\/"},{"@type":"ListItem","position":4,"name":"Procesvalidering"}]},{"@type":"WebSite","@id":"https:\/\/borgensgaard-consulting.dk\/#website","url":"https:\/\/borgensgaard-consulting.dk\/","name":"Borgensgaard Consulting","description":"Quality Leadership and Quality Management","publisher":{"@id":"https:\/\/borgensgaard-consulting.dk\/#organization"},"potentialAction":[{"@type":"SearchAction","target":{"@type":"EntryPoint","urlTemplate":"https:\/\/borgensgaard-consulting.dk\/?s={search_term_string}"},"query-input":{"@type":"PropertyValueSpecification","valueRequired":true,"valueName":"search_term_string"}}],"inLanguage":"da-DK"},{"@type":"Organization","@id":"https:\/\/borgensgaard-consulting.dk\/#organization","name":"Borgensgaard Consulting","url":"https:\/\/borgensgaard-consulting.dk\/","logo":{"@type":"ImageObject","inLanguage":"da-DK","@id":"https:\/\/borgensgaard-consulting.dk\/#\/schema\/logo\/image\/","url":"https:\/\/borgensgaard-consulting.dk\/wp-content\/uploads\/2019\/10\/Borgensgaard.png","contentUrl":"https:\/\/borgensgaard-consulting.dk\/wp-content\/uploads\/2019\/10\/Borgensgaard.png","width":500,"height":138,"caption":"Borgensgaard Consulting"},"image":{"@id":"https:\/\/borgensgaard-consulting.dk\/#\/schema\/logo\/image\/"},"sameAs":["https:\/\/www.facebook.com\/Borgensgaard-Consulting-110909730310836\/"]}]}},"_links":{"self":[{"href":"https:\/\/borgensgaard-consulting.dk\/da\/wp-json\/wp\/v2\/pages\/776"}],"collection":[{"href":"https:\/\/borgensgaard-consulting.dk\/da\/wp-json\/wp\/v2\/pages"}],"about":[{"href":"https:\/\/borgensgaard-consulting.dk\/da\/wp-json\/wp\/v2\/types\/page"}],"author":[{"embeddable":true,"href":"https:\/\/borgensgaard-consulting.dk\/da\/wp-json\/wp\/v2\/users\/1"}],"replies":[{"embeddable":true,"href":"https:\/\/borgensgaard-consulting.dk\/da\/wp-json\/wp\/v2\/comments?post=776"}],"version-history":[{"count":18,"href":"https:\/\/borgensgaard-consulting.dk\/da\/wp-json\/wp\/v2\/pages\/776\/revisions"}],"predecessor-version":[{"id":1324,"href":"https:\/\/borgensgaard-consulting.dk\/da\/wp-json\/wp\/v2\/pages\/776\/revisions\/1324"}],"up":[{"embeddable":true,"href":"https:\/\/borgensgaard-consulting.dk\/da\/wp-json\/wp\/v2\/pages\/654"}],"wp:attachment":[{"href":"https:\/\/borgensgaard-consulting.dk\/da\/wp-json\/wp\/v2\/media?parent=776"}],"curies":[{"name":"wp","href":"https:\/\/api.w.org\/{rel}","templated":true}]}}