{"id":654,"date":"2019-10-05T23:02:28","date_gmt":"2019-10-05T21:02:28","guid":{"rendered":"https:\/\/borgensgaard-consulting.dk\/?page_id=654"},"modified":"2019-10-27T23:19:29","modified_gmt":"2019-10-27T22:19:29","slug":"quality-management-goer-tingene-rigtigt","status":"publish","type":"page","link":"https:\/\/borgensgaard-consulting.dk\/da\/services\/quality-management-goer-tingene-rigtigt\/","title":{"rendered":"Quality Management \u2013 G\u00f8r tingene rigtigt"},"content":{"rendered":"<div id=\"pl-654\"  class=\"panel-layout\" ><div id=\"pg-654-0\"  class=\"panel-grid panel-no-style\" ><div id=\"pgc-654-0-0\"  class=\"panel-grid-cell\" ><div id=\"panel-654-0-0-0\" class=\"so-panel widget widget_sow-image panel-first-child panel-last-child\" data-index=\"0\" ><div\n\t\t\t\n\t\t\tclass=\"so-widget-sow-image so-widget-sow-image-default-dbf295114b96-654\"\n\t\t\t\n\t\t>\n\n<div class=\"sow-image-container\">\n\t\t<img loading=\"lazy\" decoding=\"async\" src=\"https:\/\/borgensgaard-consulting.dk\/wp-content\/uploads\/2019\/10\/Quality_Management.jpg\" width=\"1105\" height=\"468\" srcset=\"https:\/\/borgensgaard-consulting.dk\/wp-content\/uploads\/2019\/10\/Quality_Management.jpg 1105w, https:\/\/borgensgaard-consulting.dk\/wp-content\/uploads\/2019\/10\/Quality_Management-300x127.jpg 300w, https:\/\/borgensgaard-consulting.dk\/wp-content\/uploads\/2019\/10\/Quality_Management-768x325.jpg 768w, https:\/\/borgensgaard-consulting.dk\/wp-content\/uploads\/2019\/10\/Quality_Management-1024x434.jpg 1024w\" sizes=\"(max-width: 1105px) 100vw, 1105px\" alt=\"kvalitetsstyring \" \t\tclass=\"so-widget-image\"\/>\n\t<\/div>\n\n<\/div><\/div><\/div><\/div><div id=\"pg-654-1\"  class=\"panel-grid panel-no-style\" ><div id=\"pgc-654-1-0\"  class=\"panel-grid-cell\" ><div id=\"panel-654-1-0-0\" class=\"so-panel widget widget_sow-editor panel-first-child panel-last-child\" data-index=\"1\" ><div\n\t\t\t\n\t\t\tclass=\"so-widget-sow-editor so-widget-sow-editor-base\"\n\t\t\t\n\t\t>\n<div class=\"siteorigin-widget-tinymce textwidget\">\n\t<h2>Quality Management \u2013 <strong>G\u00f8r tingene rigtigt<\/strong><\/h2>\n<p>Da kvalitetsstyring er meget reguleret i life science industrien, er det vigtigt at have en omfattende viden og erfaring inden for regulativer og standarder, kundekrav og almindelig praksis. N\u00e5r man forst\u00e5r fleksibiliteten i kravene, er det lettere at etablere et kvalitetsstyringssystem, der er i overensstemmelse med kravene og samtidig er effektivt og skaber v\u00e6rdi for organisationen.<\/p>\n<p>Mange kvalitetsstyringssystemer er defineret og implementeret uden at tage hensyn til den nyeste viden om <a href=\"https:\/\/borgensgaard-consulting.dk\/da\/services\/menneskelig-adfaerd\/\">menneskelig adf\u00e6rd<\/a>, hvorfor industrien stadig oplever for mange menneskelige fejl. Der er meget at vinde ved at \u00f8ge viden om menneskelig adf\u00e6rd i relevante dele af organisationen.<\/p>\n<h3>Mange \u00e5rs erfaring med kvalitetsstyring<\/h3>\n<p>Jeg har mange \u00e5rs global erfaring og har arbejdet med forskellige st\u00f8rrelser af organisationer indenfor life science industrien. Jeg kan hj\u00e6lpe dig og din organisation med mange forskellige omr\u00e5der indenfor kvalitetsstyring herunder:<\/p>\n<ul>\n<li><a href=\"https:\/\/borgensgaard-consulting.dk\/da\/services\/quality-management-goer-tingene-rigtigt\/kvalitetsstyring\/\">Kvalitetsstyringssystem<\/a><\/li>\n<li>Implementering af IT-l\u00f8sninger til kvalitetsstyring<\/li>\n<li>Kvalitetsaftaler og kontrakter med kunder, leverand\u00f8rer og partnere<\/li>\n<li>Tr\u00e6ning: Onboarding-programmer, GMP-tr\u00e6ning osv.<\/li>\n<li><a href=\"https:\/\/borgensgaard-consulting.dk\/da\/services\/quality-management-goer-tingene-rigtigt\/renrumsproduktion\/\">Renrumsproduktion<\/a><\/li>\n<li><a href=\"https:\/\/borgensgaard-consulting.dk\/da\/risikostyring\/\">Risikostyring<\/a><\/li>\n<li><a href=\"https:\/\/borgensgaard-consulting.dk\/da\/services\/quality-management-goer-tingene-rigtigt\/procesvalidering\/\">Procesvalidering<\/a><\/li>\n<li><a href=\"https:\/\/borgensgaard-consulting.dk\/da\/services\/quality-management-goer-tingene-rigtigt\/validering-af-software\/\">Validering af software<\/a><\/li>\n<li>Dataintegritet<\/li>\n<li>H\u00e5ndtering af afvigelser og korrigerende handlinger<\/li>\n<li><a href=\"https:\/\/borgensgaard-consulting.dk\/da\/services\/quality-management-goer-tingene-rigtigt\/systematisk-problemloesning\/\">Systematisk probleml\u00f8sning<\/a><\/li>\n<li><a href=\"https:\/\/borgensgaard-consulting.dk\/da\/services\/menneskelig-adfaerd\/\">Reduktion af menneskelige fejl<\/a><\/li>\n<li>Styring af \u00e6ndringer<\/li>\n<li>Kvalitetsstyring af leverand\u00f8rer<\/li>\n<li>Kvalitetskontrol<\/li>\n<\/ul>\n<p>Jeg har en meget procesorienteret og praktisk tilgang, og har let ved at l\u00e6re nye processer og teknologier.<\/p>\n<p>Du er velkommen til at kontakte mig for en uformel diskussion om dine udfordringer og h\u00f8re mere om, hvordan jeg kan hj\u00e6lpe dig og din organisation. Jeg vil altid basere min tilgang p\u00e5, hvor du er i din proces, dit regulatoriske landskab samt din organisations st\u00f8rrelse og kompleksitet.<\/p>\n<p><!-- \/wp:paragraph --><\/p>\n<\/div>\n<\/div><\/div><\/div><\/div><\/div>","protected":false},"excerpt":{"rendered":"<p>Quality Management \u2013 G\u00f8r tingene rigtigt Da kvalitetsstyring er meget reguleret i life science industrien, er det vigtigt at have [&hellip;]<\/p>\n","protected":false},"author":1,"featured_media":0,"parent":613,"menu_order":0,"comment_status":"closed","ping_status":"closed","template":"","meta":{"_exactmetrics_skip_tracking":false,"_exactmetrics_sitenote_active":false,"_exactmetrics_sitenote_note":"","_exactmetrics_sitenote_category":0,"footnotes":""},"class_list":["post-654","page","type-page","status-publish","hentry"],"yoast_head":"<!-- This site is optimized with the Yoast SEO plugin v24.3 - https:\/\/yoast.com\/wordpress\/plugins\/seo\/ -->\n<title>Quality Management \u2013 G\u00f8r tingene rigtigt - Borgensgaard Consulting<\/title>\n<meta name=\"description\" content=\"Kvalitetsstyring er meget reguleret i life science industrien, er det vigtigt at have en omfattende viden og erfaring inden for regulativer og standarder.\" \/>\n<meta name=\"robots\" content=\"index, follow, max-snippet:-1, max-image-preview:large, max-video-preview:-1\" \/>\n<link rel=\"canonical\" href=\"https:\/\/borgensgaard-consulting.dk\/da\/services\/quality-management-goer-tingene-rigtigt\/\" \/>\n<meta property=\"og:locale\" content=\"da_DK\" \/>\n<meta property=\"og:type\" content=\"article\" \/>\n<meta property=\"og:title\" content=\"Quality Management \u2013 G\u00f8r tingene rigtigt - Borgensgaard Consulting\" \/>\n<meta property=\"og:description\" content=\"Kvalitetsstyring er meget reguleret i life science industrien, er det vigtigt at have en omfattende viden og erfaring inden for regulativer og standarder.\" \/>\n<meta property=\"og:url\" content=\"https:\/\/borgensgaard-consulting.dk\/da\/services\/quality-management-goer-tingene-rigtigt\/\" \/>\n<meta property=\"og:site_name\" content=\"Borgensgaard Consulting\" \/>\n<meta property=\"article:publisher\" content=\"https:\/\/www.facebook.com\/Borgensgaard-Consulting-110909730310836\/\" \/>\n<meta property=\"article:modified_time\" content=\"2019-10-27T22:19:29+00:00\" \/>\n<meta name=\"twitter:card\" content=\"summary_large_image\" \/>\n<meta name=\"twitter:label1\" content=\"Estimeret l\u00e6setid\" \/>\n\t<meta name=\"twitter:data1\" content=\"1 minut\" \/>\n<script type=\"application\/ld+json\" class=\"yoast-schema-graph\">{\"@context\":\"https:\/\/schema.org\",\"@graph\":[{\"@type\":\"WebPage\",\"@id\":\"https:\/\/borgensgaard-consulting.dk\/da\/services\/quality-management-goer-tingene-rigtigt\/\",\"url\":\"https:\/\/borgensgaard-consulting.dk\/da\/services\/quality-management-goer-tingene-rigtigt\/\",\"name\":\"Quality Management \u2013 G\u00f8r tingene rigtigt - Borgensgaard Consulting\",\"isPartOf\":{\"@id\":\"https:\/\/borgensgaard-consulting.dk\/#website\"},\"datePublished\":\"2019-10-05T21:02:28+00:00\",\"dateModified\":\"2019-10-27T22:19:29+00:00\",\"description\":\"Kvalitetsstyring er meget reguleret i life science industrien, er det vigtigt at have en omfattende viden og erfaring inden for regulativer og standarder.\",\"breadcrumb\":{\"@id\":\"https:\/\/borgensgaard-consulting.dk\/da\/services\/quality-management-goer-tingene-rigtigt\/#breadcrumb\"},\"inLanguage\":\"da-DK\",\"potentialAction\":[{\"@type\":\"ReadAction\",\"target\":[\"https:\/\/borgensgaard-consulting.dk\/da\/services\/quality-management-goer-tingene-rigtigt\/\"]}]},{\"@type\":\"BreadcrumbList\",\"@id\":\"https:\/\/borgensgaard-consulting.dk\/da\/services\/quality-management-goer-tingene-rigtigt\/#breadcrumb\",\"itemListElement\":[{\"@type\":\"ListItem\",\"position\":1,\"name\":\"Home\",\"item\":\"https:\/\/borgensgaard-consulting.dk\/da\/\"},{\"@type\":\"ListItem\",\"position\":2,\"name\":\"Services\",\"item\":\"https:\/\/borgensgaard-consulting.dk\/da\/services\/\"},{\"@type\":\"ListItem\",\"position\":3,\"name\":\"Quality Management \u2013 G\u00f8r tingene rigtigt\"}]},{\"@type\":\"WebSite\",\"@id\":\"https:\/\/borgensgaard-consulting.dk\/#website\",\"url\":\"https:\/\/borgensgaard-consulting.dk\/\",\"name\":\"Borgensgaard Consulting\",\"description\":\"Quality Leadership and Quality Management\",\"publisher\":{\"@id\":\"https:\/\/borgensgaard-consulting.dk\/#organization\"},\"potentialAction\":[{\"@type\":\"SearchAction\",\"target\":{\"@type\":\"EntryPoint\",\"urlTemplate\":\"https:\/\/borgensgaard-consulting.dk\/?s={search_term_string}\"},\"query-input\":{\"@type\":\"PropertyValueSpecification\",\"valueRequired\":true,\"valueName\":\"search_term_string\"}}],\"inLanguage\":\"da-DK\"},{\"@type\":\"Organization\",\"@id\":\"https:\/\/borgensgaard-consulting.dk\/#organization\",\"name\":\"Borgensgaard Consulting\",\"url\":\"https:\/\/borgensgaard-consulting.dk\/\",\"logo\":{\"@type\":\"ImageObject\",\"inLanguage\":\"da-DK\",\"@id\":\"https:\/\/borgensgaard-consulting.dk\/#\/schema\/logo\/image\/\",\"url\":\"https:\/\/borgensgaard-consulting.dk\/wp-content\/uploads\/2019\/10\/Borgensgaard.png\",\"contentUrl\":\"https:\/\/borgensgaard-consulting.dk\/wp-content\/uploads\/2019\/10\/Borgensgaard.png\",\"width\":500,\"height\":138,\"caption\":\"Borgensgaard Consulting\"},\"image\":{\"@id\":\"https:\/\/borgensgaard-consulting.dk\/#\/schema\/logo\/image\/\"},\"sameAs\":[\"https:\/\/www.facebook.com\/Borgensgaard-Consulting-110909730310836\/\"]}]}<\/script>\n<!-- \/ Yoast SEO plugin. -->","yoast_head_json":{"title":"Quality Management \u2013 G\u00f8r tingene rigtigt - Borgensgaard Consulting","description":"Kvalitetsstyring er meget reguleret i life science industrien, er det vigtigt at have en omfattende viden og erfaring inden for regulativer og standarder.","robots":{"index":"index","follow":"follow","max-snippet":"max-snippet:-1","max-image-preview":"max-image-preview:large","max-video-preview":"max-video-preview:-1"},"canonical":"https:\/\/borgensgaard-consulting.dk\/da\/services\/quality-management-goer-tingene-rigtigt\/","og_locale":"da_DK","og_type":"article","og_title":"Quality Management \u2013 G\u00f8r tingene rigtigt - Borgensgaard Consulting","og_description":"Kvalitetsstyring er meget reguleret i life science industrien, er det vigtigt at have en omfattende viden og erfaring inden for regulativer og standarder.","og_url":"https:\/\/borgensgaard-consulting.dk\/da\/services\/quality-management-goer-tingene-rigtigt\/","og_site_name":"Borgensgaard Consulting","article_publisher":"https:\/\/www.facebook.com\/Borgensgaard-Consulting-110909730310836\/","article_modified_time":"2019-10-27T22:19:29+00:00","twitter_card":"summary_large_image","twitter_misc":{"Estimeret l\u00e6setid":"1 minut"},"schema":{"@context":"https:\/\/schema.org","@graph":[{"@type":"WebPage","@id":"https:\/\/borgensgaard-consulting.dk\/da\/services\/quality-management-goer-tingene-rigtigt\/","url":"https:\/\/borgensgaard-consulting.dk\/da\/services\/quality-management-goer-tingene-rigtigt\/","name":"Quality Management \u2013 G\u00f8r tingene rigtigt - Borgensgaard Consulting","isPartOf":{"@id":"https:\/\/borgensgaard-consulting.dk\/#website"},"datePublished":"2019-10-05T21:02:28+00:00","dateModified":"2019-10-27T22:19:29+00:00","description":"Kvalitetsstyring er meget reguleret i life science industrien, er det vigtigt at have en omfattende viden og erfaring inden for regulativer og standarder.","breadcrumb":{"@id":"https:\/\/borgensgaard-consulting.dk\/da\/services\/quality-management-goer-tingene-rigtigt\/#breadcrumb"},"inLanguage":"da-DK","potentialAction":[{"@type":"ReadAction","target":["https:\/\/borgensgaard-consulting.dk\/da\/services\/quality-management-goer-tingene-rigtigt\/"]}]},{"@type":"BreadcrumbList","@id":"https:\/\/borgensgaard-consulting.dk\/da\/services\/quality-management-goer-tingene-rigtigt\/#breadcrumb","itemListElement":[{"@type":"ListItem","position":1,"name":"Home","item":"https:\/\/borgensgaard-consulting.dk\/da\/"},{"@type":"ListItem","position":2,"name":"Services","item":"https:\/\/borgensgaard-consulting.dk\/da\/services\/"},{"@type":"ListItem","position":3,"name":"Quality Management \u2013 G\u00f8r tingene rigtigt"}]},{"@type":"WebSite","@id":"https:\/\/borgensgaard-consulting.dk\/#website","url":"https:\/\/borgensgaard-consulting.dk\/","name":"Borgensgaard Consulting","description":"Quality Leadership and Quality Management","publisher":{"@id":"https:\/\/borgensgaard-consulting.dk\/#organization"},"potentialAction":[{"@type":"SearchAction","target":{"@type":"EntryPoint","urlTemplate":"https:\/\/borgensgaard-consulting.dk\/?s={search_term_string}"},"query-input":{"@type":"PropertyValueSpecification","valueRequired":true,"valueName":"search_term_string"}}],"inLanguage":"da-DK"},{"@type":"Organization","@id":"https:\/\/borgensgaard-consulting.dk\/#organization","name":"Borgensgaard Consulting","url":"https:\/\/borgensgaard-consulting.dk\/","logo":{"@type":"ImageObject","inLanguage":"da-DK","@id":"https:\/\/borgensgaard-consulting.dk\/#\/schema\/logo\/image\/","url":"https:\/\/borgensgaard-consulting.dk\/wp-content\/uploads\/2019\/10\/Borgensgaard.png","contentUrl":"https:\/\/borgensgaard-consulting.dk\/wp-content\/uploads\/2019\/10\/Borgensgaard.png","width":500,"height":138,"caption":"Borgensgaard Consulting"},"image":{"@id":"https:\/\/borgensgaard-consulting.dk\/#\/schema\/logo\/image\/"},"sameAs":["https:\/\/www.facebook.com\/Borgensgaard-Consulting-110909730310836\/"]}]}},"_links":{"self":[{"href":"https:\/\/borgensgaard-consulting.dk\/da\/wp-json\/wp\/v2\/pages\/654"}],"collection":[{"href":"https:\/\/borgensgaard-consulting.dk\/da\/wp-json\/wp\/v2\/pages"}],"about":[{"href":"https:\/\/borgensgaard-consulting.dk\/da\/wp-json\/wp\/v2\/types\/page"}],"author":[{"embeddable":true,"href":"https:\/\/borgensgaard-consulting.dk\/da\/wp-json\/wp\/v2\/users\/1"}],"replies":[{"embeddable":true,"href":"https:\/\/borgensgaard-consulting.dk\/da\/wp-json\/wp\/v2\/comments?post=654"}],"version-history":[{"count":28,"href":"https:\/\/borgensgaard-consulting.dk\/da\/wp-json\/wp\/v2\/pages\/654\/revisions"}],"predecessor-version":[{"id":1336,"href":"https:\/\/borgensgaard-consulting.dk\/da\/wp-json\/wp\/v2\/pages\/654\/revisions\/1336"}],"up":[{"embeddable":true,"href":"https:\/\/borgensgaard-consulting.dk\/da\/wp-json\/wp\/v2\/pages\/613"}],"wp:attachment":[{"href":"https:\/\/borgensgaard-consulting.dk\/da\/wp-json\/wp\/v2\/media?parent=654"}],"curies":[{"name":"wp","href":"https:\/\/api.w.org\/{rel}","templated":true}]}}