{"id":641,"date":"2019-10-05T22:43:32","date_gmt":"2019-10-05T20:43:32","guid":{"rendered":"https:\/\/borgensgaard-consulting.dk\/?page_id=641"},"modified":"2020-04-02T10:59:52","modified_gmt":"2020-04-02T08:59:52","slug":"quality-leadership-goer-de-rigtige-ting","status":"publish","type":"page","link":"https:\/\/borgensgaard-consulting.dk\/da\/services\/quality-leadership-goer-de-rigtige-ting\/","title":{"rendered":"Quality Leadership \u2013 G\u00f8r de rigtige ting"},"content":{"rendered":"<div id=\"pl-641\"  class=\"panel-layout\" ><div id=\"pg-641-0\"  class=\"panel-grid panel-no-style\" ><div id=\"pgc-641-0-0\"  class=\"panel-grid-cell\" ><div id=\"panel-641-0-0-0\" class=\"so-panel widget widget_sow-image panel-first-child panel-last-child\" data-index=\"0\" ><div\n\t\t\t\n\t\t\tclass=\"so-widget-sow-image so-widget-sow-image-default-dbf295114b96-641\"\n\t\t\t\n\t\t>\n\n<div class=\"sow-image-container\">\n\t\t<img loading=\"lazy\" decoding=\"async\" src=\"https:\/\/borgensgaard-consulting.dk\/wp-content\/uploads\/2019\/10\/quality-leadership.jpg\" width=\"1105\" height=\"468\" srcset=\"https:\/\/borgensgaard-consulting.dk\/wp-content\/uploads\/2019\/10\/quality-leadership.jpg 1105w, https:\/\/borgensgaard-consulting.dk\/wp-content\/uploads\/2019\/10\/quality-leadership-300x127.jpg 300w, https:\/\/borgensgaard-consulting.dk\/wp-content\/uploads\/2019\/10\/quality-leadership-768x325.jpg 768w, https:\/\/borgensgaard-consulting.dk\/wp-content\/uploads\/2019\/10\/quality-leadership-1024x434.jpg 1024w\" sizes=\"(max-width: 1105px) 100vw, 1105px\" title=\"quality leadership\" alt=\"Quality Leadership\" \t\tclass=\"so-widget-image\"\/>\n\t<\/div>\n\n<\/div><\/div><\/div><\/div><div id=\"pg-641-1\"  class=\"panel-grid panel-no-style\" ><div id=\"pgc-641-1-0\"  class=\"panel-grid-cell\" ><div id=\"panel-641-1-0-0\" class=\"so-panel widget widget_sow-editor panel-first-child panel-last-child\" data-index=\"1\" ><div\n\t\t\t\n\t\t\tclass=\"so-widget-sow-editor so-widget-sow-editor-base\"\n\t\t\t\n\t\t>\n<div class=\"siteorigin-widget-tinymce textwidget\">\n\t<h2>Quality Leadership \u2013 <strong>G\u00f8r de rigtige ting <\/strong><!-- wp:paragraph --><\/h2>\n<p>Quality Leadership er en foruds\u00e6tning for implementering af et effektivt kvalitetsstyringssystem. Hvordan ledere strukturerer, prioriterer og leder en organisation, har stor indflydelse p\u00e5 kvalitetsperformance i virksomheden.<\/p>\n<p>En klar kvalitetsvision og strategi sikrer fokus p\u00e5 de rigtige ting og danner grundlag for en god prioriterings- og beslutningsproces.<\/p>\n<p>Det er ikke kun vigtigt at have en st\u00e6rk kvalitetsvision og -strategi, men ogs\u00e5 at overf\u00f8re disse til forventet adf\u00e6rd klart defineret i en kvalitetskultur. Den seneste videnskab om <a href=\"https:\/\/borgensgaard-consulting.dk\/da\/services\/menneskelig-adfaerd\/\">menneskelig adf\u00e6rd<\/a> understreger vigtigheden af \u200b\u200bat g\u00f8re tingene meget konkrete for at n\u00e5 m\u00e5lene.<\/p>\n<p>Jeg har omfattende og global erfaring indenfor Quality Leadership og har arbejdet med forskellige st\u00f8rrelser af organisationer. Jeg kan bl.a. hj\u00e6lpe dig og din organisation med formulering og optimering af:<\/p>\n<ul>\n<li>Kvalitetsvision<\/li>\n<li>Kvalitetsstrategi<\/li>\n<li>Kvalitets KPI'er<\/li>\n<li>Kvalitetskultur<\/li>\n<li>Kvalitetsrapportering og kommunikation<\/li>\n<li>Ledelsens evaluering<\/li>\n<li>Forbedring af kvalitetsperformance<\/li>\n<li><a href=\"https:\/\/borgensgaard-consulting.dk\/da\/services\/quality-leadership-goer-de-rigtige-ting\/reduktion-af-kvalitetsomkostninger\/\">Reduktion af kvalitetsomkostninger<\/a><\/li>\n<li>Forbedring af kundetilfredshed<\/li>\n<li>Vidensdeling i virksomheden<\/li>\n<\/ul>\n<p>Det er vigtigt, at ledere f\u00e5r den n\u00f8dvendige st\u00f8tte til at udvikle sig, da man leder andre ud fra hvor man er i sin egen personlige udvikling. Rejsen til godt lederskab starter ved, at man ser ind i sig selv og vokse indefra og ud. Som coach kan jeg st\u00f8tte denne proces ved at hj\u00e6lpe med at skabe mere klarhed og introducere dig \/ dine ledere til forskellige v\u00e6rkt\u00f8jer.<\/p>\n<p>Du er mere end velkommen til at kontakte mig for en uformel diskussion om dine udfordringer og h\u00f8re mere om, hvordan jeg kan hj\u00e6lpe dig, dit team og \/ eller din organisation. Jeg vil altid basere min tilgang p\u00e5, hvor du er i din proces og tage jeres organisations st\u00f8rrelse og kompleksitet i betragtning.<\/p>\n<p><!-- \/wp:paragraph --><\/p>\n<\/div>\n<\/div><\/div><\/div><\/div><\/div>","protected":false},"excerpt":{"rendered":"<p>Quality Leadership \u2013 G\u00f8r de rigtige ting Quality Leadership er en foruds\u00e6tning for implementering af et effektivt kvalitetsstyringssystem. Hvordan ledere [&hellip;]<\/p>\n","protected":false},"author":1,"featured_media":0,"parent":613,"menu_order":0,"comment_status":"closed","ping_status":"closed","template":"","meta":{"_exactmetrics_skip_tracking":false,"_exactmetrics_sitenote_active":false,"_exactmetrics_sitenote_note":"","_exactmetrics_sitenote_category":0,"footnotes":""},"class_list":["post-641","page","type-page","status-publish","hentry"],"yoast_head":"<!-- This site is optimized with the Yoast SEO plugin v24.3 - https:\/\/yoast.com\/wordpress\/plugins\/seo\/ -->\n<title>Quality Leadership \u2013 G\u00f8r de rigtige ting - Borgensgaard Consulting<\/title>\n<meta name=\"description\" content=\"Quality Leadership er en foruds\u00e6tning for implementering af et effektivt kvalitetsstyringssystem. Hvordan ledere strukturerer, prioriterer og leder en organisation, har stor indflydelse p\u00e5 kvalitetsperformance i virksomheden.\" \/>\n<meta name=\"robots\" content=\"index, follow, max-snippet:-1, max-image-preview:large, max-video-preview:-1\" \/>\n<link rel=\"canonical\" href=\"https:\/\/borgensgaard-consulting.dk\/da\/services\/quality-leadership-goer-de-rigtige-ting\/\" \/>\n<meta property=\"og:locale\" content=\"da_DK\" \/>\n<meta property=\"og:type\" content=\"article\" \/>\n<meta property=\"og:title\" content=\"Quality Leadership \u2013 G\u00f8r de rigtige ting - Borgensgaard Consulting\" \/>\n<meta property=\"og:description\" content=\"Quality Leadership er en foruds\u00e6tning for implementering af et effektivt kvalitetsstyringssystem. Hvordan ledere strukturerer, prioriterer og leder en organisation, har stor indflydelse p\u00e5 kvalitetsperformance i virksomheden.\" \/>\n<meta property=\"og:url\" content=\"https:\/\/borgensgaard-consulting.dk\/da\/services\/quality-leadership-goer-de-rigtige-ting\/\" \/>\n<meta property=\"og:site_name\" content=\"Borgensgaard Consulting\" \/>\n<meta property=\"article:publisher\" content=\"https:\/\/www.facebook.com\/Borgensgaard-Consulting-110909730310836\/\" \/>\n<meta property=\"article:modified_time\" content=\"2020-04-02T08:59:52+00:00\" \/>\n<meta name=\"twitter:card\" content=\"summary_large_image\" \/>\n<meta name=\"twitter:label1\" content=\"Estimeret l\u00e6setid\" \/>\n\t<meta name=\"twitter:data1\" content=\"1 minut\" \/>\n<script type=\"application\/ld+json\" class=\"yoast-schema-graph\">{\"@context\":\"https:\/\/schema.org\",\"@graph\":[{\"@type\":\"WebPage\",\"@id\":\"https:\/\/borgensgaard-consulting.dk\/da\/services\/quality-leadership-goer-de-rigtige-ting\/\",\"url\":\"https:\/\/borgensgaard-consulting.dk\/da\/services\/quality-leadership-goer-de-rigtige-ting\/\",\"name\":\"Quality Leadership \u2013 G\u00f8r de rigtige ting - Borgensgaard Consulting\",\"isPartOf\":{\"@id\":\"https:\/\/borgensgaard-consulting.dk\/#website\"},\"datePublished\":\"2019-10-05T20:43:32+00:00\",\"dateModified\":\"2020-04-02T08:59:52+00:00\",\"description\":\"Quality Leadership er en foruds\u00e6tning for implementering af et effektivt kvalitetsstyringssystem. Hvordan ledere strukturerer, prioriterer og leder en organisation, har stor indflydelse p\u00e5 kvalitetsperformance i virksomheden.\",\"breadcrumb\":{\"@id\":\"https:\/\/borgensgaard-consulting.dk\/da\/services\/quality-leadership-goer-de-rigtige-ting\/#breadcrumb\"},\"inLanguage\":\"da-DK\",\"potentialAction\":[{\"@type\":\"ReadAction\",\"target\":[\"https:\/\/borgensgaard-consulting.dk\/da\/services\/quality-leadership-goer-de-rigtige-ting\/\"]}]},{\"@type\":\"BreadcrumbList\",\"@id\":\"https:\/\/borgensgaard-consulting.dk\/da\/services\/quality-leadership-goer-de-rigtige-ting\/#breadcrumb\",\"itemListElement\":[{\"@type\":\"ListItem\",\"position\":1,\"name\":\"Home\",\"item\":\"https:\/\/borgensgaard-consulting.dk\/da\/\"},{\"@type\":\"ListItem\",\"position\":2,\"name\":\"Services\",\"item\":\"https:\/\/borgensgaard-consulting.dk\/da\/services\/\"},{\"@type\":\"ListItem\",\"position\":3,\"name\":\"Quality Leadership \u2013 G\u00f8r de rigtige ting\"}]},{\"@type\":\"WebSite\",\"@id\":\"https:\/\/borgensgaard-consulting.dk\/#website\",\"url\":\"https:\/\/borgensgaard-consulting.dk\/\",\"name\":\"Borgensgaard Consulting\",\"description\":\"Quality Leadership and Quality Management\",\"publisher\":{\"@id\":\"https:\/\/borgensgaard-consulting.dk\/#organization\"},\"potentialAction\":[{\"@type\":\"SearchAction\",\"target\":{\"@type\":\"EntryPoint\",\"urlTemplate\":\"https:\/\/borgensgaard-consulting.dk\/?s={search_term_string}\"},\"query-input\":{\"@type\":\"PropertyValueSpecification\",\"valueRequired\":true,\"valueName\":\"search_term_string\"}}],\"inLanguage\":\"da-DK\"},{\"@type\":\"Organization\",\"@id\":\"https:\/\/borgensgaard-consulting.dk\/#organization\",\"name\":\"Borgensgaard Consulting\",\"url\":\"https:\/\/borgensgaard-consulting.dk\/\",\"logo\":{\"@type\":\"ImageObject\",\"inLanguage\":\"da-DK\",\"@id\":\"https:\/\/borgensgaard-consulting.dk\/#\/schema\/logo\/image\/\",\"url\":\"https:\/\/borgensgaard-consulting.dk\/wp-content\/uploads\/2019\/10\/Borgensgaard.png\",\"contentUrl\":\"https:\/\/borgensgaard-consulting.dk\/wp-content\/uploads\/2019\/10\/Borgensgaard.png\",\"width\":500,\"height\":138,\"caption\":\"Borgensgaard Consulting\"},\"image\":{\"@id\":\"https:\/\/borgensgaard-consulting.dk\/#\/schema\/logo\/image\/\"},\"sameAs\":[\"https:\/\/www.facebook.com\/Borgensgaard-Consulting-110909730310836\/\"]}]}<\/script>\n<!-- \/ Yoast SEO plugin. -->","yoast_head_json":{"title":"Quality Leadership \u2013 G\u00f8r de rigtige ting - Borgensgaard Consulting","description":"Quality Leadership er en foruds\u00e6tning for implementering af et effektivt kvalitetsstyringssystem. Hvordan ledere strukturerer, prioriterer og leder en organisation, har stor indflydelse p\u00e5 kvalitetsperformance i virksomheden.","robots":{"index":"index","follow":"follow","max-snippet":"max-snippet:-1","max-image-preview":"max-image-preview:large","max-video-preview":"max-video-preview:-1"},"canonical":"https:\/\/borgensgaard-consulting.dk\/da\/services\/quality-leadership-goer-de-rigtige-ting\/","og_locale":"da_DK","og_type":"article","og_title":"Quality Leadership \u2013 G\u00f8r de rigtige ting - Borgensgaard Consulting","og_description":"Quality Leadership er en foruds\u00e6tning for implementering af et effektivt kvalitetsstyringssystem. Hvordan ledere strukturerer, prioriterer og leder en organisation, har stor indflydelse p\u00e5 kvalitetsperformance i virksomheden.","og_url":"https:\/\/borgensgaard-consulting.dk\/da\/services\/quality-leadership-goer-de-rigtige-ting\/","og_site_name":"Borgensgaard Consulting","article_publisher":"https:\/\/www.facebook.com\/Borgensgaard-Consulting-110909730310836\/","article_modified_time":"2020-04-02T08:59:52+00:00","twitter_card":"summary_large_image","twitter_misc":{"Estimeret l\u00e6setid":"1 minut"},"schema":{"@context":"https:\/\/schema.org","@graph":[{"@type":"WebPage","@id":"https:\/\/borgensgaard-consulting.dk\/da\/services\/quality-leadership-goer-de-rigtige-ting\/","url":"https:\/\/borgensgaard-consulting.dk\/da\/services\/quality-leadership-goer-de-rigtige-ting\/","name":"Quality Leadership \u2013 G\u00f8r de rigtige ting - Borgensgaard Consulting","isPartOf":{"@id":"https:\/\/borgensgaard-consulting.dk\/#website"},"datePublished":"2019-10-05T20:43:32+00:00","dateModified":"2020-04-02T08:59:52+00:00","description":"Quality Leadership er en foruds\u00e6tning for implementering af et effektivt kvalitetsstyringssystem. Hvordan ledere strukturerer, prioriterer og leder en organisation, har stor indflydelse p\u00e5 kvalitetsperformance i virksomheden.","breadcrumb":{"@id":"https:\/\/borgensgaard-consulting.dk\/da\/services\/quality-leadership-goer-de-rigtige-ting\/#breadcrumb"},"inLanguage":"da-DK","potentialAction":[{"@type":"ReadAction","target":["https:\/\/borgensgaard-consulting.dk\/da\/services\/quality-leadership-goer-de-rigtige-ting\/"]}]},{"@type":"BreadcrumbList","@id":"https:\/\/borgensgaard-consulting.dk\/da\/services\/quality-leadership-goer-de-rigtige-ting\/#breadcrumb","itemListElement":[{"@type":"ListItem","position":1,"name":"Home","item":"https:\/\/borgensgaard-consulting.dk\/da\/"},{"@type":"ListItem","position":2,"name":"Services","item":"https:\/\/borgensgaard-consulting.dk\/da\/services\/"},{"@type":"ListItem","position":3,"name":"Quality Leadership \u2013 G\u00f8r de rigtige ting"}]},{"@type":"WebSite","@id":"https:\/\/borgensgaard-consulting.dk\/#website","url":"https:\/\/borgensgaard-consulting.dk\/","name":"Borgensgaard Consulting","description":"Quality Leadership and Quality Management","publisher":{"@id":"https:\/\/borgensgaard-consulting.dk\/#organization"},"potentialAction":[{"@type":"SearchAction","target":{"@type":"EntryPoint","urlTemplate":"https:\/\/borgensgaard-consulting.dk\/?s={search_term_string}"},"query-input":{"@type":"PropertyValueSpecification","valueRequired":true,"valueName":"search_term_string"}}],"inLanguage":"da-DK"},{"@type":"Organization","@id":"https:\/\/borgensgaard-consulting.dk\/#organization","name":"Borgensgaard Consulting","url":"https:\/\/borgensgaard-consulting.dk\/","logo":{"@type":"ImageObject","inLanguage":"da-DK","@id":"https:\/\/borgensgaard-consulting.dk\/#\/schema\/logo\/image\/","url":"https:\/\/borgensgaard-consulting.dk\/wp-content\/uploads\/2019\/10\/Borgensgaard.png","contentUrl":"https:\/\/borgensgaard-consulting.dk\/wp-content\/uploads\/2019\/10\/Borgensgaard.png","width":500,"height":138,"caption":"Borgensgaard Consulting"},"image":{"@id":"https:\/\/borgensgaard-consulting.dk\/#\/schema\/logo\/image\/"},"sameAs":["https:\/\/www.facebook.com\/Borgensgaard-Consulting-110909730310836\/"]}]}},"_links":{"self":[{"href":"https:\/\/borgensgaard-consulting.dk\/da\/wp-json\/wp\/v2\/pages\/641"}],"collection":[{"href":"https:\/\/borgensgaard-consulting.dk\/da\/wp-json\/wp\/v2\/pages"}],"about":[{"href":"https:\/\/borgensgaard-consulting.dk\/da\/wp-json\/wp\/v2\/types\/page"}],"author":[{"embeddable":true,"href":"https:\/\/borgensgaard-consulting.dk\/da\/wp-json\/wp\/v2\/users\/1"}],"replies":[{"embeddable":true,"href":"https:\/\/borgensgaard-consulting.dk\/da\/wp-json\/wp\/v2\/comments?post=641"}],"version-history":[{"count":19,"href":"https:\/\/borgensgaard-consulting.dk\/da\/wp-json\/wp\/v2\/pages\/641\/revisions"}],"predecessor-version":[{"id":1430,"href":"https:\/\/borgensgaard-consulting.dk\/da\/wp-json\/wp\/v2\/pages\/641\/revisions\/1430"}],"up":[{"embeddable":true,"href":"https:\/\/borgensgaard-consulting.dk\/da\/wp-json\/wp\/v2\/pages\/613"}],"wp:attachment":[{"href":"https:\/\/borgensgaard-consulting.dk\/da\/wp-json\/wp\/v2\/media?parent=641"}],"curies":[{"name":"wp","href":"https:\/\/api.w.org\/{rel}","templated":true}]}}