{"id":631,"date":"2019-10-05T22:39:25","date_gmt":"2019-10-05T20:39:25","guid":{"rendered":"https:\/\/borgensgaard-consulting.dk\/?page_id=631"},"modified":"2019-10-27T23:12:29","modified_gmt":"2019-10-27T22:12:29","slug":"menneskelig-adfaerd","status":"publish","type":"page","link":"https:\/\/borgensgaard-consulting.dk\/da\/services\/menneskelig-adfaerd\/","title":{"rendered":"Menneskelig adf\u00e6rd"},"content":{"rendered":"<div id=\"pl-631\"  class=\"panel-layout\" ><div id=\"pg-631-0\"  class=\"panel-grid panel-no-style\" ><div id=\"pgc-631-0-0\"  class=\"panel-grid-cell\" ><div id=\"panel-631-0-0-0\" class=\"so-panel widget widget_sow-image panel-first-child panel-last-child\" data-index=\"0\" ><div\n\t\t\t\n\t\t\tclass=\"so-widget-sow-image so-widget-sow-image-default-dbf295114b96-631\"\n\t\t\t\n\t\t>\n\n<div class=\"sow-image-container\">\n\t\t<img loading=\"lazy\" decoding=\"async\" src=\"https:\/\/borgensgaard-consulting.dk\/wp-content\/uploads\/2019\/10\/menneskelig-adfaerd.jpg\" width=\"1105\" height=\"468\" srcset=\"https:\/\/borgensgaard-consulting.dk\/wp-content\/uploads\/2019\/10\/menneskelig-adfaerd.jpg 1105w, https:\/\/borgensgaard-consulting.dk\/wp-content\/uploads\/2019\/10\/menneskelig-adfaerd-300x127.jpg 300w, https:\/\/borgensgaard-consulting.dk\/wp-content\/uploads\/2019\/10\/menneskelig-adfaerd-768x325.jpg 768w, https:\/\/borgensgaard-consulting.dk\/wp-content\/uploads\/2019\/10\/menneskelig-adfaerd-1024x434.jpg 1024w\" sizes=\"(max-width: 1105px) 100vw, 1105px\" title=\"menneskelig adfaerd\" alt=\"Menneskelig adf\u00e6rd\" \t\tclass=\"so-widget-image\"\/>\n\t<\/div>\n\n<\/div><\/div><\/div><\/div><div id=\"pg-631-1\"  class=\"panel-grid panel-no-style\" ><div id=\"pgc-631-1-0\"  class=\"panel-grid-cell\" ><div id=\"panel-631-1-0-0\" class=\"so-panel widget widget_sow-editor panel-first-child panel-last-child\" data-index=\"1\" ><div\n\t\t\t\n\t\t\tclass=\"so-widget-sow-editor so-widget-sow-editor-base\"\n\t\t\t\n\t\t>\n<div class=\"siteorigin-widget-tinymce textwidget\">\n\t<h2>Menneskelig Adf\u00e6rd<\/h2>\n<p>For nogle \u00e5r siden stillede en af \u200b\u200bmine medarbejdere, en meget kompetent kvalitetschef, mig et rigtig godt sp\u00f8rgsm\u00e5l, som jeg dengang ikke kunne give ham et godt svar p\u00e5:<\/p>\n<blockquote>\n<p>\u201dHvis vi har gode og klare procedurer, gode tr\u00e6ningsprogrammer og engagerede medarbejdere - hvorfor ser vi stadig for mange menneskelige fejl, og hvad kan vi g\u00f8re for at reducere eller eliminere dem?\u201d<\/p>\n<\/blockquote>\n<p>Menneskelig fejl opst\u00e5r ofte, selv n\u00e5r organisationen mener, at de har gjort alt for at undg\u00e5 disse fejl. Dokumentation er korrekt, medarbejdere er godt uddannet og tr\u00e6net, og udstyr fungerer som det skal; men alligevel ses der fejl.<\/p>\n<p>Det ubesvarede sp\u00f8rgsm\u00e5l startede min rejse i at l\u00e6re meget mere om den menneskelige natur og adf\u00e6rd og introducerede mig til videnskaben om adf\u00e6rds\u00f8konomi og to meget vigtige herrer:<\/p>\n<ul>\n<li>Psykolog <a href=\"https:\/\/da.wikipedia.org\/wiki\/Daniel_Kahneman\">Daniel Kahneman<\/a>, der i 2002 blev tildelt den \u00f8konomiske nobelprisen for at have integreret indsigt fra psykologisk forskning vedr\u00f8rende menneskers d\u00f8mmekraft og beslutningstagning.<\/li>\n<li>\u00d8konom <a href=\"https:\/\/da.wikipedia.org\/wiki\/Richard_Thaler\">Richard Thaler<\/a>, der i 2017 blev tildelt den \u00f8konomiske nobelprisen for hans bidrag til adf\u00e6rds\u00f8konomi og sit banebrydende arbejde med at konstatere, at mennesker er forudsigeligt irrationelle p\u00e5 m\u00e5der, der trodser \u00f8konomisk teori.<\/li>\n<\/ul>\n<p>Daniel Kahneman og Richard Thaler er pionerer bag at se mennesker som \"rigtige\" mennesker og ikke som \u00f8koner (homo Economicus), som tager rationelle beslutninger baseret p\u00e5 gode evalueringer og forudsigelser, og ikke har nogen problemer med selvkontrol.<\/p>\n<p>Daniel Kahneman har introduceret to systemer for t\u00e6nkning:<\/p>\n<p>System 1 - t\u00e6nkning er hurtig, automatisk, ubevidst og kr\u00e6ver ikke en stor indsats<\/p>\n<p>System 2 - t\u00e6nkning er langsom, bevidst og kr\u00e6ver en stor indsats<\/p>\n<p style=\"text-align: left;\"><img loading=\"lazy\" decoding=\"async\" class=\"wp-image-232 alignleft\" src=\"http:\/\/borgensgaard-consulting.dk\/wp-content\/uploads\/2019\/07\/Billede3.png\" alt=\"\" width=\"417\" height=\"299\" srcset=\"https:\/\/borgensgaard-consulting.dk\/wp-content\/uploads\/2019\/07\/Billede3.png 373w, https:\/\/borgensgaard-consulting.dk\/wp-content\/uploads\/2019\/07\/Billede3-300x215.png 300w\" sizes=\"(max-width: 417px) 100vw, 417px\" \/>Det er popul\u00e6rt at t\u00e6nke p\u00e5 System 1 som Homer Simpson og System 2 som Homer Sapiens.<\/p>\n<p>Vi har en tendens til at se os selv som Homer Sapiens, men vores hjerne er ikke bygget til at tage rationelle beslutninger hele dagen, da det ville kr\u00e6ve en masse energi og ressourcer.<\/p>\n<p>I virkeligheden fungerer vi det meste af tiden som Homer Simpson, der tager beslutninger, som er p\u00e5virket af \u201dkognitive bias\u201d.<\/p>\n<p>Kognitive bias er n\u00e5r vi i vores vurdering systematisk afviger fra norm eller rationalitet. En typisk bias er \"bandwagon-bias\", som er tendensen til at g\u00f8re eller tro p\u00e5 noget, fordi mange andre g\u00f8r eller tror det samme.<\/p>\n<p>Du kan se et sjovt gammelt eksperiment p\u00e5 YouTube - <a href=\"https:\/\/www.youtube.com\/watch?v=qA-gbpt7Ts8\">Asch Conformity Experiment<\/a><\/p>\n<p>En anden vigtig bias er standardeffekt, hvor der er en tendens til at favorisere standard fremfor alternativer. Et typisk eksempel er, at Danmark lider af organdonation, da standard er, ikke at give organer, og du skal g\u00f8re en aktiv registrering for at donere dine organer. I Norge og Sverige er det anderledes, da du automatisk donerer dine organer og er n\u00f8dt til at g\u00f8re en aktiv registrering, hvis du ikke \u00f8nsker at g\u00f8re det.<\/p>\n<p>Der er lange lister med kognitive bias som vedr\u00f8rer beslutningstagning, overbevisninger, adf\u00e6rd, sociale bias samt huskommelsesfejl.<\/p>\n<h3><strong>Hvad har alt<\/strong> dette<strong> at g\u00f8re med kvalitetsledelse og kvalitetsstyring?<\/strong><\/h3>\n<p>Faktisk er nogle aspekter af menneskelig adf\u00e6rd allerede indarbejdet i GMP (Good Manufacturing Practise). Et eksempel er, at produkter skal kontrolleres og frigives af en uafh\u00e6ngig kvalitetsenhed<\/p>\n<p>Daniel Kahnemans forskning har vist, at mennesker lider af tabs-aversion, da tab er mere f\u00f8lelsesladet smertefuldt end gl\u00e6den ved at vinde. Det betyder, at vi har en tendens til at foretage irrationelle evalueringer og tage irrationelle beslutninger for at undg\u00e5 et potentielt tab. Jeg har i l\u00f8bet af min karriere haft adskillige diskussioner med produktionsledere, som fors\u00f8gte at \u201dredde\u201d fejlbeh\u00e6ftede produkter ved sortering, selv om det ville koste mere at sortere end at producere nye produkter og med en foresat risiko for fejlbeh\u00e6ftede produkter i batchen. I de givne situationer, var det lettere for mig at v\u00e6re rationel i evaluerings- og beslutningsprocessen, da jeg ikke i samme grad som produktionslederne blev p\u00e5virket af tabsaversion.<\/p>\n<p>Selvom GMP har elementer af menneskelig adf\u00e6rd integreret i kravene, tror jeg, at vi har en tendens til at designe systemer, processer, procedurer, information og tr\u00e6ning med udgangspunkt i det rationelle menneske, som ikke underst\u00f8tter vores egentlige natur.<\/p>\n<p>Jeg tror p\u00e5, at ved at \u00f8ge viden om menneskelig adf\u00e6rd i organisationen, kan vi styrke ledelse og kvalitetsstyring p\u00e5 flere omr\u00e5der - nogle af disse kunne v\u00e6re:<\/p>\n<ul>\n<li>Kommunikation<\/li>\n<li>Planl\u00e6gning<\/li>\n<li>Beslutningstagning<\/li>\n<li>Procedurer<\/li>\n<li>Uddannelsesprogrammer<\/li>\n<li>Afvigelser og CAPA'er<\/li>\n<li>Systematisk probleml\u00f8sning<\/li>\n<li>Risikostyring<\/li>\n<li>Styring af \u00e6ndringer<\/li>\n<\/ul>\n<p>Jeg h\u00e5ber, at jeg har inspireret dig til at l\u00e6re mere om den seneste viden om menneskelig adf\u00e6rd, og du er meget velkommen til at kontakte mig for en uformel diskussion om dine udfordringer og om hvordan jeg kan hj\u00e6lpe dig, dit team og \/ eller din organisation.<\/p>\n<p><!-- \/wp:paragraph --><\/p>\n<\/div>\n<\/div><\/div><\/div><\/div><\/div>","protected":false},"excerpt":{"rendered":"<p>Menneskelig Adf\u00e6rd For nogle \u00e5r siden stillede en af \u200b\u200bmine medarbejdere, en meget kompetent kvalitetschef, mig et rigtig godt sp\u00f8rgsm\u00e5l, [&hellip;]<\/p>\n","protected":false},"author":1,"featured_media":0,"parent":613,"menu_order":0,"comment_status":"closed","ping_status":"closed","template":"","meta":{"_exactmetrics_skip_tracking":false,"_exactmetrics_sitenote_active":false,"_exactmetrics_sitenote_note":"","_exactmetrics_sitenote_category":0,"footnotes":""},"class_list":["post-631","page","type-page","status-publish","hentry"],"yoast_head":"<!-- This site is optimized with the Yoast SEO plugin v24.3 - https:\/\/yoast.com\/wordpress\/plugins\/seo\/ -->\n<title>Menneskelig adf\u00e6rd - Borgensgaard Consulting<\/title>\n<meta name=\"description\" content=\"Nogle aspekter af menneskelig adf\u00e6rd er allerede indarbejdet i GMP (Good Manufacturing Practise). Et eksempel er, at produkter skal kontrolleres og frigives af en uafh\u00e6ngig kvalitetsenhed.\" \/>\n<meta name=\"robots\" content=\"index, follow, max-snippet:-1, max-image-preview:large, max-video-preview:-1\" \/>\n<link rel=\"canonical\" href=\"https:\/\/borgensgaard-consulting.dk\/da\/services\/menneskelig-adfaerd\/\" \/>\n<meta property=\"og:locale\" content=\"da_DK\" \/>\n<meta property=\"og:type\" content=\"article\" \/>\n<meta property=\"og:title\" content=\"Menneskelig adf\u00e6rd - Borgensgaard Consulting\" \/>\n<meta property=\"og:description\" content=\"Nogle aspekter af menneskelig adf\u00e6rd er allerede indarbejdet i GMP (Good Manufacturing Practise). Et eksempel er, at produkter skal kontrolleres og frigives af en uafh\u00e6ngig kvalitetsenhed.\" \/>\n<meta property=\"og:url\" content=\"https:\/\/borgensgaard-consulting.dk\/da\/services\/menneskelig-adfaerd\/\" \/>\n<meta property=\"og:site_name\" content=\"Borgensgaard Consulting\" \/>\n<meta property=\"article:publisher\" content=\"https:\/\/www.facebook.com\/Borgensgaard-Consulting-110909730310836\/\" \/>\n<meta property=\"article:modified_time\" content=\"2019-10-27T22:12:29+00:00\" \/>\n<meta property=\"og:image\" content=\"http:\/\/borgensgaard-consulting.dk\/wp-content\/uploads\/2019\/07\/Billede3.png\" \/>\n<meta name=\"twitter:card\" content=\"summary_large_image\" \/>\n<meta name=\"twitter:label1\" content=\"Estimeret l\u00e6setid\" \/>\n\t<meta name=\"twitter:data1\" content=\"4 minutter\" \/>\n<script type=\"application\/ld+json\" class=\"yoast-schema-graph\">{\"@context\":\"https:\/\/schema.org\",\"@graph\":[{\"@type\":\"WebPage\",\"@id\":\"https:\/\/borgensgaard-consulting.dk\/da\/services\/menneskelig-adfaerd\/\",\"url\":\"https:\/\/borgensgaard-consulting.dk\/da\/services\/menneskelig-adfaerd\/\",\"name\":\"Menneskelig adf\u00e6rd - Borgensgaard Consulting\",\"isPartOf\":{\"@id\":\"https:\/\/borgensgaard-consulting.dk\/#website\"},\"primaryImageOfPage\":{\"@id\":\"https:\/\/borgensgaard-consulting.dk\/da\/services\/menneskelig-adfaerd\/#primaryimage\"},\"image\":{\"@id\":\"https:\/\/borgensgaard-consulting.dk\/da\/services\/menneskelig-adfaerd\/#primaryimage\"},\"thumbnailUrl\":\"http:\/\/borgensgaard-consulting.dk\/wp-content\/uploads\/2019\/07\/Billede3.png\",\"datePublished\":\"2019-10-05T20:39:25+00:00\",\"dateModified\":\"2019-10-27T22:12:29+00:00\",\"description\":\"Nogle aspekter af menneskelig adf\u00e6rd er allerede indarbejdet i GMP (Good Manufacturing Practise). Et eksempel er, at produkter skal kontrolleres og frigives af en uafh\u00e6ngig kvalitetsenhed.\",\"breadcrumb\":{\"@id\":\"https:\/\/borgensgaard-consulting.dk\/da\/services\/menneskelig-adfaerd\/#breadcrumb\"},\"inLanguage\":\"da-DK\",\"potentialAction\":[{\"@type\":\"ReadAction\",\"target\":[\"https:\/\/borgensgaard-consulting.dk\/da\/services\/menneskelig-adfaerd\/\"]}]},{\"@type\":\"ImageObject\",\"inLanguage\":\"da-DK\",\"@id\":\"https:\/\/borgensgaard-consulting.dk\/da\/services\/menneskelig-adfaerd\/#primaryimage\",\"url\":\"http:\/\/borgensgaard-consulting.dk\/wp-content\/uploads\/2019\/07\/Billede3.png\",\"contentUrl\":\"http:\/\/borgensgaard-consulting.dk\/wp-content\/uploads\/2019\/07\/Billede3.png\"},{\"@type\":\"BreadcrumbList\",\"@id\":\"https:\/\/borgensgaard-consulting.dk\/da\/services\/menneskelig-adfaerd\/#breadcrumb\",\"itemListElement\":[{\"@type\":\"ListItem\",\"position\":1,\"name\":\"Home\",\"item\":\"https:\/\/borgensgaard-consulting.dk\/da\/\"},{\"@type\":\"ListItem\",\"position\":2,\"name\":\"Services\",\"item\":\"https:\/\/borgensgaard-consulting.dk\/da\/services\/\"},{\"@type\":\"ListItem\",\"position\":3,\"name\":\"Menneskelig adf\u00e6rd\"}]},{\"@type\":\"WebSite\",\"@id\":\"https:\/\/borgensgaard-consulting.dk\/#website\",\"url\":\"https:\/\/borgensgaard-consulting.dk\/\",\"name\":\"Borgensgaard Consulting\",\"description\":\"Quality Leadership and Quality Management\",\"publisher\":{\"@id\":\"https:\/\/borgensgaard-consulting.dk\/#organization\"},\"potentialAction\":[{\"@type\":\"SearchAction\",\"target\":{\"@type\":\"EntryPoint\",\"urlTemplate\":\"https:\/\/borgensgaard-consulting.dk\/?s={search_term_string}\"},\"query-input\":{\"@type\":\"PropertyValueSpecification\",\"valueRequired\":true,\"valueName\":\"search_term_string\"}}],\"inLanguage\":\"da-DK\"},{\"@type\":\"Organization\",\"@id\":\"https:\/\/borgensgaard-consulting.dk\/#organization\",\"name\":\"Borgensgaard Consulting\",\"url\":\"https:\/\/borgensgaard-consulting.dk\/\",\"logo\":{\"@type\":\"ImageObject\",\"inLanguage\":\"da-DK\",\"@id\":\"https:\/\/borgensgaard-consulting.dk\/#\/schema\/logo\/image\/\",\"url\":\"https:\/\/borgensgaard-consulting.dk\/wp-content\/uploads\/2019\/10\/Borgensgaard.png\",\"contentUrl\":\"https:\/\/borgensgaard-consulting.dk\/wp-content\/uploads\/2019\/10\/Borgensgaard.png\",\"width\":500,\"height\":138,\"caption\":\"Borgensgaard Consulting\"},\"image\":{\"@id\":\"https:\/\/borgensgaard-consulting.dk\/#\/schema\/logo\/image\/\"},\"sameAs\":[\"https:\/\/www.facebook.com\/Borgensgaard-Consulting-110909730310836\/\"]}]}<\/script>\n<!-- \/ Yoast SEO plugin. -->","yoast_head_json":{"title":"Menneskelig adf\u00e6rd - Borgensgaard Consulting","description":"Nogle aspekter af menneskelig adf\u00e6rd er allerede indarbejdet i GMP (Good Manufacturing Practise). Et eksempel er, at produkter skal kontrolleres og frigives af en uafh\u00e6ngig kvalitetsenhed.","robots":{"index":"index","follow":"follow","max-snippet":"max-snippet:-1","max-image-preview":"max-image-preview:large","max-video-preview":"max-video-preview:-1"},"canonical":"https:\/\/borgensgaard-consulting.dk\/da\/services\/menneskelig-adfaerd\/","og_locale":"da_DK","og_type":"article","og_title":"Menneskelig adf\u00e6rd - Borgensgaard Consulting","og_description":"Nogle aspekter af menneskelig adf\u00e6rd er allerede indarbejdet i GMP (Good Manufacturing Practise). Et eksempel er, at produkter skal kontrolleres og frigives af en uafh\u00e6ngig kvalitetsenhed.","og_url":"https:\/\/borgensgaard-consulting.dk\/da\/services\/menneskelig-adfaerd\/","og_site_name":"Borgensgaard Consulting","article_publisher":"https:\/\/www.facebook.com\/Borgensgaard-Consulting-110909730310836\/","article_modified_time":"2019-10-27T22:12:29+00:00","og_image":[{"url":"http:\/\/borgensgaard-consulting.dk\/wp-content\/uploads\/2019\/07\/Billede3.png","type":"","width":"","height":""}],"twitter_card":"summary_large_image","twitter_misc":{"Estimeret l\u00e6setid":"4 minutter"},"schema":{"@context":"https:\/\/schema.org","@graph":[{"@type":"WebPage","@id":"https:\/\/borgensgaard-consulting.dk\/da\/services\/menneskelig-adfaerd\/","url":"https:\/\/borgensgaard-consulting.dk\/da\/services\/menneskelig-adfaerd\/","name":"Menneskelig adf\u00e6rd - Borgensgaard Consulting","isPartOf":{"@id":"https:\/\/borgensgaard-consulting.dk\/#website"},"primaryImageOfPage":{"@id":"https:\/\/borgensgaard-consulting.dk\/da\/services\/menneskelig-adfaerd\/#primaryimage"},"image":{"@id":"https:\/\/borgensgaard-consulting.dk\/da\/services\/menneskelig-adfaerd\/#primaryimage"},"thumbnailUrl":"http:\/\/borgensgaard-consulting.dk\/wp-content\/uploads\/2019\/07\/Billede3.png","datePublished":"2019-10-05T20:39:25+00:00","dateModified":"2019-10-27T22:12:29+00:00","description":"Nogle aspekter af menneskelig adf\u00e6rd er allerede indarbejdet i GMP (Good Manufacturing Practise). Et eksempel er, at produkter skal kontrolleres og frigives af en uafh\u00e6ngig kvalitetsenhed.","breadcrumb":{"@id":"https:\/\/borgensgaard-consulting.dk\/da\/services\/menneskelig-adfaerd\/#breadcrumb"},"inLanguage":"da-DK","potentialAction":[{"@type":"ReadAction","target":["https:\/\/borgensgaard-consulting.dk\/da\/services\/menneskelig-adfaerd\/"]}]},{"@type":"ImageObject","inLanguage":"da-DK","@id":"https:\/\/borgensgaard-consulting.dk\/da\/services\/menneskelig-adfaerd\/#primaryimage","url":"http:\/\/borgensgaard-consulting.dk\/wp-content\/uploads\/2019\/07\/Billede3.png","contentUrl":"http:\/\/borgensgaard-consulting.dk\/wp-content\/uploads\/2019\/07\/Billede3.png"},{"@type":"BreadcrumbList","@id":"https:\/\/borgensgaard-consulting.dk\/da\/services\/menneskelig-adfaerd\/#breadcrumb","itemListElement":[{"@type":"ListItem","position":1,"name":"Home","item":"https:\/\/borgensgaard-consulting.dk\/da\/"},{"@type":"ListItem","position":2,"name":"Services","item":"https:\/\/borgensgaard-consulting.dk\/da\/services\/"},{"@type":"ListItem","position":3,"name":"Menneskelig adf\u00e6rd"}]},{"@type":"WebSite","@id":"https:\/\/borgensgaard-consulting.dk\/#website","url":"https:\/\/borgensgaard-consulting.dk\/","name":"Borgensgaard Consulting","description":"Quality Leadership and Quality Management","publisher":{"@id":"https:\/\/borgensgaard-consulting.dk\/#organization"},"potentialAction":[{"@type":"SearchAction","target":{"@type":"EntryPoint","urlTemplate":"https:\/\/borgensgaard-consulting.dk\/?s={search_term_string}"},"query-input":{"@type":"PropertyValueSpecification","valueRequired":true,"valueName":"search_term_string"}}],"inLanguage":"da-DK"},{"@type":"Organization","@id":"https:\/\/borgensgaard-consulting.dk\/#organization","name":"Borgensgaard Consulting","url":"https:\/\/borgensgaard-consulting.dk\/","logo":{"@type":"ImageObject","inLanguage":"da-DK","@id":"https:\/\/borgensgaard-consulting.dk\/#\/schema\/logo\/image\/","url":"https:\/\/borgensgaard-consulting.dk\/wp-content\/uploads\/2019\/10\/Borgensgaard.png","contentUrl":"https:\/\/borgensgaard-consulting.dk\/wp-content\/uploads\/2019\/10\/Borgensgaard.png","width":500,"height":138,"caption":"Borgensgaard Consulting"},"image":{"@id":"https:\/\/borgensgaard-consulting.dk\/#\/schema\/logo\/image\/"},"sameAs":["https:\/\/www.facebook.com\/Borgensgaard-Consulting-110909730310836\/"]}]}},"_links":{"self":[{"href":"https:\/\/borgensgaard-consulting.dk\/da\/wp-json\/wp\/v2\/pages\/631"}],"collection":[{"href":"https:\/\/borgensgaard-consulting.dk\/da\/wp-json\/wp\/v2\/pages"}],"about":[{"href":"https:\/\/borgensgaard-consulting.dk\/da\/wp-json\/wp\/v2\/types\/page"}],"author":[{"embeddable":true,"href":"https:\/\/borgensgaard-consulting.dk\/da\/wp-json\/wp\/v2\/users\/1"}],"replies":[{"embeddable":true,"href":"https:\/\/borgensgaard-consulting.dk\/da\/wp-json\/wp\/v2\/comments?post=631"}],"version-history":[{"count":23,"href":"https:\/\/borgensgaard-consulting.dk\/da\/wp-json\/wp\/v2\/pages\/631\/revisions"}],"predecessor-version":[{"id":1330,"href":"https:\/\/borgensgaard-consulting.dk\/da\/wp-json\/wp\/v2\/pages\/631\/revisions\/1330"}],"up":[{"embeddable":true,"href":"https:\/\/borgensgaard-consulting.dk\/da\/wp-json\/wp\/v2\/pages\/613"}],"wp:attachment":[{"href":"https:\/\/borgensgaard-consulting.dk\/da\/wp-json\/wp\/v2\/media?parent=631"}],"curies":[{"name":"wp","href":"https:\/\/api.w.org\/{rel}","templated":true}]}}