{"id":613,"date":"2019-10-05T22:28:06","date_gmt":"2019-10-05T20:28:06","guid":{"rendered":"https:\/\/borgensgaard-consulting.dk\/?page_id=613"},"modified":"2021-01-25T21:14:19","modified_gmt":"2021-01-25T20:14:19","slug":"services","status":"publish","type":"page","link":"https:\/\/borgensgaard-consulting.dk\/da\/services\/","title":{"rendered":"Services"},"content":{"rendered":"<div id=\"pl-613\"  class=\"panel-layout\" ><div id=\"pg-613-0\"  class=\"panel-grid panel-no-style\" ><div id=\"pgc-613-0-0\"  class=\"panel-grid-cell\" ><div id=\"panel-613-0-0-0\" class=\"so-panel widget widget_sow-image panel-first-child panel-last-child\" data-index=\"0\" ><div\n\t\t\t\n\t\t\tclass=\"so-widget-sow-image so-widget-sow-image-default-dbf295114b96-613\"\n\t\t\t\n\t\t>\n\n<div class=\"sow-image-container\">\n\t\t<img loading=\"lazy\" decoding=\"async\" src=\"https:\/\/borgensgaard-consulting.dk\/wp-content\/uploads\/2019\/10\/Service-Management-Konsulent-1.jpg\" width=\"1105\" height=\"468\" srcset=\"https:\/\/borgensgaard-consulting.dk\/wp-content\/uploads\/2019\/10\/Service-Management-Konsulent-1.jpg 1105w, https:\/\/borgensgaard-consulting.dk\/wp-content\/uploads\/2019\/10\/Service-Management-Konsulent-1-300x127.jpg 300w, https:\/\/borgensgaard-consulting.dk\/wp-content\/uploads\/2019\/10\/Service-Management-Konsulent-1-768x325.jpg 768w, https:\/\/borgensgaard-consulting.dk\/wp-content\/uploads\/2019\/10\/Service-Management-Konsulent-1-1024x434.jpg 1024w\" sizes=\"(max-width: 1105px) 100vw, 1105px\" title=\"Service Management Konsulent\" alt=\"\" \t\tclass=\"so-widget-image\"\/>\n\t<\/div>\n\n<\/div><\/div><\/div><\/div><div id=\"pg-613-1\"  class=\"panel-grid panel-no-style\" ><div id=\"pgc-613-1-0\"  class=\"panel-grid-cell\" ><div id=\"panel-613-1-0-0\" class=\"so-panel widget widget_sow-editor panel-first-child panel-last-child\" data-index=\"1\" ><div\n\t\t\t\n\t\t\tclass=\"so-widget-sow-editor so-widget-sow-editor-base\"\n\t\t\t\n\t\t>\n<div class=\"siteorigin-widget-tinymce textwidget\">\n\t<h2>Konsulentydelser<\/h2>\n<p>Jeg leverer prim\u00e6rt serviceydelser til life science industrien, men min erfaring og kompetencer er ogs\u00e5 relevante for andre brancher.<\/p>\n<p>Mine typiske kunder er:<\/p>\n<ul>\n<li>Producenter af medicinsk udstyr<\/li>\n<li>Farmaceutiske virksomheder<\/li>\n<li>Biotech-virksomheder<\/li>\n<li>Leverand\u00f8rer til life science industrien<\/li>\n<li>Distribut\u00f8rer af medicinsk udstyr<\/li>\n<\/ul>\n<p>Jeg arbejder med alle st\u00f8rrelser af virksomheder fra sm\u00e5 startups til store internationale organisationer.<\/p>\n<p>Serviceydelserne omfatter kvalitetsledelse, kvalitetsstyring, regulatorisk compliance og menneskelig adf\u00e6rd og inkluderer:<\/p>\n<ul>\n<li>R\u00e5dgivning og Coaching<\/li>\n<li>Workshops, Seminarer, Webinarer<\/li>\n<li>Projektledelse<\/li>\n<li>Audits<\/li>\n<li>Evaluering af Compliance og Effektivitet<\/li>\n<li>Struktur, Optimering og Forenkling<\/li>\n<li>Interim ledelse<\/li>\n<li>Bestyrelsesarbejde<\/li>\n<\/ul>\n<p>For mere information, se under <a href=\"https:\/\/borgensgaard-consulting.dk\/da\/services\/quality-leadership-goer-de-rigtige-ting\/\">Quality Leadership<\/a>, <a href=\"https:\/\/borgensgaard-consulting.dk\/da\/services\/quality-management-goer-tingene-rigtigt\/\">Quality Management,<\/a> <a href=\"https:\/\/borgensgaard-consulting.dk\/da\/services\/regulativer-og-standarder\/\">Regulatory Compliance<\/a>\u00a0og <a href=\"https:\/\/borgensgaard-consulting.dk\/da\/services\/menneskelig-adfaerd\/\">Menneskelig adf\u00e6rd<\/a>.<\/p>\n<p>Hvis de listede serviceydelser ikke umiddelbart d\u00e6kker dit behov, er du alligevel velkommen til at kontakte mig. Hvis jeg ikke kan hj\u00e6lpe dig, kan jeg muligvis henvise dig til \u00e9n som kan.<\/p>\n<p>Jeg er medlem af brancheorganisationen Medicoindustrien: <a href=\"https:\/\/medicoindustrien.dk\">https:\/\/medicoindustrien.dk<\/a><\/p>\n<\/div>\n<\/div><\/div><\/div><\/div><\/div>","protected":false},"excerpt":{"rendered":"<p>Konsulentydelser Jeg leverer prim\u00e6rt serviceydelser til life science industrien, men min erfaring og kompetencer er ogs\u00e5 relevante for andre brancher. [&hellip;]<\/p>\n","protected":false},"author":1,"featured_media":0,"parent":0,"menu_order":0,"comment_status":"closed","ping_status":"closed","template":"","meta":{"_exactmetrics_skip_tracking":false,"_exactmetrics_sitenote_active":false,"_exactmetrics_sitenote_note":"","_exactmetrics_sitenote_category":0,"footnotes":""},"class_list":["post-613","page","type-page","status-publish","hentry"],"yoast_head":"<!-- This site is optimized with the Yoast SEO plugin v24.3 - https:\/\/yoast.com\/wordpress\/plugins\/seo\/ -->\n<title>Services - Borgensgaard Consulting<\/title>\n<meta name=\"robots\" content=\"index, follow, max-snippet:-1, max-image-preview:large, max-video-preview:-1\" \/>\n<link rel=\"canonical\" href=\"https:\/\/borgensgaard-consulting.dk\/da\/services\/\" \/>\n<meta property=\"og:locale\" content=\"da_DK\" \/>\n<meta property=\"og:type\" content=\"article\" \/>\n<meta property=\"og:title\" content=\"Services - Borgensgaard Consulting\" \/>\n<meta property=\"og:description\" content=\"Konsulentydelser Jeg leverer prim\u00e6rt serviceydelser til life science industrien, men min erfaring og kompetencer er ogs\u00e5 relevante for andre brancher. [&hellip;]\" \/>\n<meta property=\"og:url\" content=\"https:\/\/borgensgaard-consulting.dk\/da\/services\/\" \/>\n<meta property=\"og:site_name\" content=\"Borgensgaard Consulting\" \/>\n<meta property=\"article:publisher\" content=\"https:\/\/www.facebook.com\/Borgensgaard-Consulting-110909730310836\/\" \/>\n<meta property=\"article:modified_time\" content=\"2021-01-25T20:14:19+00:00\" \/>\n<meta name=\"twitter:card\" content=\"summary_large_image\" \/>\n<meta name=\"twitter:label1\" content=\"Estimeret l\u00e6setid\" \/>\n\t<meta name=\"twitter:data1\" content=\"1 minut\" \/>\n<script type=\"application\/ld+json\" class=\"yoast-schema-graph\">{\"@context\":\"https:\/\/schema.org\",\"@graph\":[{\"@type\":\"WebPage\",\"@id\":\"https:\/\/borgensgaard-consulting.dk\/da\/services\/\",\"url\":\"https:\/\/borgensgaard-consulting.dk\/da\/services\/\",\"name\":\"Services - Borgensgaard Consulting\",\"isPartOf\":{\"@id\":\"https:\/\/borgensgaard-consulting.dk\/#website\"},\"datePublished\":\"2019-10-05T20:28:06+00:00\",\"dateModified\":\"2021-01-25T20:14:19+00:00\",\"breadcrumb\":{\"@id\":\"https:\/\/borgensgaard-consulting.dk\/da\/services\/#breadcrumb\"},\"inLanguage\":\"da-DK\",\"potentialAction\":[{\"@type\":\"ReadAction\",\"target\":[\"https:\/\/borgensgaard-consulting.dk\/da\/services\/\"]}]},{\"@type\":\"BreadcrumbList\",\"@id\":\"https:\/\/borgensgaard-consulting.dk\/da\/services\/#breadcrumb\",\"itemListElement\":[{\"@type\":\"ListItem\",\"position\":1,\"name\":\"Home\",\"item\":\"https:\/\/borgensgaard-consulting.dk\/da\/\"},{\"@type\":\"ListItem\",\"position\":2,\"name\":\"Services\"}]},{\"@type\":\"WebSite\",\"@id\":\"https:\/\/borgensgaard-consulting.dk\/#website\",\"url\":\"https:\/\/borgensgaard-consulting.dk\/\",\"name\":\"Borgensgaard Consulting\",\"description\":\"Quality Leadership and Quality Management\",\"publisher\":{\"@id\":\"https:\/\/borgensgaard-consulting.dk\/#organization\"},\"potentialAction\":[{\"@type\":\"SearchAction\",\"target\":{\"@type\":\"EntryPoint\",\"urlTemplate\":\"https:\/\/borgensgaard-consulting.dk\/?s={search_term_string}\"},\"query-input\":{\"@type\":\"PropertyValueSpecification\",\"valueRequired\":true,\"valueName\":\"search_term_string\"}}],\"inLanguage\":\"da-DK\"},{\"@type\":\"Organization\",\"@id\":\"https:\/\/borgensgaard-consulting.dk\/#organization\",\"name\":\"Borgensgaard Consulting\",\"url\":\"https:\/\/borgensgaard-consulting.dk\/\",\"logo\":{\"@type\":\"ImageObject\",\"inLanguage\":\"da-DK\",\"@id\":\"https:\/\/borgensgaard-consulting.dk\/#\/schema\/logo\/image\/\",\"url\":\"https:\/\/borgensgaard-consulting.dk\/wp-content\/uploads\/2019\/10\/Borgensgaard.png\",\"contentUrl\":\"https:\/\/borgensgaard-consulting.dk\/wp-content\/uploads\/2019\/10\/Borgensgaard.png\",\"width\":500,\"height\":138,\"caption\":\"Borgensgaard Consulting\"},\"image\":{\"@id\":\"https:\/\/borgensgaard-consulting.dk\/#\/schema\/logo\/image\/\"},\"sameAs\":[\"https:\/\/www.facebook.com\/Borgensgaard-Consulting-110909730310836\/\"]}]}<\/script>\n<!-- \/ Yoast SEO plugin. -->","yoast_head_json":{"title":"Services - Borgensgaard Consulting","robots":{"index":"index","follow":"follow","max-snippet":"max-snippet:-1","max-image-preview":"max-image-preview:large","max-video-preview":"max-video-preview:-1"},"canonical":"https:\/\/borgensgaard-consulting.dk\/da\/services\/","og_locale":"da_DK","og_type":"article","og_title":"Services - Borgensgaard Consulting","og_description":"Konsulentydelser Jeg leverer prim\u00e6rt serviceydelser til life science industrien, men min erfaring og kompetencer er ogs\u00e5 relevante for andre brancher. [&hellip;]","og_url":"https:\/\/borgensgaard-consulting.dk\/da\/services\/","og_site_name":"Borgensgaard Consulting","article_publisher":"https:\/\/www.facebook.com\/Borgensgaard-Consulting-110909730310836\/","article_modified_time":"2021-01-25T20:14:19+00:00","twitter_card":"summary_large_image","twitter_misc":{"Estimeret l\u00e6setid":"1 minut"},"schema":{"@context":"https:\/\/schema.org","@graph":[{"@type":"WebPage","@id":"https:\/\/borgensgaard-consulting.dk\/da\/services\/","url":"https:\/\/borgensgaard-consulting.dk\/da\/services\/","name":"Services - Borgensgaard Consulting","isPartOf":{"@id":"https:\/\/borgensgaard-consulting.dk\/#website"},"datePublished":"2019-10-05T20:28:06+00:00","dateModified":"2021-01-25T20:14:19+00:00","breadcrumb":{"@id":"https:\/\/borgensgaard-consulting.dk\/da\/services\/#breadcrumb"},"inLanguage":"da-DK","potentialAction":[{"@type":"ReadAction","target":["https:\/\/borgensgaard-consulting.dk\/da\/services\/"]}]},{"@type":"BreadcrumbList","@id":"https:\/\/borgensgaard-consulting.dk\/da\/services\/#breadcrumb","itemListElement":[{"@type":"ListItem","position":1,"name":"Home","item":"https:\/\/borgensgaard-consulting.dk\/da\/"},{"@type":"ListItem","position":2,"name":"Services"}]},{"@type":"WebSite","@id":"https:\/\/borgensgaard-consulting.dk\/#website","url":"https:\/\/borgensgaard-consulting.dk\/","name":"Borgensgaard Consulting","description":"Quality Leadership and Quality Management","publisher":{"@id":"https:\/\/borgensgaard-consulting.dk\/#organization"},"potentialAction":[{"@type":"SearchAction","target":{"@type":"EntryPoint","urlTemplate":"https:\/\/borgensgaard-consulting.dk\/?s={search_term_string}"},"query-input":{"@type":"PropertyValueSpecification","valueRequired":true,"valueName":"search_term_string"}}],"inLanguage":"da-DK"},{"@type":"Organization","@id":"https:\/\/borgensgaard-consulting.dk\/#organization","name":"Borgensgaard Consulting","url":"https:\/\/borgensgaard-consulting.dk\/","logo":{"@type":"ImageObject","inLanguage":"da-DK","@id":"https:\/\/borgensgaard-consulting.dk\/#\/schema\/logo\/image\/","url":"https:\/\/borgensgaard-consulting.dk\/wp-content\/uploads\/2019\/10\/Borgensgaard.png","contentUrl":"https:\/\/borgensgaard-consulting.dk\/wp-content\/uploads\/2019\/10\/Borgensgaard.png","width":500,"height":138,"caption":"Borgensgaard Consulting"},"image":{"@id":"https:\/\/borgensgaard-consulting.dk\/#\/schema\/logo\/image\/"},"sameAs":["https:\/\/www.facebook.com\/Borgensgaard-Consulting-110909730310836\/"]}]}},"_links":{"self":[{"href":"https:\/\/borgensgaard-consulting.dk\/da\/wp-json\/wp\/v2\/pages\/613"}],"collection":[{"href":"https:\/\/borgensgaard-consulting.dk\/da\/wp-json\/wp\/v2\/pages"}],"about":[{"href":"https:\/\/borgensgaard-consulting.dk\/da\/wp-json\/wp\/v2\/types\/page"}],"author":[{"embeddable":true,"href":"https:\/\/borgensgaard-consulting.dk\/da\/wp-json\/wp\/v2\/users\/1"}],"replies":[{"embeddable":true,"href":"https:\/\/borgensgaard-consulting.dk\/da\/wp-json\/wp\/v2\/comments?post=613"}],"version-history":[{"count":32,"href":"https:\/\/borgensgaard-consulting.dk\/da\/wp-json\/wp\/v2\/pages\/613\/revisions"}],"predecessor-version":[{"id":3189,"href":"https:\/\/borgensgaard-consulting.dk\/da\/wp-json\/wp\/v2\/pages\/613\/revisions\/3189"}],"wp:attachment":[{"href":"https:\/\/borgensgaard-consulting.dk\/da\/wp-json\/wp\/v2\/media?parent=613"}],"curies":[{"name":"wp","href":"https:\/\/api.w.org\/{rel}","templated":true}]}}