{"id":609,"date":"2019-10-05T22:26:48","date_gmt":"2019-10-05T20:26:48","guid":{"rendered":"https:\/\/borgensgaard-consulting.dk\/?page_id=609"},"modified":"2020-06-18T08:45:33","modified_gmt":"2020-06-18T06:45:33","slug":"personlig-profil-charlotte-borgensgaard","status":"publish","type":"page","link":"https:\/\/borgensgaard-consulting.dk\/da\/personlig-profil-charlotte-borgensgaard\/","title":{"rendered":"Personlig profil &#8211; Charlotte Borgensgaard"},"content":{"rendered":"<div id=\"pl-609\"  class=\"panel-layout\" ><div id=\"pg-609-0\"  class=\"panel-grid panel-no-style\" ><div id=\"pgc-609-0-0\"  class=\"panel-grid-cell\" ><div id=\"panel-609-0-0-0\" class=\"so-panel widget widget_sow-image panel-first-child panel-last-child\" data-index=\"0\" ><div\n\t\t\t\n\t\t\tclass=\"so-widget-sow-image so-widget-sow-image-default-dbf295114b96-609\"\n\t\t\t\n\t\t>\n\n<div class=\"sow-image-container\">\n\t\t<img loading=\"lazy\" decoding=\"async\" src=\"https:\/\/borgensgaard-consulting.dk\/wp-content\/uploads\/2019\/10\/Charlotte_Borgensgaard.jpg\" width=\"1105\" height=\"468\" srcset=\"https:\/\/borgensgaard-consulting.dk\/wp-content\/uploads\/2019\/10\/Charlotte_Borgensgaard.jpg 1105w, https:\/\/borgensgaard-consulting.dk\/wp-content\/uploads\/2019\/10\/Charlotte_Borgensgaard-300x127.jpg 300w, https:\/\/borgensgaard-consulting.dk\/wp-content\/uploads\/2019\/10\/Charlotte_Borgensgaard-768x325.jpg 768w, https:\/\/borgensgaard-consulting.dk\/wp-content\/uploads\/2019\/10\/Charlotte_Borgensgaard-1024x434.jpg 1024w\" sizes=\"(max-width: 1105px) 100vw, 1105px\" alt=\"Charlotte Borgengaard\" \t\tclass=\"so-widget-image\"\/>\n\t<\/div>\n\n<\/div><\/div><\/div><\/div><div id=\"pg-609-1\"  class=\"panel-grid panel-no-style\" ><div id=\"pgc-609-1-0\"  class=\"panel-grid-cell\" ><div id=\"panel-609-1-0-0\" class=\"so-panel widget widget_sow-editor panel-first-child panel-last-child\" data-index=\"1\" ><div\n\t\t\t\n\t\t\tclass=\"so-widget-sow-editor so-widget-sow-editor-base\"\n\t\t\t\n\t\t>\n<div class=\"siteorigin-widget-tinymce textwidget\">\n\t<p><!-- wp:image {\"id\":135,\"align\":\"right\",\"width\":228,\"height\":347} --><\/p>\n<h2>Charlotte Borgensgaard - Personlig profil<\/h2>\n<p>Min karriere startede i life science industrien for mere end 25 \u00e5r siden som projektleder p\u00e5 implementering af Medical Device Directive og certificering i henhold til ISO 9001 og EN 46001 (forg\u00e6nger til ISO 13485 for medicinsk udstyr).<\/p>\n<p>Jeg var i samme periode inkluderet i et verdensomsp\u00e6ndende \u201dYoung Potential Program\u201d, som gav mig muligheden for at v\u00e6re involveret i forbedringsprojekter som facilitator eller n\u00f8gleperson \u00a0p\u00e5 ledelsesprogrammer, kundetilfredshedsprogrammer, markedsf\u00f8ringsstrategier osv.<\/p>\n<p>Disse \u00e5r har v\u00e6ret meget vigtige for min faglige udvikling, idet de har give mig en solid platform for en holistisk og forretningsorienteret tilgang til kvalitet og regulatoriske forhold, samt v\u00e6ret starten p\u00e5 en international karriere, hvor jeg har arbejdet med mange forskellige virksomheder \/ fabrikker og kunder i Europa, USA, Asien og Sydamerika.<\/p>\n<p>Jeg har arbejdet med organisationer, som har haft forskellig st\u00f8rrelse, kompleksitet og modenhed, \u00a0og ved hvor vigtigt det er at forst\u00e5, hvor de kommer fra, for at sikre en god og realistisk udviklingsproces.<\/p>\n<p>Min tilgang er at sikre, at der er et overordnet perspektiv og en r\u00f8d tr\u00e5d, og at l\u00f8sninger er praktiske og brugbare for medarbejdere.<\/p>\n<p>Det er vigtigt for mig at have en detaljeret viden om kvalitets- og lovm\u00e6ssige krav, da det giver mig et godt grundlag for at finde de rigtige l\u00f8sninger, der skaber v\u00e6rdi for organisationen, kunderne samt brugerne af medicin og medicinsk udstyr. Jeg har set flere eksempler p\u00e5 l\u00f8sninger, som har taget udgangspunkt i at tilfredsstille kunde-, kvalitet- og lovm\u00e6ssige krav, men som har vist sig ikke at fungere i praksis og derfor ikke skabte v\u00e6rdi for nogen.<\/p>\n<p>Jeg er god til at stille sp\u00f8rgsm\u00e5l indtil jeg opn\u00e5et en god forst\u00e5else og klarhed af en given problemstilling og\/eller behov. Det er en meget nyttig f\u00e6rdighed b\u00e5de i relation til r\u00e5dgivning og coaching.<\/p>\n<p>Som person er jeg meget \u00e5ben og ligetil, og jeg har en h\u00f8j grad af integritet kombineret med gode kommunikationsevner.<\/p>\n<p>Hvis jeg f\u00e5r muligheden for at arbejde sammen med dig \/ din virksomhed, vil jeg g\u00f8re mit bedste for at sikre, at du bliver tilfreds og f\u00e5r v\u00e6rdi for pengene.<\/p>\n<p>Du kan finde yderligere information om min baggrund ved at downloade mit\u00a0<a href=\"https:\/\/borgensgaard-consulting.dk\/wp-content\/uploads\/2020\/06\/CV-Charlotte-Borgensgaard.pdf\">CV Charlotte Borgensgaard<\/a> eller bes\u00f8g min <a href=\"https:\/\/www.linkedin.com\/in\/charlotte-borgensgaard\" target=\"_blank\" rel=\"noopener\">LinkedIn-profil<\/a>.<\/p>\n<p><!-- \/wp:paragraph --><!-- wp:file {\"id\":400,\"href\":\"https:\/\/borgensgaard-consulting.dk\/wp-content\/uploads\/2019\/08\/CV-Charlotte-Borgensgaard.pdf\"} --><\/p>\n<p><!-- \/wp:file --><\/p>\n<\/div>\n<\/div><\/div><\/div><\/div><\/div>","protected":false},"excerpt":{"rendered":"<p>Charlotte Borgensgaard &#8211; Personlig profil Min karriere startede i life science industrien for mere end 25 \u00e5r siden som projektleder [&hellip;]<\/p>\n","protected":false},"author":1,"featured_media":0,"parent":0,"menu_order":0,"comment_status":"closed","ping_status":"closed","template":"","meta":{"_exactmetrics_skip_tracking":false,"_exactmetrics_sitenote_active":false,"_exactmetrics_sitenote_note":"","_exactmetrics_sitenote_category":0,"footnotes":""},"class_list":["post-609","page","type-page","status-publish","hentry"],"yoast_head":"<!-- This site is optimized with the Yoast SEO plugin v24.3 - https:\/\/yoast.com\/wordpress\/plugins\/seo\/ -->\n<title>Personlig profil - Charlotte Borgensgaard - Borgensgaard Consulting<\/title>\n<meta name=\"description\" content=\"Charlotte Borgengaard&#039;s karriere startede i life science industrien for mere end 25 \u00e5r siden som projektleder p\u00e5 implementering af Medical Device Directive og certificering i henhold til ISO 9001 og EN 46001 (forg\u00e6nger til ISO 13485 for medicinsk udstyr).\" \/>\n<meta name=\"robots\" content=\"index, follow, max-snippet:-1, max-image-preview:large, max-video-preview:-1\" \/>\n<link rel=\"canonical\" href=\"https:\/\/borgensgaard-consulting.dk\/da\/personlig-profil-charlotte-borgensgaard\/\" \/>\n<meta property=\"og:locale\" content=\"da_DK\" \/>\n<meta property=\"og:type\" content=\"article\" \/>\n<meta property=\"og:title\" content=\"Personlig profil - Charlotte Borgensgaard - Borgensgaard Consulting\" \/>\n<meta property=\"og:description\" content=\"Charlotte Borgengaard&#039;s karriere startede i life science industrien for mere end 25 \u00e5r siden som projektleder p\u00e5 implementering af Medical Device Directive og certificering i henhold til ISO 9001 og EN 46001 (forg\u00e6nger til ISO 13485 for medicinsk udstyr).\" \/>\n<meta property=\"og:url\" content=\"https:\/\/borgensgaard-consulting.dk\/da\/personlig-profil-charlotte-borgensgaard\/\" \/>\n<meta property=\"og:site_name\" content=\"Borgensgaard Consulting\" \/>\n<meta property=\"article:publisher\" content=\"https:\/\/www.facebook.com\/Borgensgaard-Consulting-110909730310836\/\" \/>\n<meta property=\"article:modified_time\" content=\"2020-06-18T06:45:33+00:00\" \/>\n<meta name=\"twitter:card\" content=\"summary_large_image\" \/>\n<meta name=\"twitter:label1\" content=\"Estimeret l\u00e6setid\" \/>\n\t<meta name=\"twitter:data1\" content=\"2 minutter\" \/>\n<script type=\"application\/ld+json\" class=\"yoast-schema-graph\">{\"@context\":\"https:\/\/schema.org\",\"@graph\":[{\"@type\":\"WebPage\",\"@id\":\"https:\/\/borgensgaard-consulting.dk\/da\/personlig-profil-charlotte-borgensgaard\/\",\"url\":\"https:\/\/borgensgaard-consulting.dk\/da\/personlig-profil-charlotte-borgensgaard\/\",\"name\":\"Personlig profil - Charlotte Borgensgaard - Borgensgaard Consulting\",\"isPartOf\":{\"@id\":\"https:\/\/borgensgaard-consulting.dk\/#website\"},\"datePublished\":\"2019-10-05T20:26:48+00:00\",\"dateModified\":\"2020-06-18T06:45:33+00:00\",\"description\":\"Charlotte Borgengaard's karriere startede i life science industrien for mere end 25 \u00e5r siden som projektleder p\u00e5 implementering af Medical Device Directive og certificering i henhold til ISO 9001 og EN 46001 (forg\u00e6nger til ISO 13485 for medicinsk udstyr).\",\"breadcrumb\":{\"@id\":\"https:\/\/borgensgaard-consulting.dk\/da\/personlig-profil-charlotte-borgensgaard\/#breadcrumb\"},\"inLanguage\":\"da-DK\",\"potentialAction\":[{\"@type\":\"ReadAction\",\"target\":[\"https:\/\/borgensgaard-consulting.dk\/da\/personlig-profil-charlotte-borgensgaard\/\"]}]},{\"@type\":\"BreadcrumbList\",\"@id\":\"https:\/\/borgensgaard-consulting.dk\/da\/personlig-profil-charlotte-borgensgaard\/#breadcrumb\",\"itemListElement\":[{\"@type\":\"ListItem\",\"position\":1,\"name\":\"Home\",\"item\":\"https:\/\/borgensgaard-consulting.dk\/da\/\"},{\"@type\":\"ListItem\",\"position\":2,\"name\":\"Personlig profil &#8211; Charlotte Borgensgaard\"}]},{\"@type\":\"WebSite\",\"@id\":\"https:\/\/borgensgaard-consulting.dk\/#website\",\"url\":\"https:\/\/borgensgaard-consulting.dk\/\",\"name\":\"Borgensgaard Consulting\",\"description\":\"Quality Leadership and Quality Management\",\"publisher\":{\"@id\":\"https:\/\/borgensgaard-consulting.dk\/#organization\"},\"potentialAction\":[{\"@type\":\"SearchAction\",\"target\":{\"@type\":\"EntryPoint\",\"urlTemplate\":\"https:\/\/borgensgaard-consulting.dk\/?s={search_term_string}\"},\"query-input\":{\"@type\":\"PropertyValueSpecification\",\"valueRequired\":true,\"valueName\":\"search_term_string\"}}],\"inLanguage\":\"da-DK\"},{\"@type\":\"Organization\",\"@id\":\"https:\/\/borgensgaard-consulting.dk\/#organization\",\"name\":\"Borgensgaard Consulting\",\"url\":\"https:\/\/borgensgaard-consulting.dk\/\",\"logo\":{\"@type\":\"ImageObject\",\"inLanguage\":\"da-DK\",\"@id\":\"https:\/\/borgensgaard-consulting.dk\/#\/schema\/logo\/image\/\",\"url\":\"https:\/\/borgensgaard-consulting.dk\/wp-content\/uploads\/2019\/10\/Borgensgaard.png\",\"contentUrl\":\"https:\/\/borgensgaard-consulting.dk\/wp-content\/uploads\/2019\/10\/Borgensgaard.png\",\"width\":500,\"height\":138,\"caption\":\"Borgensgaard Consulting\"},\"image\":{\"@id\":\"https:\/\/borgensgaard-consulting.dk\/#\/schema\/logo\/image\/\"},\"sameAs\":[\"https:\/\/www.facebook.com\/Borgensgaard-Consulting-110909730310836\/\"]}]}<\/script>\n<!-- \/ Yoast SEO plugin. -->","yoast_head_json":{"title":"Personlig profil - Charlotte Borgensgaard - Borgensgaard Consulting","description":"Charlotte Borgengaard's karriere startede i life science industrien for mere end 25 \u00e5r siden som projektleder p\u00e5 implementering af Medical Device Directive og certificering i henhold til ISO 9001 og EN 46001 (forg\u00e6nger til ISO 13485 for medicinsk udstyr).","robots":{"index":"index","follow":"follow","max-snippet":"max-snippet:-1","max-image-preview":"max-image-preview:large","max-video-preview":"max-video-preview:-1"},"canonical":"https:\/\/borgensgaard-consulting.dk\/da\/personlig-profil-charlotte-borgensgaard\/","og_locale":"da_DK","og_type":"article","og_title":"Personlig profil - Charlotte Borgensgaard - Borgensgaard Consulting","og_description":"Charlotte Borgengaard's karriere startede i life science industrien for mere end 25 \u00e5r siden som projektleder p\u00e5 implementering af Medical Device Directive og certificering i henhold til ISO 9001 og EN 46001 (forg\u00e6nger til ISO 13485 for medicinsk udstyr).","og_url":"https:\/\/borgensgaard-consulting.dk\/da\/personlig-profil-charlotte-borgensgaard\/","og_site_name":"Borgensgaard Consulting","article_publisher":"https:\/\/www.facebook.com\/Borgensgaard-Consulting-110909730310836\/","article_modified_time":"2020-06-18T06:45:33+00:00","twitter_card":"summary_large_image","twitter_misc":{"Estimeret l\u00e6setid":"2 minutter"},"schema":{"@context":"https:\/\/schema.org","@graph":[{"@type":"WebPage","@id":"https:\/\/borgensgaard-consulting.dk\/da\/personlig-profil-charlotte-borgensgaard\/","url":"https:\/\/borgensgaard-consulting.dk\/da\/personlig-profil-charlotte-borgensgaard\/","name":"Personlig profil - Charlotte Borgensgaard - Borgensgaard Consulting","isPartOf":{"@id":"https:\/\/borgensgaard-consulting.dk\/#website"},"datePublished":"2019-10-05T20:26:48+00:00","dateModified":"2020-06-18T06:45:33+00:00","description":"Charlotte Borgengaard's karriere startede i life science industrien for mere end 25 \u00e5r siden som projektleder p\u00e5 implementering af Medical Device Directive og certificering i henhold til ISO 9001 og EN 46001 (forg\u00e6nger til ISO 13485 for medicinsk udstyr).","breadcrumb":{"@id":"https:\/\/borgensgaard-consulting.dk\/da\/personlig-profil-charlotte-borgensgaard\/#breadcrumb"},"inLanguage":"da-DK","potentialAction":[{"@type":"ReadAction","target":["https:\/\/borgensgaard-consulting.dk\/da\/personlig-profil-charlotte-borgensgaard\/"]}]},{"@type":"BreadcrumbList","@id":"https:\/\/borgensgaard-consulting.dk\/da\/personlig-profil-charlotte-borgensgaard\/#breadcrumb","itemListElement":[{"@type":"ListItem","position":1,"name":"Home","item":"https:\/\/borgensgaard-consulting.dk\/da\/"},{"@type":"ListItem","position":2,"name":"Personlig profil &#8211; Charlotte Borgensgaard"}]},{"@type":"WebSite","@id":"https:\/\/borgensgaard-consulting.dk\/#website","url":"https:\/\/borgensgaard-consulting.dk\/","name":"Borgensgaard Consulting","description":"Quality Leadership and Quality Management","publisher":{"@id":"https:\/\/borgensgaard-consulting.dk\/#organization"},"potentialAction":[{"@type":"SearchAction","target":{"@type":"EntryPoint","urlTemplate":"https:\/\/borgensgaard-consulting.dk\/?s={search_term_string}"},"query-input":{"@type":"PropertyValueSpecification","valueRequired":true,"valueName":"search_term_string"}}],"inLanguage":"da-DK"},{"@type":"Organization","@id":"https:\/\/borgensgaard-consulting.dk\/#organization","name":"Borgensgaard Consulting","url":"https:\/\/borgensgaard-consulting.dk\/","logo":{"@type":"ImageObject","inLanguage":"da-DK","@id":"https:\/\/borgensgaard-consulting.dk\/#\/schema\/logo\/image\/","url":"https:\/\/borgensgaard-consulting.dk\/wp-content\/uploads\/2019\/10\/Borgensgaard.png","contentUrl":"https:\/\/borgensgaard-consulting.dk\/wp-content\/uploads\/2019\/10\/Borgensgaard.png","width":500,"height":138,"caption":"Borgensgaard Consulting"},"image":{"@id":"https:\/\/borgensgaard-consulting.dk\/#\/schema\/logo\/image\/"},"sameAs":["https:\/\/www.facebook.com\/Borgensgaard-Consulting-110909730310836\/"]}]}},"_links":{"self":[{"href":"https:\/\/borgensgaard-consulting.dk\/da\/wp-json\/wp\/v2\/pages\/609"}],"collection":[{"href":"https:\/\/borgensgaard-consulting.dk\/da\/wp-json\/wp\/v2\/pages"}],"about":[{"href":"https:\/\/borgensgaard-consulting.dk\/da\/wp-json\/wp\/v2\/types\/page"}],"author":[{"embeddable":true,"href":"https:\/\/borgensgaard-consulting.dk\/da\/wp-json\/wp\/v2\/users\/1"}],"replies":[{"embeddable":true,"href":"https:\/\/borgensgaard-consulting.dk\/da\/wp-json\/wp\/v2\/comments?post=609"}],"version-history":[{"count":14,"href":"https:\/\/borgensgaard-consulting.dk\/da\/wp-json\/wp\/v2\/pages\/609\/revisions"}],"predecessor-version":[{"id":2975,"href":"https:\/\/borgensgaard-consulting.dk\/da\/wp-json\/wp\/v2\/pages\/609\/revisions\/2975"}],"wp:attachment":[{"href":"https:\/\/borgensgaard-consulting.dk\/da\/wp-json\/wp\/v2\/media?parent=609"}],"curies":[{"name":"wp","href":"https:\/\/api.w.org\/{rel}","templated":true}]}}