{"id":583,"date":"2019-10-05T22:14:01","date_gmt":"2019-10-05T20:14:01","guid":{"rendered":"https:\/\/borgensgaard-consulting.dk\/?page_id=583"},"modified":"2024-06-19T15:05:23","modified_gmt":"2024-06-19T13:05:23","slug":"home","status":"publish","type":"page","link":"https:\/\/borgensgaard-consulting.dk\/da\/","title":{"rendered":"HOME"},"content":{"rendered":"<div id=\"pl-583\"  class=\"panel-layout\" ><div id=\"pg-583-0\"  class=\"panel-grid panel-has-style\" ><div class=\"siteorigin-panels-stretch panel-row-style panel-row-style-for-583-0\" data-stretch-type=\"full\" ><div id=\"pgc-583-0-0\"  class=\"panel-grid-cell\" ><div id=\"panel-583-0-0-0\" class=\"so-panel widget widget_sow-editor panel-first-child panel-last-child\" data-index=\"0\" ><div class=\"flash_inherit_color panel-widget-style panel-widget-style-for-583-0-0-0\" ><div\n\t\t\t\n\t\t\tclass=\"so-widget-sow-editor so-widget-sow-editor-base\"\n\t\t\t\n\t\t>\n<div class=\"siteorigin-widget-tinymce textwidget\">\n\t<h1 style=\"text-align: center;\">Quality Leadership, Quality Management og Regulatory Compliance<\/h1>\n<h1 id=\"intro_section_text_1\" class=\"intro white-text\" style=\"text-align: center;\">Life Science Industrien<\/h1>\n<\/div>\n<\/div><\/div><\/div><\/div><\/div><\/div><div id=\"pg-583-1\"  class=\"panel-grid panel-no-style\" ><div id=\"pgc-583-1-0\"  class=\"panel-grid-cell\" ><div id=\"panel-583-1-0-0\" class=\"so-panel widget widget_sow-editor panel-first-child panel-last-child\" data-index=\"1\" ><div\n\t\t\t\n\t\t\tclass=\"so-widget-sow-editor so-widget-sow-editor-base\"\n\t\t\t\n\t\t>\n<div class=\"siteorigin-widget-tinymce textwidget\">\n\t<h1 style=\"text-align: center;\">SERVICES<\/h1>\n<p style=\"text-align: center;\"><strong>Jeg leverer prim\u00e6rt serviceydelser til life science industrien, men min erfaring og kompetencer er ogs\u00e5 relevante for andre brancher.<\/strong><\/p>\n<\/div>\n<\/div><\/div><\/div><\/div><div id=\"pg-583-2\"  class=\"panel-grid panel-has-style\" ><div class=\"panel-row-style panel-row-style-for-583-2\" ><div id=\"pgc-583-2-0\"  class=\"panel-grid-cell\" ><div id=\"panel-583-2-0-0\" class=\"so-panel widget widget_sow-image panel-first-child\" data-index=\"2\" ><div\n\t\t\t\n\t\t\tclass=\"so-widget-sow-image so-widget-sow-image-default-5b99f59c01c9-583\"\n\t\t\t\n\t\t>\n\n<div class=\"sow-image-container\">\n\t\t\t<a href=\"https:\/\/borgensgaard-consulting.dk\/services\/\"\n\t\t\t\t\t>\n\t\t\t<img loading=\"lazy\" decoding=\"async\" src=\"https:\/\/borgensgaard-consulting.dk\/wp-content\/uploads\/2020\/05\/Consulting-Services-.jpg\" width=\"600\" height=\"400\" srcset=\"https:\/\/borgensgaard-consulting.dk\/wp-content\/uploads\/2020\/05\/Consulting-Services-.jpg 600w, https:\/\/borgensgaard-consulting.dk\/wp-content\/uploads\/2020\/05\/Consulting-Services--300x200.jpg 300w, https:\/\/borgensgaard-consulting.dk\/wp-content\/uploads\/2020\/05\/Consulting-Services--272x182.jpg 272w\" sizes=\"(max-width: 600px) 100vw, 600px\" title=\"KONSULENTYDELSER\" alt=\"\" \t\tclass=\"so-widget-image\"\/>\n\t<\/a><\/div>\n\n<h3 class=\"widget-title\">KONSULENTYDELSER<\/h3><\/div><\/div><div id=\"panel-583-2-0-1\" class=\"so-panel widget widget_sow-image panel-last-child\" data-index=\"3\" ><div\n\t\t\t\n\t\t\tclass=\"so-widget-sow-image so-widget-sow-image-default-5b99f59c01c9-583\"\n\t\t\t\n\t\t>\n\n<div class=\"sow-image-container\">\n\t\t\t<a href=\"https:\/\/borgensgaard-consulting.dk\/da\/services\/regulativer-og-standarder\/\"\n\t\t\t\t\t>\n\t\t\t<img loading=\"lazy\" decoding=\"async\" src=\"https:\/\/borgensgaard-consulting.dk\/wp-content\/uploads\/2019\/10\/regulations.jpg\" width=\"600\" height=\"400\" srcset=\"https:\/\/borgensgaard-consulting.dk\/wp-content\/uploads\/2019\/10\/regulations.jpg 600w, https:\/\/borgensgaard-consulting.dk\/wp-content\/uploads\/2019\/10\/regulations-300x200.jpg 300w, https:\/\/borgensgaard-consulting.dk\/wp-content\/uploads\/2019\/10\/regulations-272x182.jpg 272w\" sizes=\"(max-width: 600px) 100vw, 600px\" title=\"REGULATORY COMPLIANCE \" alt=\"\" \t\tclass=\"so-widget-image\"\/>\n\t<\/a><\/div>\n\n<h3 class=\"widget-title\">REGULATORY COMPLIANCE <\/h3><\/div><\/div><\/div><div id=\"pgc-583-2-1\"  class=\"panel-grid-cell\" ><div id=\"panel-583-2-1-0\" class=\"so-panel widget widget_sow-image panel-first-child panel-last-child\" data-index=\"4\" ><div\n\t\t\t\n\t\t\tclass=\"so-widget-sow-image so-widget-sow-image-default-5b99f59c01c9-583\"\n\t\t\t\n\t\t>\n\n<div class=\"sow-image-container\">\n\t\t\t<a href=\"https:\/\/borgensgaard-consulting.dk\/da\/services\/quality-management-goer-tingene-rigtigt\/\"\n\t\t\t\t\t>\n\t\t\t<img loading=\"lazy\" decoding=\"async\" src=\"https:\/\/borgensgaard-consulting.dk\/wp-content\/uploads\/2019\/10\/quality-management.jpg\" width=\"600\" height=\"400\" srcset=\"https:\/\/borgensgaard-consulting.dk\/wp-content\/uploads\/2019\/10\/quality-management.jpg 600w, https:\/\/borgensgaard-consulting.dk\/wp-content\/uploads\/2019\/10\/quality-management-300x200.jpg 300w, https:\/\/borgensgaard-consulting.dk\/wp-content\/uploads\/2019\/10\/quality-management-272x182.jpg 272w\" sizes=\"(max-width: 600px) 100vw, 600px\" title=\"QUALITY MANAGEMENT\" alt=\"\" \t\tclass=\"so-widget-image\"\/>\n\t<\/a><\/div>\n\n<h3 class=\"widget-title\">QUALITY MANAGEMENT<\/h3><\/div><\/div><\/div><div id=\"pgc-583-2-2\"  class=\"panel-grid-cell\" ><div id=\"panel-583-2-2-0\" class=\"so-panel widget widget_sow-image panel-first-child panel-last-child\" data-index=\"5\" ><div\n\t\t\t\n\t\t\tclass=\"so-widget-sow-image so-widget-sow-image-default-5b99f59c01c9-583\"\n\t\t\t\n\t\t>\n\n<div class=\"sow-image-container\">\n\t\t\t<a href=\"https:\/\/borgensgaard-consulting.dk\/da\/services\/quality-leadership-goer-de-rigtige-ting\/\"\n\t\t\t\t\t>\n\t\t\t<img loading=\"lazy\" decoding=\"async\" src=\"https:\/\/borgensgaard-consulting.dk\/wp-content\/uploads\/2019\/10\/qualiy-leadership.jpg\" width=\"600\" height=\"400\" srcset=\"https:\/\/borgensgaard-consulting.dk\/wp-content\/uploads\/2019\/10\/qualiy-leadership.jpg 600w, https:\/\/borgensgaard-consulting.dk\/wp-content\/uploads\/2019\/10\/qualiy-leadership-300x200.jpg 300w, https:\/\/borgensgaard-consulting.dk\/wp-content\/uploads\/2019\/10\/qualiy-leadership-272x182.jpg 272w\" sizes=\"(max-width: 600px) 100vw, 600px\" title=\"QUALITY LEADERSHIP\" alt=\"\" \t\tclass=\"so-widget-image\"\/>\n\t<\/a><\/div>\n\n<h3 class=\"widget-title\">QUALITY LEADERSHIP<\/h3><\/div><\/div><\/div><\/div><\/div><div id=\"pg-583-3\"  class=\"panel-grid panel-has-style\" ><div class=\"siteorigin-panels-stretch panel-row-style panel-row-style-for-583-3\" data-stretch-type=\"full\" ><div id=\"pgc-583-3-0\"  class=\"panel-grid-cell\" ><div id=\"panel-583-3-0-0\" class=\"so-panel widget widget_sow-editor panel-first-child panel-last-child\" data-index=\"6\" ><div\n\t\t\t\n\t\t\tclass=\"so-widget-sow-editor so-widget-sow-editor-base\"\n\t\t\t\n\t\t>\n<div class=\"siteorigin-widget-tinymce textwidget\">\n\t<h2 style=\"text-align: center;\">NYT P\u00c5 BLOGGEN<\/h2>\n<\/div>\n<\/div><\/div><\/div><\/div><\/div><div id=\"pg-583-4\"  class=\"panel-grid panel-has-style\" ><div class=\"siteorigin-panels-stretch panel-row-style panel-row-style-for-583-4\" data-stretch-type=\"full\" ><div id=\"pgc-583-4-0\"  class=\"panel-grid-cell\" ><div id=\"panel-583-4-0-0\" class=\"so-panel widget widget_themegrill_flash_blog tg-widget blog-section panel-first-child panel-last-child\" data-index=\"7\" >\n<div class=\"blog-wrapper tg-column-wrapper tg-blog-widget-layout-2\">\n\t\t<div class=\"tg-blog-widget tg-column-3\">\n\t\t\t\t<div class=\"post-image \">\n\t\t\t<figure><a href=\"https:\/\/borgensgaard-consulting.dk\/da\/import-af-medicinsk-udstyr\/\" title=\"Import af medicinsk udstyr\"><img loading=\"lazy\" decoding=\"async\" width=\"370\" height=\"157\" src=\"https:\/\/borgensgaard-consulting.dk\/wp-content\/uploads\/2019\/10\/Charlotte_Borgensgaard.jpg\" class=\"attachment-flash-grid size-flash-grid wp-post-image\" alt=\"\" srcset=\"https:\/\/borgensgaard-consulting.dk\/wp-content\/uploads\/2019\/10\/Charlotte_Borgensgaard.jpg 1105w, https:\/\/borgensgaard-consulting.dk\/wp-content\/uploads\/2019\/10\/Charlotte_Borgensgaard-300x127.jpg 300w, https:\/\/borgensgaard-consulting.dk\/wp-content\/uploads\/2019\/10\/Charlotte_Borgensgaard-768x325.jpg 768w, https:\/\/borgensgaard-consulting.dk\/wp-content\/uploads\/2019\/10\/Charlotte_Borgensgaard-1024x434.jpg 1024w\" sizes=\"(max-width: 370px) 100vw, 370px\" \/><\/a><\/figure>\t\t\t<span class=\"entry-date\">\n\t\t\t\t<i class=\"fa fa-clock-o\"><\/i><a href=\"https:\/\/borgensgaard-consulting.dk\/da\/import-af-medicinsk-udstyr\/\" rel=\"bookmark\">21. april 2021<\/a>\n\t\t\t<\/span>\n\t\t\t\t\t<\/div>\n\t\t<div class=\"blog-content\">\n\t\t\t<h3 class=\"entry-title\"><a href=\"https:\/\/borgensgaard-consulting.dk\/da\/import-af-medicinsk-udstyr\/\">Import af medicinsk udstyr<\/a><\/h3>\n\t\t\t\t\t\t<div class=\"entry-summary\">\n\t\t\t\t<p>Import af medicinsk udstyr Har du\/I fundet et medicinsk udstyr, som fremstilles udenfor Europa, og som endnu ikke s\u00e6lges p\u00e5 [&hellip;]<\/p>\n\t\t\t<\/div>\n\t\t\t\t\t\t<div class=\"read-more-container\">\n\t\t\t\t<span class=\"entry-author\">\n\t\t\t\t\t<i class=\"fa fa-user\"><\/i><a class=\"url fn n\" href=\"https:\/\/borgensgaard-consulting.dk\/da\/author\/borgensgaard\/\">Borgensgaard<\/a>\n\t\t\t\t<\/span>\n\t\t\t\t<div class=\"read-more\">\n\t\t\t\t\t<a href=\"https:\/\/borgensgaard-consulting.dk\/da\/import-af-medicinsk-udstyr\/\">Read More<\/a>\n\t\t\t\t<\/div>\n\t\t\t<\/div>\n\t\t\t\t\t<\/div>\n\t<\/div>\n\t\t<div class=\"tg-blog-widget tg-column-3\">\n\t\t\t\t<div class=\"post-image \">\n\t\t\t<figure><a href=\"https:\/\/borgensgaard-consulting.dk\/da\/distributoerers-kontrol-af-medicinsk-udstyr\/\" title=\"Distribut\u00f8rers kontrol af medicinsk udstyr\"><img loading=\"lazy\" decoding=\"async\" width=\"370\" height=\"157\" src=\"https:\/\/borgensgaard-consulting.dk\/wp-content\/uploads\/2019\/10\/Charlotte_Borgensgaard.jpg\" class=\"attachment-flash-grid size-flash-grid wp-post-image\" alt=\"\" srcset=\"https:\/\/borgensgaard-consulting.dk\/wp-content\/uploads\/2019\/10\/Charlotte_Borgensgaard.jpg 1105w, https:\/\/borgensgaard-consulting.dk\/wp-content\/uploads\/2019\/10\/Charlotte_Borgensgaard-300x127.jpg 300w, https:\/\/borgensgaard-consulting.dk\/wp-content\/uploads\/2019\/10\/Charlotte_Borgensgaard-768x325.jpg 768w, https:\/\/borgensgaard-consulting.dk\/wp-content\/uploads\/2019\/10\/Charlotte_Borgensgaard-1024x434.jpg 1024w\" sizes=\"(max-width: 370px) 100vw, 370px\" \/><\/a><\/figure>\t\t\t<span class=\"entry-date\">\n\t\t\t\t<i class=\"fa fa-clock-o\"><\/i><a href=\"https:\/\/borgensgaard-consulting.dk\/da\/distributoerers-kontrol-af-medicinsk-udstyr\/\" rel=\"bookmark\">31. marts 2021<\/a>\n\t\t\t<\/span>\n\t\t\t\t\t<\/div>\n\t\t<div class=\"blog-content\">\n\t\t\t<h3 class=\"entry-title\"><a href=\"https:\/\/borgensgaard-consulting.dk\/da\/distributoerers-kontrol-af-medicinsk-udstyr\/\">Distribut\u00f8rers kontrol af medicinsk udstyr<\/a><\/h3>\n\t\t\t\t\t\t<div class=\"entry-summary\">\n\t\t\t\t<p>M\u00e6rkning skal kontrolleres p\u00e5 det medicinske udstyr, dets emballage samt alle h\u00f8jere pakkeniveauer med undtagelse af forsendelseskartoner. Det er ikke [&hellip;]<\/p>\n\t\t\t<\/div>\n\t\t\t\t\t\t<div class=\"read-more-container\">\n\t\t\t\t<span class=\"entry-author\">\n\t\t\t\t\t<i class=\"fa fa-user\"><\/i><a class=\"url fn n\" href=\"https:\/\/borgensgaard-consulting.dk\/da\/author\/borgensgaard\/\">Borgensgaard<\/a>\n\t\t\t\t<\/span>\n\t\t\t\t<div class=\"read-more\">\n\t\t\t\t\t<a href=\"https:\/\/borgensgaard-consulting.dk\/da\/distributoerers-kontrol-af-medicinsk-udstyr\/\">Read More<\/a>\n\t\t\t\t<\/div>\n\t\t\t<\/div>\n\t\t\t\t\t<\/div>\n\t<\/div>\n\t\t<div class=\"tg-blog-widget tg-column-3\">\n\t\t\t\t<div class=\"post-image \">\n\t\t\t<figure><a href=\"https:\/\/borgensgaard-consulting.dk\/da\/krav-til-distributoerers-kontrol-af-medicinsk-udstyr\/\" title=\"Krav til distribut\u00f8rers kontrol af medicinsk udstyr\"><img loading=\"lazy\" decoding=\"async\" width=\"370\" height=\"157\" src=\"https:\/\/borgensgaard-consulting.dk\/wp-content\/uploads\/2019\/10\/Charlotte_Borgensgaard.jpg\" class=\"attachment-flash-grid size-flash-grid wp-post-image\" alt=\"\" srcset=\"https:\/\/borgensgaard-consulting.dk\/wp-content\/uploads\/2019\/10\/Charlotte_Borgensgaard.jpg 1105w, https:\/\/borgensgaard-consulting.dk\/wp-content\/uploads\/2019\/10\/Charlotte_Borgensgaard-300x127.jpg 300w, https:\/\/borgensgaard-consulting.dk\/wp-content\/uploads\/2019\/10\/Charlotte_Borgensgaard-768x325.jpg 768w, https:\/\/borgensgaard-consulting.dk\/wp-content\/uploads\/2019\/10\/Charlotte_Borgensgaard-1024x434.jpg 1024w\" sizes=\"(max-width: 370px) 100vw, 370px\" \/><\/a><\/figure>\t\t\t<span class=\"entry-date\">\n\t\t\t\t<i class=\"fa fa-clock-o\"><\/i><a href=\"https:\/\/borgensgaard-consulting.dk\/da\/krav-til-distributoerers-kontrol-af-medicinsk-udstyr\/\" rel=\"bookmark\">24. marts 2021<\/a>\n\t\t\t<\/span>\n\t\t\t\t\t<\/div>\n\t\t<div class=\"blog-content\">\n\t\t\t<h3 class=\"entry-title\"><a href=\"https:\/\/borgensgaard-consulting.dk\/da\/krav-til-distributoerers-kontrol-af-medicinsk-udstyr\/\">Krav til distribut\u00f8rers kontrol af medicinsk udstyr<\/a><\/h3>\n\t\t\t\t\t\t<div class=\"entry-summary\">\n\t\t\t\t<p>Krav til distribut\u00f8rer af medicinsk udstyr er ikke altid nemme at forst\u00e5 og giver ofte anledning til sp\u00f8rgsm\u00e5l! Et godt [&hellip;]<\/p>\n\t\t\t<\/div>\n\t\t\t\t\t\t<div class=\"read-more-container\">\n\t\t\t\t<span class=\"entry-author\">\n\t\t\t\t\t<i class=\"fa fa-user\"><\/i><a class=\"url fn n\" href=\"https:\/\/borgensgaard-consulting.dk\/da\/author\/borgensgaard\/\">Borgensgaard<\/a>\n\t\t\t\t<\/span>\n\t\t\t\t<div class=\"read-more\">\n\t\t\t\t\t<a href=\"https:\/\/borgensgaard-consulting.dk\/da\/krav-til-distributoerers-kontrol-af-medicinsk-udstyr\/\">Read More<\/a>\n\t\t\t\t<\/div>\n\t\t\t<\/div>\n\t\t\t\t\t<\/div>\n\t<\/div>\n\t\t<div class=\"tg-blog-widget tg-column-3\">\n\t\t\t\t<div class=\"post-image \">\n\t\t\t<figure><a href=\"https:\/\/borgensgaard-consulting.dk\/da\/har-i-styr-paa-jeres-rolle-som-importoer-eller-distributoer-af-medicinsk-udstyr\/\" title=\"Har I styr p\u00e5 jeres rolle som Import\u00f8r eller Distribut\u00f8r af medicinsk udstyr!\"><img loading=\"lazy\" decoding=\"async\" width=\"370\" height=\"270\" src=\"https:\/\/borgensgaard-consulting.dk\/wp-content\/uploads\/2021\/03\/Medicinsk-udstyr-kursus-370x270.png\" class=\"attachment-flash-grid size-flash-grid wp-post-image\" alt=\"\" \/><\/a><\/figure>\t\t\t<span class=\"entry-date\">\n\t\t\t\t<i class=\"fa fa-clock-o\"><\/i><a href=\"https:\/\/borgensgaard-consulting.dk\/da\/har-i-styr-paa-jeres-rolle-som-importoer-eller-distributoer-af-medicinsk-udstyr\/\" rel=\"bookmark\">3. marts 2021<\/a>\n\t\t\t<\/span>\n\t\t\t\t\t<\/div>\n\t\t<div class=\"blog-content\">\n\t\t\t<h3 class=\"entry-title\"><a href=\"https:\/\/borgensgaard-consulting.dk\/da\/har-i-styr-paa-jeres-rolle-som-importoer-eller-distributoer-af-medicinsk-udstyr\/\">Har I styr p\u00e5 jeres rolle som Import\u00f8r eller Distribut\u00f8r af medicinsk udstyr!<\/a><\/h3>\n\t\t\t\t\t\t<div class=\"entry-summary\">\n\t\t\t\t<p>Har I styr p\u00e5 jeres rolle som Import\u00f8r eller Distribut\u00f8r af medicinsk udstyr! Forordning (EU) 2017\/745 om medicinsk udstyr, som [&hellip;]<\/p>\n\t\t\t<\/div>\n\t\t\t\t\t\t<div class=\"read-more-container\">\n\t\t\t\t<span class=\"entry-author\">\n\t\t\t\t\t<i class=\"fa fa-user\"><\/i><a class=\"url fn n\" href=\"https:\/\/borgensgaard-consulting.dk\/da\/author\/borgensgaard\/\">Borgensgaard<\/a>\n\t\t\t\t<\/span>\n\t\t\t\t<div class=\"read-more\">\n\t\t\t\t\t<a href=\"https:\/\/borgensgaard-consulting.dk\/da\/har-i-styr-paa-jeres-rolle-som-importoer-eller-distributoer-af-medicinsk-udstyr\/\">Read More<\/a>\n\t\t\t\t<\/div>\n\t\t\t<\/div>\n\t\t\t\t\t<\/div>\n\t<\/div>\n\t<\/div><!-- .blog-wrapper -->\n<\/div><\/div><\/div><\/div><\/div>","protected":false},"excerpt":{"rendered":"<p>Har I styr p\u00e5 jeres rolle som Import\u00f8r eller Distribut\u00f8r af medicinsk udstyr! Forordning (EU) 2017\/745 om medicinsk udstyr, som [&hellip;]<\/p>\n","protected":false},"author":1,"featured_media":0,"parent":0,"menu_order":0,"comment_status":"closed","ping_status":"closed","template":"","meta":{"_exactmetrics_skip_tracking":false,"_exactmetrics_sitenote_active":false,"_exactmetrics_sitenote_note":"","_exactmetrics_sitenote_category":0,"footnotes":""},"class_list":["post-583","page","type-page","status-publish","hentry"],"yoast_head":"<!-- This site is optimized with the Yoast SEO plugin v24.3 - https:\/\/yoast.com\/wordpress\/plugins\/seo\/ -->\n<title>HOME - Borgensgaard Consulting<\/title>\n<meta name=\"robots\" content=\"index, follow, max-snippet:-1, max-image-preview:large, max-video-preview:-1\" \/>\n<link rel=\"canonical\" href=\"https:\/\/borgensgaard-consulting.dk\/da\/\" \/>\n<meta property=\"og:locale\" content=\"da_DK\" \/>\n<meta property=\"og:type\" content=\"article\" \/>\n<meta property=\"og:title\" content=\"HOME - Borgensgaard Consulting\" \/>\n<meta property=\"og:description\" content=\"Har I styr p\u00e5 jeres rolle som Import\u00f8r eller Distribut\u00f8r af medicinsk udstyr! Forordning (EU) 2017\/745 om medicinsk udstyr, som [&hellip;]\" \/>\n<meta property=\"og:url\" content=\"https:\/\/borgensgaard-consulting.dk\/da\/\" \/>\n<meta property=\"og:site_name\" content=\"Borgensgaard Consulting\" \/>\n<meta property=\"article:publisher\" content=\"https:\/\/www.facebook.com\/Borgensgaard-Consulting-110909730310836\/\" \/>\n<meta property=\"article:modified_time\" content=\"2024-06-19T13:05:23+00:00\" \/>\n<meta name=\"twitter:card\" content=\"summary_large_image\" \/>\n<meta name=\"twitter:label1\" content=\"Estimeret l\u00e6setid\" \/>\n\t<meta name=\"twitter:data1\" content=\"1 minut\" \/>\n<script type=\"application\/ld+json\" class=\"yoast-schema-graph\">{\"@context\":\"https:\/\/schema.org\",\"@graph\":[{\"@type\":\"WebPage\",\"@id\":\"https:\/\/borgensgaard-consulting.dk\/da\/\",\"url\":\"https:\/\/borgensgaard-consulting.dk\/da\/\",\"name\":\"HOME - Borgensgaard Consulting\",\"isPartOf\":{\"@id\":\"https:\/\/borgensgaard-consulting.dk\/#website\"},\"datePublished\":\"2019-10-05T20:14:01+00:00\",\"dateModified\":\"2024-06-19T13:05:23+00:00\",\"breadcrumb\":{\"@id\":\"https:\/\/borgensgaard-consulting.dk\/da\/#breadcrumb\"},\"inLanguage\":\"da-DK\",\"potentialAction\":[{\"@type\":\"ReadAction\",\"target\":[\"https:\/\/borgensgaard-consulting.dk\/da\/\"]}]},{\"@type\":\"BreadcrumbList\",\"@id\":\"https:\/\/borgensgaard-consulting.dk\/da\/#breadcrumb\",\"itemListElement\":[{\"@type\":\"ListItem\",\"position\":1,\"name\":\"Home\",\"item\":\"https:\/\/borgensgaard-consulting.dk\/da\/\"},{\"@type\":\"ListItem\",\"position\":2,\"name\":\"HOME\"}]},{\"@type\":\"WebSite\",\"@id\":\"https:\/\/borgensgaard-consulting.dk\/#website\",\"url\":\"https:\/\/borgensgaard-consulting.dk\/\",\"name\":\"Borgensgaard Consulting\",\"description\":\"Quality Leadership and Quality Management\",\"publisher\":{\"@id\":\"https:\/\/borgensgaard-consulting.dk\/#organization\"},\"potentialAction\":[{\"@type\":\"SearchAction\",\"target\":{\"@type\":\"EntryPoint\",\"urlTemplate\":\"https:\/\/borgensgaard-consulting.dk\/?s={search_term_string}\"},\"query-input\":{\"@type\":\"PropertyValueSpecification\",\"valueRequired\":true,\"valueName\":\"search_term_string\"}}],\"inLanguage\":\"da-DK\"},{\"@type\":\"Organization\",\"@id\":\"https:\/\/borgensgaard-consulting.dk\/#organization\",\"name\":\"Borgensgaard Consulting\",\"url\":\"https:\/\/borgensgaard-consulting.dk\/\",\"logo\":{\"@type\":\"ImageObject\",\"inLanguage\":\"da-DK\",\"@id\":\"https:\/\/borgensgaard-consulting.dk\/#\/schema\/logo\/image\/\",\"url\":\"https:\/\/borgensgaard-consulting.dk\/wp-content\/uploads\/2019\/10\/Borgensgaard.png\",\"contentUrl\":\"https:\/\/borgensgaard-consulting.dk\/wp-content\/uploads\/2019\/10\/Borgensgaard.png\",\"width\":500,\"height\":138,\"caption\":\"Borgensgaard Consulting\"},\"image\":{\"@id\":\"https:\/\/borgensgaard-consulting.dk\/#\/schema\/logo\/image\/\"},\"sameAs\":[\"https:\/\/www.facebook.com\/Borgensgaard-Consulting-110909730310836\/\"]}]}<\/script>\n<!-- \/ Yoast SEO plugin. -->","yoast_head_json":{"title":"HOME - Borgensgaard Consulting","robots":{"index":"index","follow":"follow","max-snippet":"max-snippet:-1","max-image-preview":"max-image-preview:large","max-video-preview":"max-video-preview:-1"},"canonical":"https:\/\/borgensgaard-consulting.dk\/da\/","og_locale":"da_DK","og_type":"article","og_title":"HOME - Borgensgaard Consulting","og_description":"Har I styr p\u00e5 jeres rolle som Import\u00f8r eller Distribut\u00f8r af medicinsk udstyr! Forordning (EU) 2017\/745 om medicinsk udstyr, som [&hellip;]","og_url":"https:\/\/borgensgaard-consulting.dk\/da\/","og_site_name":"Borgensgaard Consulting","article_publisher":"https:\/\/www.facebook.com\/Borgensgaard-Consulting-110909730310836\/","article_modified_time":"2024-06-19T13:05:23+00:00","twitter_card":"summary_large_image","twitter_misc":{"Estimeret l\u00e6setid":"1 minut"},"schema":{"@context":"https:\/\/schema.org","@graph":[{"@type":"WebPage","@id":"https:\/\/borgensgaard-consulting.dk\/da\/","url":"https:\/\/borgensgaard-consulting.dk\/da\/","name":"HOME - Borgensgaard Consulting","isPartOf":{"@id":"https:\/\/borgensgaard-consulting.dk\/#website"},"datePublished":"2019-10-05T20:14:01+00:00","dateModified":"2024-06-19T13:05:23+00:00","breadcrumb":{"@id":"https:\/\/borgensgaard-consulting.dk\/da\/#breadcrumb"},"inLanguage":"da-DK","potentialAction":[{"@type":"ReadAction","target":["https:\/\/borgensgaard-consulting.dk\/da\/"]}]},{"@type":"BreadcrumbList","@id":"https:\/\/borgensgaard-consulting.dk\/da\/#breadcrumb","itemListElement":[{"@type":"ListItem","position":1,"name":"Home","item":"https:\/\/borgensgaard-consulting.dk\/da\/"},{"@type":"ListItem","position":2,"name":"HOME"}]},{"@type":"WebSite","@id":"https:\/\/borgensgaard-consulting.dk\/#website","url":"https:\/\/borgensgaard-consulting.dk\/","name":"Borgensgaard Consulting","description":"Quality Leadership and Quality Management","publisher":{"@id":"https:\/\/borgensgaard-consulting.dk\/#organization"},"potentialAction":[{"@type":"SearchAction","target":{"@type":"EntryPoint","urlTemplate":"https:\/\/borgensgaard-consulting.dk\/?s={search_term_string}"},"query-input":{"@type":"PropertyValueSpecification","valueRequired":true,"valueName":"search_term_string"}}],"inLanguage":"da-DK"},{"@type":"Organization","@id":"https:\/\/borgensgaard-consulting.dk\/#organization","name":"Borgensgaard Consulting","url":"https:\/\/borgensgaard-consulting.dk\/","logo":{"@type":"ImageObject","inLanguage":"da-DK","@id":"https:\/\/borgensgaard-consulting.dk\/#\/schema\/logo\/image\/","url":"https:\/\/borgensgaard-consulting.dk\/wp-content\/uploads\/2019\/10\/Borgensgaard.png","contentUrl":"https:\/\/borgensgaard-consulting.dk\/wp-content\/uploads\/2019\/10\/Borgensgaard.png","width":500,"height":138,"caption":"Borgensgaard Consulting"},"image":{"@id":"https:\/\/borgensgaard-consulting.dk\/#\/schema\/logo\/image\/"},"sameAs":["https:\/\/www.facebook.com\/Borgensgaard-Consulting-110909730310836\/"]}]}},"_links":{"self":[{"href":"https:\/\/borgensgaard-consulting.dk\/da\/wp-json\/wp\/v2\/pages\/583"}],"collection":[{"href":"https:\/\/borgensgaard-consulting.dk\/da\/wp-json\/wp\/v2\/pages"}],"about":[{"href":"https:\/\/borgensgaard-consulting.dk\/da\/wp-json\/wp\/v2\/types\/page"}],"author":[{"embeddable":true,"href":"https:\/\/borgensgaard-consulting.dk\/da\/wp-json\/wp\/v2\/users\/1"}],"replies":[{"embeddable":true,"href":"https:\/\/borgensgaard-consulting.dk\/da\/wp-json\/wp\/v2\/comments?post=583"}],"version-history":[{"count":61,"href":"https:\/\/borgensgaard-consulting.dk\/da\/wp-json\/wp\/v2\/pages\/583\/revisions"}],"predecessor-version":[{"id":3354,"href":"https:\/\/borgensgaard-consulting.dk\/da\/wp-json\/wp\/v2\/pages\/583\/revisions\/3354"}],"wp:attachment":[{"href":"https:\/\/borgensgaard-consulting.dk\/da\/wp-json\/wp\/v2\/media?parent=583"}],"curies":[{"name":"wp","href":"https:\/\/api.w.org\/{rel}","templated":true}]}}