{"id":3198,"date":"2021-03-03T10:46:34","date_gmt":"2021-03-03T09:46:34","guid":{"rendered":"https:\/\/borgensgaard-consulting.dk\/?page_id=3198"},"modified":"2021-04-21T15:02:35","modified_gmt":"2021-04-21T13:02:35","slug":"online-kursus-importoer-og-distributoer-af-medicinsk-udstyr-paa-det-europaeiske-marked","status":"publish","type":"page","link":"https:\/\/borgensgaard-consulting.dk\/da\/online-kursus-importoer-og-distributoer-af-medicinsk-udstyr-paa-det-europaeiske-marked\/","title":{"rendered":"Online Kursus &#8211; Import\u00f8rer og Distribut\u00f8rer af Medicinsk Udstyr p\u00e5 det Europ\u00e6iske Marked"},"content":{"rendered":"<div id=\"pl-3198\"  class=\"panel-layout\" ><div id=\"pg-3198-0\"  class=\"panel-grid panel-no-style\" ><div id=\"pgc-3198-0-0\"  class=\"panel-grid-cell\" ><div id=\"panel-3198-0-0-0\" class=\"so-panel widget widget_sow-editor panel-first-child\" data-index=\"0\" ><div\n\t\t\t\n\t\t\tclass=\"so-widget-sow-editor so-widget-sow-editor-base\"\n\t\t\t\n\t\t>\n<div class=\"siteorigin-widget-tinymce textwidget\">\n\t<h1><strong>Online Kursus for Import\u00f8rer og Distribut\u00f8rer af Medicinsk Udstyr<\/strong><\/h1>\n<h1><strong>EUs forordning om medicinsk udstyr (745\/2017)\u00a0<\/strong><\/h1>\n<\/div>\n<\/div><\/div><div id=\"panel-3198-0-0-1\" class=\"so-panel widget widget_sow-button\" data-index=\"1\" ><div\n\t\t\t\n\t\t\tclass=\"so-widget-sow-button so-widget-sow-button-atom-348289db1797-3198\"\n\t\t\t\n\t\t><div class=\"ow-button-base ow-button-align-left\">\n\t\t\t<a\n\t\t\t\t\thref=\"https:\/\/borgensgaardconsulting.simplero.com\/purchase\/125902-Online-Kursus-for-Importoerer-og\"\n\t\t\t\t\tclass=\"sowb-button ow-icon-placement-left ow-button-hover\" target=\"_blank\" rel=\"noopener noreferrer\" \t>\n\t\t<span>\n\t\t\t\n\t\t\tBook din plads nu\t\t<\/span>\n\t\t\t<\/a>\n\t<\/div>\n<\/div><\/div><div id=\"panel-3198-0-0-2\" class=\"so-panel widget widget_sow-editor\" data-index=\"2\" ><div\n\t\t\t\n\t\t\tclass=\"so-widget-sow-editor so-widget-sow-editor-base\"\n\t\t\t\n\t\t>\n<div class=\"siteorigin-widget-tinymce textwidget\">\n\t<h2>Dato: 26. maj 2021 kl. 9.00 \u2013 12.00\u00a0 \u00a0 \u00a0 \u00a0 \u00a0 \u00a0 \u00a0 \u00a0 \u00a0 \u00a0 \u00a0 \u00a0 \u00a0Pris: 2.250 DKR ex moms<\/h2>\n<h3><em>Tilmelding senest 11. maj<\/em><\/h3>\n<p>Der er gennemf\u00f8rt en grundl\u00e6ggende revision af direktivet for medicinsk udstyr (93\/42\/EEC) for at f\u00e5 et mere robust regels\u00e6t. Det har resulteret i en ny forordning for medicinsk udstyr (Medical Device Regulation 745\/2017), hvor der er \u00f8get forpligtelserne for import\u00f8rer og distribut\u00f8rer af medicinsk udstyr til det det Europ\u00e6iske marked.<\/p>\n<h2><strong>Hvorfor du skal tage dette kursus<\/strong><\/h2>\n<ul>\n<li>Hvis du er i tvivl om, hvorn\u00e5r man er import\u00f8r og hvorn\u00e5r man er distribut\u00f8r ifht. regulativet.<\/li>\n<li>Hvis du gerne vil have en bedre forst\u00e5else af, hvad som st\u00e5r i regulativet, og hvad som forventes af en import\u00f8r og distribut\u00f8r af medicinsk udstyr.<\/li>\n<li>Hvis du gerne vil have en bedre forst\u00e5else af forskellen i forpligtelserne for en import\u00f8r og distribut\u00f8r.<\/li>\n<li>Hvis du gerne vil have input til, hvordan du sikrer at du overholder dine forpligtelser samt undg\u00e5r faldgrupper.<\/li>\n<\/ul>\n<h2><strong>Hvad du vil l\u00e6re p\u00e5 dette kursus<\/strong><\/h2>\n<ul>\n<li>Du vil f\u00e5 et overblik over det lovm\u00e6ssige landskab<\/li>\n<li>Du vil l\u00e6re hvorn\u00e5r et udstyr betragtes som et medicinsk udstyr<\/li>\n<li>Du vil forst\u00e5 indholdet af EC overensstemmelseserkl\u00e6ring (EC declaration of conformity)<\/li>\n<li>Du vil forst\u00e5 din rolle(r) ifht. det medicinske regulativ<\/li>\n<li>Du vil forst\u00e5 dine forpligtelser som import\u00f8r og\/eller distribut\u00f8r af medicinsk udstyr<\/li>\n<li>Du vil f\u00e5 overblik over overgangsregler og tidsfrister<\/li>\n<li>Du vil l\u00e6re om UDI (Unique Device Identification)<\/li>\n<li>Du vil f\u00e5 vist et eksempel p\u00e5 opbygning af et kvalitetsstyringssystem<\/li>\n<\/ul>\n<h2><strong>\u00a0<\/strong><strong>Hvem skal deltage<\/strong><\/h2>\n<p>Enhver som arbejder med import eller distribution af medicinsk udstyr til det Europ\u00e6iske marked.<\/p>\n<h2><strong>Behov for forudg\u00e5ende viden\/erfaring<\/strong><\/h2>\n<p>Du beh\u00f8ver ikke at have viden\/erfaring indenfor omr\u00e5det for at deltage i kurset.<\/p>\n<h2><strong>Format<\/strong><\/h2>\n<p>Pr\u00e6sentationsmateriale vil v\u00e6re p\u00e5 dansk og undervisningen vil ligeledes foreg\u00e5 p\u00e5 dansk.<br \/>\nE-l\u00e6ring ved brug af computer eller tablet med h\u00f8jtaler og mikrofon.<\/p>\n<h2><strong>Kursets varighed<\/strong><\/h2>\n<p>Ca. 3 timer<\/p>\n<h2>Underviser<\/h2>\n<p>Charlotte Borgensgaard<\/p>\n<h2><strong>Antal Deltagere<\/strong><\/h2>\n<p>Maksimum 20 deltagere s\u00e5ledes at der er tid nok til sp\u00f8rgsm\u00e5l.<\/p>\n<\/div>\n<\/div><\/div><div id=\"panel-3198-0-0-3\" class=\"so-panel widget widget_sow-button panel-last-child\" data-index=\"3\" ><div\n\t\t\t\n\t\t\tclass=\"so-widget-sow-button so-widget-sow-button-atom-348289db1797-3198\"\n\t\t\t\n\t\t><div class=\"ow-button-base ow-button-align-left\">\n\t\t\t<a\n\t\t\t\t\thref=\"https:\/\/borgensgaardconsulting.simplero.com\/purchase\/125902-Online-Kursus-for-Importoerer-og\"\n\t\t\t\t\tclass=\"sowb-button ow-icon-placement-left ow-button-hover\" target=\"_blank\" rel=\"noopener noreferrer\" \t>\n\t\t<span>\n\t\t\t\n\t\t\tBook din plads nu\t\t<\/span>\n\t\t\t<\/a>\n\t<\/div>\n<\/div><\/div><\/div><\/div><\/div>","protected":false},"excerpt":{"rendered":"<p>Online Kursus for Import\u00f8rer og Distribut\u00f8rer af Medicinsk Udstyr EUs forordning om medicinsk udstyr (745\/2017)\u00a0 Dato: 26. maj 2021 kl. [&hellip;]<\/p>\n","protected":false},"author":1,"featured_media":0,"parent":0,"menu_order":0,"comment_status":"closed","ping_status":"closed","template":"","meta":{"_exactmetrics_skip_tracking":false,"_exactmetrics_sitenote_active":false,"_exactmetrics_sitenote_note":"","_exactmetrics_sitenote_category":0,"footnotes":""},"class_list":["post-3198","page","type-page","status-publish","hentry"],"yoast_head":"<!-- This site is optimized with the Yoast SEO plugin v24.3 - https:\/\/yoast.com\/wordpress\/plugins\/seo\/ -->\n<title>Online Kursus - Import\u00f8rer og Distribut\u00f8rer af Medicinsk Udstyr p\u00e5 det Europ\u00e6iske Marked - Borgensgaard Consulting<\/title>\n<meta name=\"robots\" content=\"index, follow, max-snippet:-1, max-image-preview:large, max-video-preview:-1\" \/>\n<link rel=\"canonical\" href=\"https:\/\/borgensgaard-consulting.dk\/da\/online-kursus-importoer-og-distributoer-af-medicinsk-udstyr-paa-det-europaeiske-marked\/\" \/>\n<meta property=\"og:locale\" content=\"da_DK\" \/>\n<meta property=\"og:type\" content=\"article\" \/>\n<meta property=\"og:title\" content=\"Online Kursus - Import\u00f8rer og Distribut\u00f8rer af Medicinsk Udstyr p\u00e5 det Europ\u00e6iske Marked - Borgensgaard Consulting\" \/>\n<meta property=\"og:description\" content=\"Online Kursus for Import\u00f8rer og Distribut\u00f8rer af Medicinsk Udstyr EUs forordning om medicinsk udstyr (745\/2017)\u00a0 Dato: 26. maj 2021 kl. [&hellip;]\" \/>\n<meta property=\"og:url\" content=\"https:\/\/borgensgaard-consulting.dk\/da\/online-kursus-importoer-og-distributoer-af-medicinsk-udstyr-paa-det-europaeiske-marked\/\" \/>\n<meta property=\"og:site_name\" content=\"Borgensgaard Consulting\" \/>\n<meta property=\"article:publisher\" content=\"https:\/\/www.facebook.com\/Borgensgaard-Consulting-110909730310836\/\" \/>\n<meta property=\"article:modified_time\" content=\"2021-04-21T13:02:35+00:00\" \/>\n<meta name=\"twitter:card\" content=\"summary_large_image\" \/>\n<meta name=\"twitter:label1\" content=\"Estimeret l\u00e6setid\" \/>\n\t<meta name=\"twitter:data1\" content=\"2 minutter\" \/>\n<script type=\"application\/ld+json\" class=\"yoast-schema-graph\">{\"@context\":\"https:\/\/schema.org\",\"@graph\":[{\"@type\":\"WebPage\",\"@id\":\"https:\/\/borgensgaard-consulting.dk\/da\/online-kursus-importoer-og-distributoer-af-medicinsk-udstyr-paa-det-europaeiske-marked\/\",\"url\":\"https:\/\/borgensgaard-consulting.dk\/da\/online-kursus-importoer-og-distributoer-af-medicinsk-udstyr-paa-det-europaeiske-marked\/\",\"name\":\"Online Kursus - Import\u00f8rer og Distribut\u00f8rer af Medicinsk Udstyr p\u00e5 det Europ\u00e6iske Marked - Borgensgaard Consulting\",\"isPartOf\":{\"@id\":\"https:\/\/borgensgaard-consulting.dk\/#website\"},\"datePublished\":\"2021-03-03T09:46:34+00:00\",\"dateModified\":\"2021-04-21T13:02:35+00:00\",\"breadcrumb\":{\"@id\":\"https:\/\/borgensgaard-consulting.dk\/da\/online-kursus-importoer-og-distributoer-af-medicinsk-udstyr-paa-det-europaeiske-marked\/#breadcrumb\"},\"inLanguage\":\"da-DK\",\"potentialAction\":[{\"@type\":\"ReadAction\",\"target\":[\"https:\/\/borgensgaard-consulting.dk\/da\/online-kursus-importoer-og-distributoer-af-medicinsk-udstyr-paa-det-europaeiske-marked\/\"]}]},{\"@type\":\"BreadcrumbList\",\"@id\":\"https:\/\/borgensgaard-consulting.dk\/da\/online-kursus-importoer-og-distributoer-af-medicinsk-udstyr-paa-det-europaeiske-marked\/#breadcrumb\",\"itemListElement\":[{\"@type\":\"ListItem\",\"position\":1,\"name\":\"Home\",\"item\":\"https:\/\/borgensgaard-consulting.dk\/da\/\"},{\"@type\":\"ListItem\",\"position\":2,\"name\":\"Online Kursus &#8211; Import\u00f8rer og Distribut\u00f8rer af Medicinsk Udstyr p\u00e5 det Europ\u00e6iske Marked\"}]},{\"@type\":\"WebSite\",\"@id\":\"https:\/\/borgensgaard-consulting.dk\/#website\",\"url\":\"https:\/\/borgensgaard-consulting.dk\/\",\"name\":\"Borgensgaard Consulting\",\"description\":\"Quality Leadership and Quality Management\",\"publisher\":{\"@id\":\"https:\/\/borgensgaard-consulting.dk\/#organization\"},\"potentialAction\":[{\"@type\":\"SearchAction\",\"target\":{\"@type\":\"EntryPoint\",\"urlTemplate\":\"https:\/\/borgensgaard-consulting.dk\/?s={search_term_string}\"},\"query-input\":{\"@type\":\"PropertyValueSpecification\",\"valueRequired\":true,\"valueName\":\"search_term_string\"}}],\"inLanguage\":\"da-DK\"},{\"@type\":\"Organization\",\"@id\":\"https:\/\/borgensgaard-consulting.dk\/#organization\",\"name\":\"Borgensgaard Consulting\",\"url\":\"https:\/\/borgensgaard-consulting.dk\/\",\"logo\":{\"@type\":\"ImageObject\",\"inLanguage\":\"da-DK\",\"@id\":\"https:\/\/borgensgaard-consulting.dk\/#\/schema\/logo\/image\/\",\"url\":\"https:\/\/borgensgaard-consulting.dk\/wp-content\/uploads\/2019\/10\/Borgensgaard.png\",\"contentUrl\":\"https:\/\/borgensgaard-consulting.dk\/wp-content\/uploads\/2019\/10\/Borgensgaard.png\",\"width\":500,\"height\":138,\"caption\":\"Borgensgaard Consulting\"},\"image\":{\"@id\":\"https:\/\/borgensgaard-consulting.dk\/#\/schema\/logo\/image\/\"},\"sameAs\":[\"https:\/\/www.facebook.com\/Borgensgaard-Consulting-110909730310836\/\"]}]}<\/script>\n<!-- \/ Yoast SEO plugin. -->","yoast_head_json":{"title":"Online Kursus - Import\u00f8rer og Distribut\u00f8rer af Medicinsk Udstyr p\u00e5 det Europ\u00e6iske Marked - Borgensgaard Consulting","robots":{"index":"index","follow":"follow","max-snippet":"max-snippet:-1","max-image-preview":"max-image-preview:large","max-video-preview":"max-video-preview:-1"},"canonical":"https:\/\/borgensgaard-consulting.dk\/da\/online-kursus-importoer-og-distributoer-af-medicinsk-udstyr-paa-det-europaeiske-marked\/","og_locale":"da_DK","og_type":"article","og_title":"Online Kursus - Import\u00f8rer og Distribut\u00f8rer af Medicinsk Udstyr p\u00e5 det Europ\u00e6iske Marked - Borgensgaard Consulting","og_description":"Online Kursus for Import\u00f8rer og Distribut\u00f8rer af Medicinsk Udstyr EUs forordning om medicinsk udstyr (745\/2017)\u00a0 Dato: 26. maj 2021 kl. [&hellip;]","og_url":"https:\/\/borgensgaard-consulting.dk\/da\/online-kursus-importoer-og-distributoer-af-medicinsk-udstyr-paa-det-europaeiske-marked\/","og_site_name":"Borgensgaard Consulting","article_publisher":"https:\/\/www.facebook.com\/Borgensgaard-Consulting-110909730310836\/","article_modified_time":"2021-04-21T13:02:35+00:00","twitter_card":"summary_large_image","twitter_misc":{"Estimeret l\u00e6setid":"2 minutter"},"schema":{"@context":"https:\/\/schema.org","@graph":[{"@type":"WebPage","@id":"https:\/\/borgensgaard-consulting.dk\/da\/online-kursus-importoer-og-distributoer-af-medicinsk-udstyr-paa-det-europaeiske-marked\/","url":"https:\/\/borgensgaard-consulting.dk\/da\/online-kursus-importoer-og-distributoer-af-medicinsk-udstyr-paa-det-europaeiske-marked\/","name":"Online Kursus - Import\u00f8rer og Distribut\u00f8rer af Medicinsk Udstyr p\u00e5 det Europ\u00e6iske Marked - Borgensgaard Consulting","isPartOf":{"@id":"https:\/\/borgensgaard-consulting.dk\/#website"},"datePublished":"2021-03-03T09:46:34+00:00","dateModified":"2021-04-21T13:02:35+00:00","breadcrumb":{"@id":"https:\/\/borgensgaard-consulting.dk\/da\/online-kursus-importoer-og-distributoer-af-medicinsk-udstyr-paa-det-europaeiske-marked\/#breadcrumb"},"inLanguage":"da-DK","potentialAction":[{"@type":"ReadAction","target":["https:\/\/borgensgaard-consulting.dk\/da\/online-kursus-importoer-og-distributoer-af-medicinsk-udstyr-paa-det-europaeiske-marked\/"]}]},{"@type":"BreadcrumbList","@id":"https:\/\/borgensgaard-consulting.dk\/da\/online-kursus-importoer-og-distributoer-af-medicinsk-udstyr-paa-det-europaeiske-marked\/#breadcrumb","itemListElement":[{"@type":"ListItem","position":1,"name":"Home","item":"https:\/\/borgensgaard-consulting.dk\/da\/"},{"@type":"ListItem","position":2,"name":"Online Kursus &#8211; Import\u00f8rer og Distribut\u00f8rer af Medicinsk Udstyr p\u00e5 det Europ\u00e6iske Marked"}]},{"@type":"WebSite","@id":"https:\/\/borgensgaard-consulting.dk\/#website","url":"https:\/\/borgensgaard-consulting.dk\/","name":"Borgensgaard Consulting","description":"Quality Leadership and Quality Management","publisher":{"@id":"https:\/\/borgensgaard-consulting.dk\/#organization"},"potentialAction":[{"@type":"SearchAction","target":{"@type":"EntryPoint","urlTemplate":"https:\/\/borgensgaard-consulting.dk\/?s={search_term_string}"},"query-input":{"@type":"PropertyValueSpecification","valueRequired":true,"valueName":"search_term_string"}}],"inLanguage":"da-DK"},{"@type":"Organization","@id":"https:\/\/borgensgaard-consulting.dk\/#organization","name":"Borgensgaard Consulting","url":"https:\/\/borgensgaard-consulting.dk\/","logo":{"@type":"ImageObject","inLanguage":"da-DK","@id":"https:\/\/borgensgaard-consulting.dk\/#\/schema\/logo\/image\/","url":"https:\/\/borgensgaard-consulting.dk\/wp-content\/uploads\/2019\/10\/Borgensgaard.png","contentUrl":"https:\/\/borgensgaard-consulting.dk\/wp-content\/uploads\/2019\/10\/Borgensgaard.png","width":500,"height":138,"caption":"Borgensgaard Consulting"},"image":{"@id":"https:\/\/borgensgaard-consulting.dk\/#\/schema\/logo\/image\/"},"sameAs":["https:\/\/www.facebook.com\/Borgensgaard-Consulting-110909730310836\/"]}]}},"_links":{"self":[{"href":"https:\/\/borgensgaard-consulting.dk\/da\/wp-json\/wp\/v2\/pages\/3198"}],"collection":[{"href":"https:\/\/borgensgaard-consulting.dk\/da\/wp-json\/wp\/v2\/pages"}],"about":[{"href":"https:\/\/borgensgaard-consulting.dk\/da\/wp-json\/wp\/v2\/types\/page"}],"author":[{"embeddable":true,"href":"https:\/\/borgensgaard-consulting.dk\/da\/wp-json\/wp\/v2\/users\/1"}],"replies":[{"embeddable":true,"href":"https:\/\/borgensgaard-consulting.dk\/da\/wp-json\/wp\/v2\/comments?post=3198"}],"version-history":[{"count":38,"href":"https:\/\/borgensgaard-consulting.dk\/da\/wp-json\/wp\/v2\/pages\/3198\/revisions"}],"predecessor-version":[{"id":3310,"href":"https:\/\/borgensgaard-consulting.dk\/da\/wp-json\/wp\/v2\/pages\/3198\/revisions\/3310"}],"wp:attachment":[{"href":"https:\/\/borgensgaard-consulting.dk\/da\/wp-json\/wp\/v2\/media?parent=3198"}],"curies":[{"name":"wp","href":"https:\/\/api.w.org\/{rel}","templated":true}]}}