{"id":2925,"date":"2020-06-09T13:28:53","date_gmt":"2020-06-09T11:28:53","guid":{"rendered":"https:\/\/borgensgaard-consulting.dk\/?page_id=2925"},"modified":"2020-09-18T14:50:17","modified_gmt":"2020-09-18T12:50:17","slug":"online-kursus-eu-medical-device-regulation-for-erhvervsdrivende","status":"publish","type":"page","link":"https:\/\/borgensgaard-consulting.dk\/da\/services\/online-kurser-medicinsk-udstyr\/online-kursus-eu-medical-device-regulation-for-erhvervsdrivende\/","title":{"rendered":"Online Kursus: EU Medical Device Regulation for Erhvervsdrivende"},"content":{"rendered":"<div id=\"pl-2925\"  class=\"panel-layout\" ><div id=\"pg-2925-0\"  class=\"panel-grid panel-no-style\" ><div id=\"pgc-2925-0-0\"  class=\"panel-grid-cell\" ><div id=\"panel-2925-0-0-0\" class=\"so-panel widget widget_sow-editor panel-first-child panel-last-child\" data-index=\"0\" ><div\n\t\t\t\n\t\t\tclass=\"so-widget-sow-editor so-widget-sow-editor-base\"\n\t\t\t\n\t\t>\n<div class=\"siteorigin-widget-tinymce textwidget\">\n\t<h2>Online Course - EUs forordning om medicinsk udstyr for erhvervsdrivende<\/h2>\n<p>Der er gennemf\u00f8rt en grundl\u00e6ggende revision af direktivet for medicinsk udstyr 93\/42\/EEC\u00a0 for at f\u00e5 et mere robust, gennemsigtigt, forudsigeligt og b\u00e6redygtigt regels\u00e6t for medicinsk<br \/>\nudstyr, som sikrer et h\u00f8jt sikkerheds- og sundhedsniveau. Den nye forordning for medicinsk udstyr (Medical Device Regulation 745\/2017) har \u00f8get forpligtelserne for alle erhvervsdrivende: fabrikant, autoriserede repr\u00e6sentant, import\u00f8r og distribut\u00f8r.<\/p>\n<\/div>\n<\/div><\/div><\/div><\/div><div id=\"pg-2925-1\"  class=\"panel-grid panel-no-style\" ><div id=\"pgc-2925-1-0\"  class=\"panel-grid-cell\" ><div id=\"panel-2925-1-0-0\" class=\"so-panel widget widget_sow-button panel-first-child panel-last-child\" data-index=\"1\" ><div\n\t\t\t\n\t\t\tclass=\"so-widget-sow-button so-widget-sow-button-atom-691d2e28bda3-2925\"\n\t\t\t\n\t\t><div class=\"ow-button-base ow-button-align-left\">\n\t\t\t<a\n\t\t\t\t\thref=\"https:\/\/borgensgaardconsulting.simplero.com\/purchase\/108598-Online-Course-Medical-Device-Regulation\"\n\t\t\t\t\tclass=\"sowb-button ow-icon-placement-left ow-button-hover\" \t>\n\t\t<span>\n\t\t\t\n\t\t\tK\u00f8b kursus p\u00e5 engelsk til 1 person for 1.485 kr \t\t<\/span>\n\t\t\t<\/a>\n\t<\/div>\n<\/div><\/div><\/div><div id=\"pgc-2925-1-1\"  class=\"panel-grid-cell\" ><div id=\"panel-2925-1-1-0\" class=\"so-panel widget widget_sow-button panel-first-child panel-last-child\" data-index=\"2\" ><div\n\t\t\t\n\t\t\tclass=\"so-widget-sow-button so-widget-sow-button-atom-691d2e28bda3-2925\"\n\t\t\t\n\t\t><div class=\"ow-button-base ow-button-align-left\">\n\t\t\t<a\n\t\t\t\t\thref=\"https:\/\/borgensgaardconsulting.simplero.com\/purchase\/109249-Online-Raadgivning-inklusiv-kursus-EUs\"\n\t\t\t\t\tclass=\"sowb-button ow-icon-placement-left ow-button-hover\" \t>\n\t\t<span>\n\t\t\t\n\t\t\tK\u00f8b r\u00e5dgivning og kursus for 6 personer for 9.995 kr \t\t<\/span>\n\t\t\t<\/a>\n\t<\/div>\n<\/div><\/div><\/div><\/div><div id=\"pg-2925-2\"  class=\"panel-grid panel-no-style\" ><div id=\"pgc-2925-2-0\"  class=\"panel-grid-cell\" ><div id=\"panel-2925-2-0-0\" class=\"so-panel widget widget_sow-editor panel-first-child panel-last-child\" data-index=\"3\" ><div\n\t\t\t\n\t\t\tclass=\"so-widget-sow-editor so-widget-sow-editor-base\"\n\t\t\t\n\t\t>\n<div class=\"siteorigin-widget-tinymce textwidget\">\n\t<h3><\/h3>\n<h3>Hvorfor du skal tage dette kursus<\/h3>\n<ul>\n<li>For at l\u00e6re om hvorn\u00e5r et udstyr betragtes som et medicinsk udstyr samt hvordan man opn\u00e5r overensstemmelse med forordningen<\/li>\n<li>For at f\u00e5 et overblik over dine forpligtelser som fabrikant af medicinsk udstyr til det europ\u00e6iske marked<\/li>\n<li>For at blive opm\u00e6rksom p\u00e5 dine forpligtelser n\u00e5r du importerer medicinsk udstyr til det europ\u00e6iske marked<\/li>\n<li>For at kende dine forpligtelser n\u00e5r du distribuere medicinsk udstyr p\u00e5 det europ\u00e6iske marked<\/li>\n<li>For at f\u00e5 et bevis p\u00e5 dine nye kompetencer<\/li>\n<\/ul>\n<h3>Hvad du vil l\u00e6re<\/h3>\n<p>Du vil l\u00e6re om det lovm\u00e6ssige landskab og hvorn\u00e5r et udstyr betragtes som et medicinsk udstyr.<\/p>\n<p>Du vil l\u00e6re om hvilke forpligtelser, som de forskellige erhvervsdrivende har i forhold til forordningen om medicinsk udstyr (medical device regulation 745\/2017). Selvom din virksomhed ikke er fabrikant, er der vigtig og brugbar information i disse dele af kurset, som kan hj\u00e6lpe dig til at forst\u00e5 din virksomheds forpligtelser.<\/p>\n<p>Kurset er opdelt i 4 dele:<\/p>\n<ol>\n<li>Introduktion til forordningen<\/li>\n<li>Fabrikantens forpligtelser - 1<\/li>\n<li>Fabrikantens forpligtelser - 2<\/li>\n<li>Autoriseret Repr\u00e6sentants, Import\u00f8rs og Distribut\u00f8rs forpligtelser<\/li>\n<\/ol>\n<h3>Hvem skal deltage<\/h3>\n<p>Enhver som gerne vil l\u00e6re om forordningen for medicinsk udstyr (medical device regulation 745\/2017) og hvilke forpligtelser man har som fabrikant, autoriseret repr\u00e6sentant, import\u00f8r samt distribut\u00f8r.<\/p>\n<h3>Behov for forudg\u00e5ende viden\/erfaring<\/h3>\n<p>Du beh\u00f8ver ikke at have viden\/erfaring indenfor omr\u00e5det for at deltage i kurset.<\/p>\n<h3>Format<\/h3>\n<p>Dansk eller Engelsk<\/p>\n<p>E-l\u00e6ring ved brug af computer eller tablet med h\u00f8jtaler i.<\/p>\n<p>Online test hvor du f\u00e5r kursusbevis hvis du har minimum 80% rigtige svar.<\/p>\n<h3>Kursets varighed<\/h3>\n<p>1 time og 40 minuter eksklusiv test<\/p>\n<h3>Din underviser<\/h3>\n<p>Charlotte Borgensgaard<\/p>\n<h3>Tilg\u00e6ngelighed<\/h3>\n<p>Du kan tage kurset n\u00e5r det passer dig indenfor en 3 m\u00e5neders periode, som starter ved modtagelsen af din bruger-id og kodeord.<\/p>\n<p>Slides kan downloades indenfor samme periode.<\/p>\n<\/div>\n<\/div><\/div><\/div><div id=\"pgc-2925-2-1\"  class=\"panel-grid-cell\" ><div id=\"panel-2925-2-1-0\" class=\"so-panel widget widget_sow-editor panel-first-child panel-last-child\" data-index=\"4\" ><div\n\t\t\t\n\t\t\tclass=\"so-widget-sow-editor so-widget-sow-editor-base\"\n\t\t\t\n\t\t>\n<div class=\"siteorigin-widget-tinymce textwidget\">\n\t<h3><\/h3>\n<h3>Hvad f\u00e5r I ved k\u00f8b af denne ydelse<\/h3>\n<ul>\n<li>Dette online kursus\u00a0 for op til 6 personer inklusiv kursusbevis<\/li>\n<li>Online m\u00f8de p\u00e5 op til 3 timer inklusiv afholdelse af kurset<\/li>\n<li>Der vil v\u00e6re 1 - 1 1\/2 time til sp\u00f8rgsm\u00e5l med udgangspunkt i jeres virksomhed og specifikke behov<\/li>\n<li>Et telefonisk form\u00f8de p\u00e5 15-20 minutter<\/li>\n<li>Mulighed for at v\u00e6lge sprog tale\/pr\u00e6sentation: dansk\/dansk, dansk\/engelsk, engelsk\/engelsk<\/li>\n<li>Hands-out: dansk eller engelsk<\/li>\n<\/ul>\n<h3><\/h3>\n<h3><\/h3>\n<h3>Hvem har gl\u00e6de af denne ydelse<\/h3>\n<ul>\n<li>Import\u00f8rer af medicinsk udstyr<\/li>\n<li>Distribut\u00f8rer af medicinsk udstyr<\/li>\n<li>Start-up virksomheder<\/li>\n<li>Virksomheder som er nye indenfor medicinsk udstyr<\/li>\n<\/ul>\n<\/div>\n<\/div><\/div><\/div><\/div><div id=\"pg-2925-3\"  class=\"panel-grid panel-no-style\" ><div id=\"pgc-2925-3-0\"  class=\"panel-grid-cell\" ><div id=\"panel-2925-3-0-0\" class=\"so-panel widget widget_sow-button panel-first-child panel-last-child\" data-index=\"5\" ><div\n\t\t\t\n\t\t\tclass=\"so-widget-sow-button so-widget-sow-button-atom-bddc6d04edf0-2925\"\n\t\t\t\n\t\t><div class=\"ow-button-base ow-button-align-center\">\n\t\t\t<a\n\t\t\t\t\thref=\"https:\/\/borgensgaardconsulting.simplero.com\/purchase\/108598-Online-Course-Medical-Device-Regulation\"\n\t\t\t\t\tclass=\"sowb-button ow-icon-placement-left ow-button-hover\" \t>\n\t\t<span>\n\t\t\t\n\t\t\tK\u00f8b kursus p\u00e5 engelsk til 1 person for 1.485 kr \t\t<\/span>\n\t\t\t<\/a>\n\t<\/div>\n<\/div><\/div><\/div><div id=\"pgc-2925-3-1\"  class=\"panel-grid-cell\" ><div id=\"panel-2925-3-1-0\" class=\"so-panel widget widget_sow-button panel-first-child panel-last-child\" data-index=\"6\" ><div\n\t\t\t\n\t\t\tclass=\"so-widget-sow-button so-widget-sow-button-atom-7c8874f0feb3-2925\"\n\t\t\t\n\t\t><div class=\"ow-button-base ow-button-align-center\">\n\t\t\t<a\n\t\t\t\t\thref=\"https:\/\/borgensgaardconsulting.simplero.com\/purchase\/109249-Online-Raadgivning-inklusiv-kursus-EUs\"\n\t\t\t\t\tclass=\"sowb-button ow-icon-placement-left ow-button-hover\" \t>\n\t\t<span>\n\t\t\t\n\t\t\tK\u00f8b r\u00e5dgivning og kursus for 6 personer for 9.995 kr \t\t<\/span>\n\t\t\t<\/a>\n\t<\/div>\n<\/div><\/div><\/div><\/div><\/div>","protected":false},"excerpt":{"rendered":"<p>Online Course &#8211; EUs forordning om medicinsk udstyr for erhvervsdrivende Der er gennemf\u00f8rt en grundl\u00e6ggende revision af direktivet for medicinsk [&hellip;]<\/p>\n","protected":false},"author":1,"featured_media":0,"parent":2729,"menu_order":0,"comment_status":"closed","ping_status":"closed","template":"","meta":{"_exactmetrics_skip_tracking":false,"_exactmetrics_sitenote_active":false,"_exactmetrics_sitenote_note":"","_exactmetrics_sitenote_category":0,"footnotes":""},"class_list":["post-2925","page","type-page","status-publish","hentry"],"yoast_head":"<!-- This site is optimized with the Yoast SEO plugin v24.3 - https:\/\/yoast.com\/wordpress\/plugins\/seo\/ -->\n<title>Online Kursus: EU Medical Device Regulation for Erhvervsdrivende - Borgensgaard Consulting<\/title>\n<meta name=\"robots\" content=\"index, follow, max-snippet:-1, max-image-preview:large, max-video-preview:-1\" \/>\n<link rel=\"canonical\" href=\"https:\/\/borgensgaard-consulting.dk\/da\/services\/online-kurser-medicinsk-udstyr\/online-kursus-eu-medical-device-regulation-for-erhvervsdrivende\/\" \/>\n<meta property=\"og:locale\" content=\"da_DK\" \/>\n<meta property=\"og:type\" content=\"article\" \/>\n<meta property=\"og:title\" content=\"Online Kursus: EU Medical Device Regulation for Erhvervsdrivende - Borgensgaard Consulting\" \/>\n<meta property=\"og:description\" content=\"Online Course - EUs forordning om medicinsk udstyr for erhvervsdrivende Der er gennemf\u00f8rt en grundl\u00e6ggende revision af direktivet for medicinsk [&hellip;]\" \/>\n<meta property=\"og:url\" content=\"https:\/\/borgensgaard-consulting.dk\/da\/services\/online-kurser-medicinsk-udstyr\/online-kursus-eu-medical-device-regulation-for-erhvervsdrivende\/\" \/>\n<meta property=\"og:site_name\" content=\"Borgensgaard Consulting\" \/>\n<meta property=\"article:publisher\" content=\"https:\/\/www.facebook.com\/Borgensgaard-Consulting-110909730310836\/\" \/>\n<meta property=\"article:modified_time\" content=\"2020-09-18T12:50:17+00:00\" \/>\n<meta name=\"twitter:card\" content=\"summary_large_image\" \/>\n<meta name=\"twitter:label1\" content=\"Estimeret l\u00e6setid\" \/>\n\t<meta name=\"twitter:data1\" content=\"3 minutter\" \/>\n<script type=\"application\/ld+json\" class=\"yoast-schema-graph\">{\"@context\":\"https:\/\/schema.org\",\"@graph\":[{\"@type\":\"WebPage\",\"@id\":\"https:\/\/borgensgaard-consulting.dk\/da\/services\/online-kurser-medicinsk-udstyr\/online-kursus-eu-medical-device-regulation-for-erhvervsdrivende\/\",\"url\":\"https:\/\/borgensgaard-consulting.dk\/da\/services\/online-kurser-medicinsk-udstyr\/online-kursus-eu-medical-device-regulation-for-erhvervsdrivende\/\",\"name\":\"Online Kursus: EU Medical Device Regulation for Erhvervsdrivende - Borgensgaard Consulting\",\"isPartOf\":{\"@id\":\"https:\/\/borgensgaard-consulting.dk\/#website\"},\"datePublished\":\"2020-06-09T11:28:53+00:00\",\"dateModified\":\"2020-09-18T12:50:17+00:00\",\"breadcrumb\":{\"@id\":\"https:\/\/borgensgaard-consulting.dk\/da\/services\/online-kurser-medicinsk-udstyr\/online-kursus-eu-medical-device-regulation-for-erhvervsdrivende\/#breadcrumb\"},\"inLanguage\":\"da-DK\",\"potentialAction\":[{\"@type\":\"ReadAction\",\"target\":[\"https:\/\/borgensgaard-consulting.dk\/da\/services\/online-kurser-medicinsk-udstyr\/online-kursus-eu-medical-device-regulation-for-erhvervsdrivende\/\"]}]},{\"@type\":\"BreadcrumbList\",\"@id\":\"https:\/\/borgensgaard-consulting.dk\/da\/services\/online-kurser-medicinsk-udstyr\/online-kursus-eu-medical-device-regulation-for-erhvervsdrivende\/#breadcrumb\",\"itemListElement\":[{\"@type\":\"ListItem\",\"position\":1,\"name\":\"Home\",\"item\":\"https:\/\/borgensgaard-consulting.dk\/da\/\"},{\"@type\":\"ListItem\",\"position\":2,\"name\":\"Services\",\"item\":\"https:\/\/borgensgaard-consulting.dk\/da\/services\/\"},{\"@type\":\"ListItem\",\"position\":3,\"name\":\"Online Kurser &#8211; Medicinsk Udstyr\",\"item\":\"https:\/\/borgensgaard-consulting.dk\/da\/services\/online-kurser-medicinsk-udstyr\/\"},{\"@type\":\"ListItem\",\"position\":4,\"name\":\"Online Kursus: EU Medical Device Regulation for Erhvervsdrivende\"}]},{\"@type\":\"WebSite\",\"@id\":\"https:\/\/borgensgaard-consulting.dk\/#website\",\"url\":\"https:\/\/borgensgaard-consulting.dk\/\",\"name\":\"Borgensgaard Consulting\",\"description\":\"Quality Leadership and Quality Management\",\"publisher\":{\"@id\":\"https:\/\/borgensgaard-consulting.dk\/#organization\"},\"potentialAction\":[{\"@type\":\"SearchAction\",\"target\":{\"@type\":\"EntryPoint\",\"urlTemplate\":\"https:\/\/borgensgaard-consulting.dk\/?s={search_term_string}\"},\"query-input\":{\"@type\":\"PropertyValueSpecification\",\"valueRequired\":true,\"valueName\":\"search_term_string\"}}],\"inLanguage\":\"da-DK\"},{\"@type\":\"Organization\",\"@id\":\"https:\/\/borgensgaard-consulting.dk\/#organization\",\"name\":\"Borgensgaard Consulting\",\"url\":\"https:\/\/borgensgaard-consulting.dk\/\",\"logo\":{\"@type\":\"ImageObject\",\"inLanguage\":\"da-DK\",\"@id\":\"https:\/\/borgensgaard-consulting.dk\/#\/schema\/logo\/image\/\",\"url\":\"https:\/\/borgensgaard-consulting.dk\/wp-content\/uploads\/2019\/10\/Borgensgaard.png\",\"contentUrl\":\"https:\/\/borgensgaard-consulting.dk\/wp-content\/uploads\/2019\/10\/Borgensgaard.png\",\"width\":500,\"height\":138,\"caption\":\"Borgensgaard Consulting\"},\"image\":{\"@id\":\"https:\/\/borgensgaard-consulting.dk\/#\/schema\/logo\/image\/\"},\"sameAs\":[\"https:\/\/www.facebook.com\/Borgensgaard-Consulting-110909730310836\/\"]}]}<\/script>\n<!-- \/ Yoast SEO plugin. -->","yoast_head_json":{"title":"Online Kursus: EU Medical Device Regulation for Erhvervsdrivende - Borgensgaard Consulting","robots":{"index":"index","follow":"follow","max-snippet":"max-snippet:-1","max-image-preview":"max-image-preview:large","max-video-preview":"max-video-preview:-1"},"canonical":"https:\/\/borgensgaard-consulting.dk\/da\/services\/online-kurser-medicinsk-udstyr\/online-kursus-eu-medical-device-regulation-for-erhvervsdrivende\/","og_locale":"da_DK","og_type":"article","og_title":"Online Kursus: EU Medical Device Regulation for Erhvervsdrivende - Borgensgaard Consulting","og_description":"Online Course - EUs forordning om medicinsk udstyr for erhvervsdrivende Der er gennemf\u00f8rt en grundl\u00e6ggende revision af direktivet for medicinsk [&hellip;]","og_url":"https:\/\/borgensgaard-consulting.dk\/da\/services\/online-kurser-medicinsk-udstyr\/online-kursus-eu-medical-device-regulation-for-erhvervsdrivende\/","og_site_name":"Borgensgaard Consulting","article_publisher":"https:\/\/www.facebook.com\/Borgensgaard-Consulting-110909730310836\/","article_modified_time":"2020-09-18T12:50:17+00:00","twitter_card":"summary_large_image","twitter_misc":{"Estimeret l\u00e6setid":"3 minutter"},"schema":{"@context":"https:\/\/schema.org","@graph":[{"@type":"WebPage","@id":"https:\/\/borgensgaard-consulting.dk\/da\/services\/online-kurser-medicinsk-udstyr\/online-kursus-eu-medical-device-regulation-for-erhvervsdrivende\/","url":"https:\/\/borgensgaard-consulting.dk\/da\/services\/online-kurser-medicinsk-udstyr\/online-kursus-eu-medical-device-regulation-for-erhvervsdrivende\/","name":"Online Kursus: EU Medical Device Regulation for Erhvervsdrivende - Borgensgaard Consulting","isPartOf":{"@id":"https:\/\/borgensgaard-consulting.dk\/#website"},"datePublished":"2020-06-09T11:28:53+00:00","dateModified":"2020-09-18T12:50:17+00:00","breadcrumb":{"@id":"https:\/\/borgensgaard-consulting.dk\/da\/services\/online-kurser-medicinsk-udstyr\/online-kursus-eu-medical-device-regulation-for-erhvervsdrivende\/#breadcrumb"},"inLanguage":"da-DK","potentialAction":[{"@type":"ReadAction","target":["https:\/\/borgensgaard-consulting.dk\/da\/services\/online-kurser-medicinsk-udstyr\/online-kursus-eu-medical-device-regulation-for-erhvervsdrivende\/"]}]},{"@type":"BreadcrumbList","@id":"https:\/\/borgensgaard-consulting.dk\/da\/services\/online-kurser-medicinsk-udstyr\/online-kursus-eu-medical-device-regulation-for-erhvervsdrivende\/#breadcrumb","itemListElement":[{"@type":"ListItem","position":1,"name":"Home","item":"https:\/\/borgensgaard-consulting.dk\/da\/"},{"@type":"ListItem","position":2,"name":"Services","item":"https:\/\/borgensgaard-consulting.dk\/da\/services\/"},{"@type":"ListItem","position":3,"name":"Online Kurser &#8211; Medicinsk Udstyr","item":"https:\/\/borgensgaard-consulting.dk\/da\/services\/online-kurser-medicinsk-udstyr\/"},{"@type":"ListItem","position":4,"name":"Online Kursus: EU Medical Device Regulation for Erhvervsdrivende"}]},{"@type":"WebSite","@id":"https:\/\/borgensgaard-consulting.dk\/#website","url":"https:\/\/borgensgaard-consulting.dk\/","name":"Borgensgaard Consulting","description":"Quality Leadership and Quality Management","publisher":{"@id":"https:\/\/borgensgaard-consulting.dk\/#organization"},"potentialAction":[{"@type":"SearchAction","target":{"@type":"EntryPoint","urlTemplate":"https:\/\/borgensgaard-consulting.dk\/?s={search_term_string}"},"query-input":{"@type":"PropertyValueSpecification","valueRequired":true,"valueName":"search_term_string"}}],"inLanguage":"da-DK"},{"@type":"Organization","@id":"https:\/\/borgensgaard-consulting.dk\/#organization","name":"Borgensgaard Consulting","url":"https:\/\/borgensgaard-consulting.dk\/","logo":{"@type":"ImageObject","inLanguage":"da-DK","@id":"https:\/\/borgensgaard-consulting.dk\/#\/schema\/logo\/image\/","url":"https:\/\/borgensgaard-consulting.dk\/wp-content\/uploads\/2019\/10\/Borgensgaard.png","contentUrl":"https:\/\/borgensgaard-consulting.dk\/wp-content\/uploads\/2019\/10\/Borgensgaard.png","width":500,"height":138,"caption":"Borgensgaard Consulting"},"image":{"@id":"https:\/\/borgensgaard-consulting.dk\/#\/schema\/logo\/image\/"},"sameAs":["https:\/\/www.facebook.com\/Borgensgaard-Consulting-110909730310836\/"]}]}},"_links":{"self":[{"href":"https:\/\/borgensgaard-consulting.dk\/da\/wp-json\/wp\/v2\/pages\/2925"}],"collection":[{"href":"https:\/\/borgensgaard-consulting.dk\/da\/wp-json\/wp\/v2\/pages"}],"about":[{"href":"https:\/\/borgensgaard-consulting.dk\/da\/wp-json\/wp\/v2\/types\/page"}],"author":[{"embeddable":true,"href":"https:\/\/borgensgaard-consulting.dk\/da\/wp-json\/wp\/v2\/users\/1"}],"replies":[{"embeddable":true,"href":"https:\/\/borgensgaard-consulting.dk\/da\/wp-json\/wp\/v2\/comments?post=2925"}],"version-history":[{"count":54,"href":"https:\/\/borgensgaard-consulting.dk\/da\/wp-json\/wp\/v2\/pages\/2925\/revisions"}],"predecessor-version":[{"id":3176,"href":"https:\/\/borgensgaard-consulting.dk\/da\/wp-json\/wp\/v2\/pages\/2925\/revisions\/3176"}],"up":[{"embeddable":true,"href":"https:\/\/borgensgaard-consulting.dk\/da\/wp-json\/wp\/v2\/pages\/2729"}],"wp:attachment":[{"href":"https:\/\/borgensgaard-consulting.dk\/da\/wp-json\/wp\/v2\/media?parent=2925"}],"curies":[{"name":"wp","href":"https:\/\/api.w.org\/{rel}","templated":true}]}}