{"id":2774,"date":"2020-05-19T11:29:38","date_gmt":"2020-05-19T09:29:38","guid":{"rendered":"https:\/\/borgensgaard-consulting.dk\/?page_id=2774"},"modified":"2021-01-25T21:11:19","modified_gmt":"2021-01-25T20:11:19","slug":"online-kurser-primaer-emballage-til-laegemidler","status":"publish","type":"page","link":"https:\/\/borgensgaard-consulting.dk\/da\/services\/online-kurser\/online-kurser-primaer-emballage-til-laegemidler\/","title":{"rendered":"Online Kurser &#8211; Prim\u00e6r Emballage til L\u00e6gemidler"},"content":{"rendered":"<div id=\"pl-2774\"  class=\"panel-layout\" ><div id=\"pg-2774-0\"  class=\"panel-grid panel-no-style\" ><div id=\"pgc-2774-0-0\"  class=\"panel-grid-cell\" ><div id=\"panel-2774-0-0-0\" class=\"so-panel widget widget_sow-image panel-first-child\" data-index=\"0\" ><div\n\t\t\t\n\t\t\tclass=\"so-widget-sow-image so-widget-sow-image-default-dbf295114b96-2774\"\n\t\t\t\n\t\t>\n\n<div class=\"sow-image-container\">\n\t\t<img loading=\"lazy\" decoding=\"async\" src=\"https:\/\/borgensgaard-consulting.dk\/wp-content\/uploads\/2019\/10\/Proces-validation.jpg\" width=\"1105\" height=\"468\" srcset=\"https:\/\/borgensgaard-consulting.dk\/wp-content\/uploads\/2019\/10\/Proces-validation.jpg 1105w, https:\/\/borgensgaard-consulting.dk\/wp-content\/uploads\/2019\/10\/Proces-validation-300x127.jpg 300w, https:\/\/borgensgaard-consulting.dk\/wp-content\/uploads\/2019\/10\/Proces-validation-768x325.jpg 768w, https:\/\/borgensgaard-consulting.dk\/wp-content\/uploads\/2019\/10\/Proces-validation-1024x434.jpg 1024w\" sizes=\"(max-width: 1105px) 100vw, 1105px\" title=\"Proces validation\" alt=\"\" \t\tclass=\"so-widget-image\"\/>\n\t<\/div>\n\n<\/div><\/div><div id=\"panel-2774-0-0-1\" class=\"so-panel widget widget_sow-editor panel-last-child\" data-index=\"1\" ><div\n\t\t\t\n\t\t\tclass=\"so-widget-sow-editor so-widget-sow-editor-base\"\n\t\t\t\n\t\t>\n<div class=\"siteorigin-widget-tinymce textwidget\">\n\t<h2>Online Kurser - Prim\u00e6r Emballage til L\u00e6gemidler<\/h2>\n<p>&nbsp;<\/p>\n<\/div>\n<\/div><\/div><\/div><\/div><div id=\"pg-2774-1\"  class=\"panel-grid panel-no-style\" ><div id=\"pgc-2774-1-0\"  class=\"panel-grid-cell\" ><div id=\"panel-2774-1-0-0\" class=\"so-panel widget widget_sow-editor panel-first-child panel-last-child\" data-index=\"2\" ><div\n\t\t\t\n\t\t\tclass=\"so-widget-sow-editor so-widget-sow-editor-base\"\n\t\t\t\n\t\t>\n<div class=\"siteorigin-widget-tinymce textwidget\">\n\t<h3>Titel<\/h3>\n<p><a href=\"https:\/\/borgensgaard-consulting.dk\/online-course-introduction-to-primary-packaging-for-medicinal-products\/\">Introduction to Primary Packaging for Medicinal Products<\/a><\/p>\n<p>&nbsp;<\/p>\n<\/div>\n<\/div><\/div><\/div><div id=\"pgc-2774-1-1\"  class=\"panel-grid-cell\" ><div id=\"panel-2774-1-1-0\" class=\"so-panel widget widget_sow-editor panel-first-child panel-last-child\" data-index=\"3\" ><div\n\t\t\t\n\t\t\tclass=\"so-widget-sow-editor so-widget-sow-editor-base\"\n\t\t\t\n\t\t>\n<div class=\"siteorigin-widget-tinymce textwidget\">\n\t<h3>Tilg\u00e6ngelighed<\/h3>\n<p>Klar til brug<\/p>\n<p>&nbsp;<\/p>\n<\/div>\n<\/div><\/div><\/div><\/div><div id=\"pg-2774-2\"  class=\"panel-grid panel-no-style\" ><div id=\"pgc-2774-2-0\"  class=\"panel-grid-cell\" ><div id=\"panel-2774-2-0-0\" class=\"so-panel widget widget_sow-editor panel-first-child panel-last-child\" data-index=\"4\" ><div\n\t\t\t\n\t\t\tclass=\"so-widget-sow-editor so-widget-sow-editor-base\"\n\t\t\t\n\t\t>\n<div class=\"siteorigin-widget-tinymce textwidget\">\n\t<p>&nbsp;<\/p>\n<h3>Gratis Online Kursus i Prim\u00e6r Emballage til l\u00e6gemidler<\/h3>\n<p>Prim\u00e6r emballage til l\u00e6gemidler er et meget komplekst omr\u00e5de med store krav til kvalitet og mange lovm\u00e6ssige krav.\u00a0 \u00a0Prim\u00e6r emballage har ikke kun til form\u00e5l at opbevare et l\u00e6gemiddel, men kan ogs\u00e5 bidrage til at f\u00e5 tilf\u00f8rt l\u00e6gemidlet til kroppen. Der er en tendens i det farmaceutiske marked til at arbejde hen imod mere og mere selv-medicinering, og det betyder at mere prim\u00e6r emballage f\u00e5r funktion som medicinsk udstyr.<\/p>\n<p>Du kan helt gratis udvide din viden om prim\u00e6r emballage til l\u00e6gemidler ved at f\u00e5 adgang til online kursus \"Introduction to Primary Packaging\".<\/p>\n<p>Kurset d\u00e6kker fire omr\u00e5der:<\/p>\n<ol>\n<li>Tillf\u00f8relse af Medicin til Kroppen<\/li>\n<li>Valg af Emballage<\/li>\n<li>Typer af Emballage<\/li>\n<li>Lovm\u00e6ssige Landskab<\/li>\n<\/ol>\n<p>Du f\u00e5r adgang ved at udfylde din email:<\/p>\n<form action=\"https:\/\/borgensgaardconsulting.simplero.com\/optin\/RV2MUdtTPTVXnNQWn9FVpHtk\/154376\" method=\"post\">Email: <input name=\"email\" pattern=\"[^@\\s]+@[^@\\s]+\\.[^@\\s]+\" required=\"required\" type=\"email\" \/><\/p>\n<p><label class=\"simplero-gdpr_consent\"><br \/>\n<input name=\"gdpr_consent\" type=\"checkbox\" value=\"1\" \/>Jeg accepterer at modtage adgang til online kursus \"Introduction to Primary Packaging for Medicinal Product\" og nyheder fra Borgensgaard Consulting<\/label><\/p>\n<p><input name=\"gdpr_consent_text\" type=\"hidden\" value=\"Jeg accepterer at modtage nyheder fra Borgensgaard Consulting\" \/><input class=\"simplero-submit\" name=\"submit\" type=\"submit\" value=\"Yes, I'm in!\" \/><\/p>\n<\/form>\n<p>Jeg hader SPAM lige s\u00e5 meget som du g\u00f8r og vil kun sende dig mails, n\u00e5r der er nyt om online kurser og nye indl\u00e6g p\u00e5 bloggen. Du kan til enhver tid framelde dig denne mailing liste.<\/p>\n<p>&nbsp;<\/p>\n<p><script async id=\"_simplero_landing_page_js_154987\" src=\"https:\/\/borgensgaardconsulting.simplero.com\/page\/154987.js\"><\/script><\/p>\n<\/div>\n<\/div><\/div><\/div><\/div><\/div>","protected":false},"excerpt":{"rendered":"<p>Online Kurser &#8211; Prim\u00e6r Emballage til L\u00e6gemidler &nbsp; Titel Introduction to Primary Packaging for Medicinal Products &nbsp; Tilg\u00e6ngelighed Klar til [&hellip;]<\/p>\n","protected":false},"author":1,"featured_media":0,"parent":2711,"menu_order":0,"comment_status":"closed","ping_status":"closed","template":"","meta":{"_exactmetrics_skip_tracking":false,"_exactmetrics_sitenote_active":false,"_exactmetrics_sitenote_note":"","_exactmetrics_sitenote_category":0,"footnotes":""},"class_list":["post-2774","page","type-page","status-publish","hentry"],"yoast_head":"<!-- This site is optimized with the Yoast SEO plugin v24.3 - https:\/\/yoast.com\/wordpress\/plugins\/seo\/ -->\n<title>Online Kurser - Prim\u00e6r Emballage til L\u00e6gemidler - Borgensgaard Consulting<\/title>\n<meta name=\"robots\" content=\"index, follow, max-snippet:-1, max-image-preview:large, max-video-preview:-1\" \/>\n<link rel=\"canonical\" href=\"https:\/\/borgensgaard-consulting.dk\/da\/services\/online-kurser\/online-kurser-primaer-emballage-til-laegemidler\/\" \/>\n<meta property=\"og:locale\" content=\"da_DK\" \/>\n<meta property=\"og:type\" content=\"article\" \/>\n<meta property=\"og:title\" content=\"Online Kurser - Prim\u00e6r Emballage til L\u00e6gemidler - Borgensgaard Consulting\" \/>\n<meta property=\"og:description\" content=\"Online Kurser - Prim\u00e6r Emballage til L\u00e6gemidler &nbsp; Titel Introduction to Primary Packaging for Medicinal Products &nbsp; Tilg\u00e6ngelighed Klar til [&hellip;]\" \/>\n<meta property=\"og:url\" content=\"https:\/\/borgensgaard-consulting.dk\/da\/services\/online-kurser\/online-kurser-primaer-emballage-til-laegemidler\/\" \/>\n<meta property=\"og:site_name\" content=\"Borgensgaard Consulting\" \/>\n<meta property=\"article:publisher\" content=\"https:\/\/www.facebook.com\/Borgensgaard-Consulting-110909730310836\/\" \/>\n<meta property=\"article:modified_time\" content=\"2021-01-25T20:11:19+00:00\" \/>\n<meta name=\"twitter:card\" content=\"summary_large_image\" \/>\n<meta name=\"twitter:label1\" content=\"Estimeret l\u00e6setid\" \/>\n\t<meta name=\"twitter:data1\" content=\"1 minut\" \/>\n<script type=\"application\/ld+json\" class=\"yoast-schema-graph\">{\"@context\":\"https:\/\/schema.org\",\"@graph\":[{\"@type\":\"WebPage\",\"@id\":\"https:\/\/borgensgaard-consulting.dk\/da\/services\/online-kurser\/online-kurser-primaer-emballage-til-laegemidler\/\",\"url\":\"https:\/\/borgensgaard-consulting.dk\/da\/services\/online-kurser\/online-kurser-primaer-emballage-til-laegemidler\/\",\"name\":\"Online Kurser - Prim\u00e6r Emballage til L\u00e6gemidler - Borgensgaard Consulting\",\"isPartOf\":{\"@id\":\"https:\/\/borgensgaard-consulting.dk\/#website\"},\"datePublished\":\"2020-05-19T09:29:38+00:00\",\"dateModified\":\"2021-01-25T20:11:19+00:00\",\"breadcrumb\":{\"@id\":\"https:\/\/borgensgaard-consulting.dk\/da\/services\/online-kurser\/online-kurser-primaer-emballage-til-laegemidler\/#breadcrumb\"},\"inLanguage\":\"da-DK\",\"potentialAction\":[{\"@type\":\"ReadAction\",\"target\":[\"https:\/\/borgensgaard-consulting.dk\/da\/services\/online-kurser\/online-kurser-primaer-emballage-til-laegemidler\/\"]}]},{\"@type\":\"BreadcrumbList\",\"@id\":\"https:\/\/borgensgaard-consulting.dk\/da\/services\/online-kurser\/online-kurser-primaer-emballage-til-laegemidler\/#breadcrumb\",\"itemListElement\":[{\"@type\":\"ListItem\",\"position\":1,\"name\":\"Home\",\"item\":\"https:\/\/borgensgaard-consulting.dk\/da\/\"},{\"@type\":\"ListItem\",\"position\":2,\"name\":\"Services\",\"item\":\"https:\/\/borgensgaard-consulting.dk\/da\/services\/\"},{\"@type\":\"ListItem\",\"position\":3,\"name\":\"Online Kurser\",\"item\":\"https:\/\/borgensgaard-consulting.dk\/da\/services\/online-kurser\/\"},{\"@type\":\"ListItem\",\"position\":4,\"name\":\"Online Kurser &#8211; Prim\u00e6r Emballage til L\u00e6gemidler\"}]},{\"@type\":\"WebSite\",\"@id\":\"https:\/\/borgensgaard-consulting.dk\/#website\",\"url\":\"https:\/\/borgensgaard-consulting.dk\/\",\"name\":\"Borgensgaard Consulting\",\"description\":\"Quality Leadership and Quality Management\",\"publisher\":{\"@id\":\"https:\/\/borgensgaard-consulting.dk\/#organization\"},\"potentialAction\":[{\"@type\":\"SearchAction\",\"target\":{\"@type\":\"EntryPoint\",\"urlTemplate\":\"https:\/\/borgensgaard-consulting.dk\/?s={search_term_string}\"},\"query-input\":{\"@type\":\"PropertyValueSpecification\",\"valueRequired\":true,\"valueName\":\"search_term_string\"}}],\"inLanguage\":\"da-DK\"},{\"@type\":\"Organization\",\"@id\":\"https:\/\/borgensgaard-consulting.dk\/#organization\",\"name\":\"Borgensgaard Consulting\",\"url\":\"https:\/\/borgensgaard-consulting.dk\/\",\"logo\":{\"@type\":\"ImageObject\",\"inLanguage\":\"da-DK\",\"@id\":\"https:\/\/borgensgaard-consulting.dk\/#\/schema\/logo\/image\/\",\"url\":\"https:\/\/borgensgaard-consulting.dk\/wp-content\/uploads\/2019\/10\/Borgensgaard.png\",\"contentUrl\":\"https:\/\/borgensgaard-consulting.dk\/wp-content\/uploads\/2019\/10\/Borgensgaard.png\",\"width\":500,\"height\":138,\"caption\":\"Borgensgaard Consulting\"},\"image\":{\"@id\":\"https:\/\/borgensgaard-consulting.dk\/#\/schema\/logo\/image\/\"},\"sameAs\":[\"https:\/\/www.facebook.com\/Borgensgaard-Consulting-110909730310836\/\"]}]}<\/script>\n<!-- \/ Yoast SEO plugin. -->","yoast_head_json":{"title":"Online Kurser - Prim\u00e6r Emballage til L\u00e6gemidler - Borgensgaard Consulting","robots":{"index":"index","follow":"follow","max-snippet":"max-snippet:-1","max-image-preview":"max-image-preview:large","max-video-preview":"max-video-preview:-1"},"canonical":"https:\/\/borgensgaard-consulting.dk\/da\/services\/online-kurser\/online-kurser-primaer-emballage-til-laegemidler\/","og_locale":"da_DK","og_type":"article","og_title":"Online Kurser - Prim\u00e6r Emballage til L\u00e6gemidler - Borgensgaard Consulting","og_description":"Online Kurser - Prim\u00e6r Emballage til L\u00e6gemidler &nbsp; Titel Introduction to Primary Packaging for Medicinal Products &nbsp; Tilg\u00e6ngelighed Klar til [&hellip;]","og_url":"https:\/\/borgensgaard-consulting.dk\/da\/services\/online-kurser\/online-kurser-primaer-emballage-til-laegemidler\/","og_site_name":"Borgensgaard Consulting","article_publisher":"https:\/\/www.facebook.com\/Borgensgaard-Consulting-110909730310836\/","article_modified_time":"2021-01-25T20:11:19+00:00","twitter_card":"summary_large_image","twitter_misc":{"Estimeret l\u00e6setid":"1 minut"},"schema":{"@context":"https:\/\/schema.org","@graph":[{"@type":"WebPage","@id":"https:\/\/borgensgaard-consulting.dk\/da\/services\/online-kurser\/online-kurser-primaer-emballage-til-laegemidler\/","url":"https:\/\/borgensgaard-consulting.dk\/da\/services\/online-kurser\/online-kurser-primaer-emballage-til-laegemidler\/","name":"Online Kurser - Prim\u00e6r Emballage til L\u00e6gemidler - Borgensgaard Consulting","isPartOf":{"@id":"https:\/\/borgensgaard-consulting.dk\/#website"},"datePublished":"2020-05-19T09:29:38+00:00","dateModified":"2021-01-25T20:11:19+00:00","breadcrumb":{"@id":"https:\/\/borgensgaard-consulting.dk\/da\/services\/online-kurser\/online-kurser-primaer-emballage-til-laegemidler\/#breadcrumb"},"inLanguage":"da-DK","potentialAction":[{"@type":"ReadAction","target":["https:\/\/borgensgaard-consulting.dk\/da\/services\/online-kurser\/online-kurser-primaer-emballage-til-laegemidler\/"]}]},{"@type":"BreadcrumbList","@id":"https:\/\/borgensgaard-consulting.dk\/da\/services\/online-kurser\/online-kurser-primaer-emballage-til-laegemidler\/#breadcrumb","itemListElement":[{"@type":"ListItem","position":1,"name":"Home","item":"https:\/\/borgensgaard-consulting.dk\/da\/"},{"@type":"ListItem","position":2,"name":"Services","item":"https:\/\/borgensgaard-consulting.dk\/da\/services\/"},{"@type":"ListItem","position":3,"name":"Online Kurser","item":"https:\/\/borgensgaard-consulting.dk\/da\/services\/online-kurser\/"},{"@type":"ListItem","position":4,"name":"Online Kurser &#8211; Prim\u00e6r Emballage til L\u00e6gemidler"}]},{"@type":"WebSite","@id":"https:\/\/borgensgaard-consulting.dk\/#website","url":"https:\/\/borgensgaard-consulting.dk\/","name":"Borgensgaard Consulting","description":"Quality Leadership and Quality Management","publisher":{"@id":"https:\/\/borgensgaard-consulting.dk\/#organization"},"potentialAction":[{"@type":"SearchAction","target":{"@type":"EntryPoint","urlTemplate":"https:\/\/borgensgaard-consulting.dk\/?s={search_term_string}"},"query-input":{"@type":"PropertyValueSpecification","valueRequired":true,"valueName":"search_term_string"}}],"inLanguage":"da-DK"},{"@type":"Organization","@id":"https:\/\/borgensgaard-consulting.dk\/#organization","name":"Borgensgaard Consulting","url":"https:\/\/borgensgaard-consulting.dk\/","logo":{"@type":"ImageObject","inLanguage":"da-DK","@id":"https:\/\/borgensgaard-consulting.dk\/#\/schema\/logo\/image\/","url":"https:\/\/borgensgaard-consulting.dk\/wp-content\/uploads\/2019\/10\/Borgensgaard.png","contentUrl":"https:\/\/borgensgaard-consulting.dk\/wp-content\/uploads\/2019\/10\/Borgensgaard.png","width":500,"height":138,"caption":"Borgensgaard Consulting"},"image":{"@id":"https:\/\/borgensgaard-consulting.dk\/#\/schema\/logo\/image\/"},"sameAs":["https:\/\/www.facebook.com\/Borgensgaard-Consulting-110909730310836\/"]}]}},"_links":{"self":[{"href":"https:\/\/borgensgaard-consulting.dk\/da\/wp-json\/wp\/v2\/pages\/2774"}],"collection":[{"href":"https:\/\/borgensgaard-consulting.dk\/da\/wp-json\/wp\/v2\/pages"}],"about":[{"href":"https:\/\/borgensgaard-consulting.dk\/da\/wp-json\/wp\/v2\/types\/page"}],"author":[{"embeddable":true,"href":"https:\/\/borgensgaard-consulting.dk\/da\/wp-json\/wp\/v2\/users\/1"}],"replies":[{"embeddable":true,"href":"https:\/\/borgensgaard-consulting.dk\/da\/wp-json\/wp\/v2\/comments?post=2774"}],"version-history":[{"count":33,"href":"https:\/\/borgensgaard-consulting.dk\/da\/wp-json\/wp\/v2\/pages\/2774\/revisions"}],"predecessor-version":[{"id":3187,"href":"https:\/\/borgensgaard-consulting.dk\/da\/wp-json\/wp\/v2\/pages\/2774\/revisions\/3187"}],"up":[{"embeddable":true,"href":"https:\/\/borgensgaard-consulting.dk\/da\/wp-json\/wp\/v2\/pages\/2711"}],"wp:attachment":[{"href":"https:\/\/borgensgaard-consulting.dk\/da\/wp-json\/wp\/v2\/media?parent=2774"}],"curies":[{"name":"wp","href":"https:\/\/api.w.org\/{rel}","templated":true}]}}