{"id":2711,"date":"2020-05-19T11:36:34","date_gmt":"2020-05-19T09:36:34","guid":{"rendered":"https:\/\/borgensgaard-consulting.dk\/?page_id=2711"},"modified":"2021-01-25T21:10:16","modified_gmt":"2021-01-25T20:10:16","slug":"online-kurser","status":"publish","type":"page","link":"https:\/\/borgensgaard-consulting.dk\/da\/services\/online-kurser\/","title":{"rendered":"Online Kurser"},"content":{"rendered":"<div id=\"pl-2711\"  class=\"panel-layout\" ><div id=\"pg-2711-0\"  class=\"panel-grid panel-no-style\" ><div id=\"pgc-2711-0-0\"  class=\"panel-grid-cell\" ><div id=\"panel-2711-0-0-0\" class=\"so-panel widget widget_sow-image panel-first-child\" data-index=\"0\" ><div\n\t\t\t\n\t\t\tclass=\"so-widget-sow-image so-widget-sow-image-default-dbf295114b96-2711\"\n\t\t\t\n\t\t>\n\n<div class=\"sow-image-container\">\n\t\t<img loading=\"lazy\" decoding=\"async\" src=\"https:\/\/borgensgaard-consulting.dk\/wp-content\/uploads\/2020\/05\/Online-Courses-1.png\" width=\"1400\" height=\"425\" srcset=\"https:\/\/borgensgaard-consulting.dk\/wp-content\/uploads\/2020\/05\/Online-Courses-1.png 1400w, https:\/\/borgensgaard-consulting.dk\/wp-content\/uploads\/2020\/05\/Online-Courses-1-300x91.png 300w, https:\/\/borgensgaard-consulting.dk\/wp-content\/uploads\/2020\/05\/Online-Courses-1-1024x311.png 1024w, https:\/\/borgensgaard-consulting.dk\/wp-content\/uploads\/2020\/05\/Online-Courses-1-768x233.png 768w\" sizes=\"(max-width: 1400px) 100vw, 1400px\" title=\"Online Courses\" alt=\"\" \t\tclass=\"so-widget-image\"\/>\n\t<\/div>\n\n<\/div><\/div><div id=\"panel-2711-0-0-1\" class=\"so-panel widget widget_sow-editor panel-last-child\" data-index=\"1\" ><div\n\t\t\t\n\t\t\tclass=\"so-widget-sow-editor so-widget-sow-editor-base\"\n\t\t\t\n\t\t>\n<div class=\"siteorigin-widget-tinymce textwidget\">\n\t<h2>Online Kurser<\/h2>\n<p>Det er vigtigt l\u00f8bende at tilegne sig ny viden og nye kompetencer for at v\u00e6re og forblive effektiv og relevant p\u00e5 jobbet samt \u00f8ge mulighederne for nye fremtidige udfordringer.<\/p>\n<p>Har du ogs\u00e5 sv\u00e6rt ved at tage 1-3 dage ud af kalenderen for at tage p\u00e5 kursus?<\/p>\n<p>Foretr\u00e6kker du selv at bestemme hvor og hvorn\u00e5r du tager et kursus samt have muligheden for at starte\/stoppe\/genstarte det pr\u00e6cist som det passer dig?<\/p>\n<p>Vil du gerne afslutte et kursus med en lille test og modtage et certifikat som bevis p\u00e5 dine nye f\u00e6rdigheder?<\/p>\n<p>Hvis du kan sige JA til ovenst\u00e5ende - s\u00e5 er online kurser m\u00e5ske noget for dig.<\/p>\n<p>Check om du kunne v\u00e6re interesseret i et eller flere af disse kurser:<\/p>\n<\/div>\n<\/div><\/div><\/div><\/div><div id=\"pg-2711-1\"  class=\"panel-grid panel-no-style\" ><div id=\"pgc-2711-1-0\"  class=\"panel-grid-cell\" ><div id=\"panel-2711-1-0-0\" class=\"so-panel widget widget_sow-image panel-first-child panel-last-child\" data-index=\"2\" ><div\n\t\t\t\n\t\t\tclass=\"so-widget-sow-image so-widget-sow-image-default-5b99f59c01c9-2711\"\n\t\t\t\n\t\t>\n\n<div class=\"sow-image-container\">\n\t\t\t<a href=\"https:\/\/borgensgaard-consulting.dk\/da\/services\/online-kurser\/online-kurser-primaer-emballage-til-laegemidler\/\"\n\t\t\t\t\t>\n\t\t\t<img loading=\"lazy\" decoding=\"async\" src=\"https:\/\/borgensgaard-consulting.dk\/wp-content\/uploads\/2020\/05\/Primary-Packaging.jpeg\" width=\"600\" height=\"400\" srcset=\"https:\/\/borgensgaard-consulting.dk\/wp-content\/uploads\/2020\/05\/Primary-Packaging.jpeg 600w, https:\/\/borgensgaard-consulting.dk\/wp-content\/uploads\/2020\/05\/Primary-Packaging-300x200.jpeg 300w, https:\/\/borgensgaard-consulting.dk\/wp-content\/uploads\/2020\/05\/Primary-Packaging-272x182.jpeg 272w\" sizes=\"(max-width: 600px) 100vw, 600px\" title=\"Prim\u00e6r Emballage til L\u00e6gemidler\" alt=\"\" \t\tclass=\"so-widget-image\"\/>\n\t<\/a><\/div>\n\n<h3 class=\"widget-title\">Prim\u00e6r Emballage til L\u00e6gemidler<\/h3><\/div><\/div><\/div><div id=\"pgc-2711-1-1\"  class=\"panel-grid-cell\" ><div id=\"panel-2711-1-1-0\" class=\"so-panel widget widget_sow-image panel-first-child panel-last-child\" data-index=\"3\" ><div\n\t\t\t\n\t\t\tclass=\"so-widget-sow-image so-widget-sow-image-default-5b99f59c01c9-2711\"\n\t\t\t\n\t\t>\n\n<div class=\"sow-image-container\">\n\t\t\t<a href=\"https:\/\/borgensgaard-consulting.dk\/da\/services\/online-kurser-medicinsk-udstyr\/\"\n\t\t\t\t\t>\n\t\t\t<img loading=\"lazy\" decoding=\"async\" src=\"https:\/\/borgensgaard-consulting.dk\/wp-content\/uploads\/2020\/05\/Medical-Device-600x400-1.jpg\" width=\"600\" height=\"400\" srcset=\"https:\/\/borgensgaard-consulting.dk\/wp-content\/uploads\/2020\/05\/Medical-Device-600x400-1.jpg 600w, https:\/\/borgensgaard-consulting.dk\/wp-content\/uploads\/2020\/05\/Medical-Device-600x400-1-300x200.jpg 300w, https:\/\/borgensgaard-consulting.dk\/wp-content\/uploads\/2020\/05\/Medical-Device-600x400-1-272x182.jpg 272w\" sizes=\"(max-width: 600px) 100vw, 600px\" title=\"Medicinsk Udstyr \" alt=\"\" \t\tclass=\"so-widget-image\"\/>\n\t<\/a><\/div>\n\n<h3 class=\"widget-title\">Medicinsk Udstyr <\/h3><\/div><\/div><\/div><\/div><div id=\"pg-2711-2\"  class=\"panel-grid panel-no-style\" ><div id=\"pgc-2711-2-0\"  class=\"panel-grid-cell\" ><div id=\"panel-2711-2-0-0\" class=\"so-panel widget widget_sow-editor panel-first-child panel-last-child\" data-index=\"4\" ><div\n\t\t\t\n\t\t\tclass=\"so-widget-sow-editor so-widget-sow-editor-base\"\n\t\t\t\n\t\t>\n<div class=\"siteorigin-widget-tinymce textwidget\">\n\t<h5><\/h5>\n<p>Hvis du har brug for et kundetilpasset online kursus eller et kursus som skal afholdes i jeres virksomhed, skal du kontakte os p\u00e5 mail: info@borgensgaard-consulting.dk<\/p>\n<h3>Gratis Online Kursus i Prim\u00e6r Emballage til l\u00e6gemidler<\/h3>\n<p>Prim\u00e6r emballage til l\u00e6gemidler er et meget komplekst omr\u00e5de med store krav til kvalitet og mange lovm\u00e6ssige krav.\u00a0 \u00a0Prim\u00e6r emballage har ikke kun til form\u00e5l at opbevare et l\u00e6gemiddel, men kan ogs\u00e5 bidrage til at f\u00e5 tilf\u00f8rt l\u00e6gemidlet til kroppen. Der er en tendens i det farmaceutiske marked til at arbejde hen imod mere og mere selv-medicinering, og det betyder at mere prim\u00e6r emballage f\u00e5r funktion som medicinsk udstyr.<\/p>\n<p>Du kan helt gratis udvide din viden om prim\u00e6r emballage til l\u00e6gemidler ved at f\u00e5 adgang til online kursus \"Introduction to Primary Packaging\".<\/p>\n<p>Kurset d\u00e6kker fire omr\u00e5der:<\/p>\n<ol>\n<li>Tillf\u00f8relse af Medicin til Kroppen<\/li>\n<li>Valg af Emballage<\/li>\n<li>Typer af Emballage<\/li>\n<li>Lovm\u00e6ssige Landskab<\/li>\n<\/ol>\n<p>Du f\u00e5r adgang ved at udfylde din email:<\/p>\n<form action=\"https:\/\/borgensgaardconsulting.simplero.com\/optin\/RV2MUdtTPTVXnNQWn9FVpHtk\/154376\" method=\"post\">Email: <input name=\"email\" pattern=\"[^@\\s]+@[^@\\s]+\\.[^@\\s]+\" required=\"required\" type=\"email\" \/><\/p>\n<p><label class=\"simplero-gdpr_consent\"><br \/>\n<input name=\"gdpr_consent\" type=\"checkbox\" value=\"1\" \/>Jeg accepterer at modtage adgang til online kursus \"Introduction to Primary Packaging for Medicinal Product\" og nyheder fra Borgensgaard Consulting<\/label><\/p>\n<p><input name=\"gdpr_consent_text\" type=\"hidden\" value=\"Jeg accepterer at modtage  nyheder fra Borgensgaard Consulting\" \/><input class=\"simplero-submit\" name=\"submit\" type=\"submit\" value=\"Yes, I'm in!\" \/><\/p>\n<\/form>\n<p>Jeg hader SPAM lige s\u00e5 meget som du g\u00f8r og vil kun sende dig mails, n\u00e5r der er nyt om online kurser og nye indl\u00e6g p\u00e5 bloggen. Du kan til enhver tid framelde dig denne mailing liste.<\/p>\n<p>&nbsp;<\/p>\n<p><script async id=\"_simplero_landing_page_js_154987\" src=\"https:\/\/borgensgaardconsulting.simplero.com\/page\/154987.js\"><\/script><\/p>\n<\/div>\n<\/div><\/div><\/div><\/div><\/div>","protected":false},"excerpt":{"rendered":"<p>Online Kurser Det er vigtigt l\u00f8bende at tilegne sig ny viden og nye kompetencer for at v\u00e6re og forblive effektiv [&hellip;]<\/p>\n","protected":false},"author":1,"featured_media":0,"parent":613,"menu_order":0,"comment_status":"closed","ping_status":"closed","template":"","meta":{"_exactmetrics_skip_tracking":false,"_exactmetrics_sitenote_active":false,"_exactmetrics_sitenote_note":"","_exactmetrics_sitenote_category":0,"footnotes":""},"class_list":["post-2711","page","type-page","status-publish","hentry"],"yoast_head":"<!-- This site is optimized with the Yoast SEO plugin v24.3 - https:\/\/yoast.com\/wordpress\/plugins\/seo\/ -->\n<title>Online Kurser - Borgensgaard Consulting<\/title>\n<meta name=\"robots\" content=\"index, follow, max-snippet:-1, max-image-preview:large, max-video-preview:-1\" \/>\n<link rel=\"canonical\" href=\"https:\/\/borgensgaard-consulting.dk\/da\/services\/online-kurser\/\" \/>\n<meta property=\"og:locale\" content=\"da_DK\" \/>\n<meta property=\"og:type\" content=\"article\" \/>\n<meta property=\"og:title\" content=\"Online Kurser - Borgensgaard Consulting\" \/>\n<meta property=\"og:description\" content=\"Online Kurser Det er vigtigt l\u00f8bende at tilegne sig ny viden og nye kompetencer for at v\u00e6re og forblive effektiv [&hellip;]\" \/>\n<meta property=\"og:url\" content=\"https:\/\/borgensgaard-consulting.dk\/da\/services\/online-kurser\/\" \/>\n<meta property=\"og:site_name\" content=\"Borgensgaard Consulting\" \/>\n<meta property=\"article:publisher\" content=\"https:\/\/www.facebook.com\/Borgensgaard-Consulting-110909730310836\/\" \/>\n<meta property=\"article:modified_time\" content=\"2021-01-25T20:10:16+00:00\" \/>\n<meta name=\"twitter:card\" content=\"summary_large_image\" \/>\n<meta name=\"twitter:label1\" content=\"Estimeret l\u00e6setid\" \/>\n\t<meta name=\"twitter:data1\" content=\"2 minutter\" \/>\n<script type=\"application\/ld+json\" class=\"yoast-schema-graph\">{\"@context\":\"https:\/\/schema.org\",\"@graph\":[{\"@type\":\"WebPage\",\"@id\":\"https:\/\/borgensgaard-consulting.dk\/da\/services\/online-kurser\/\",\"url\":\"https:\/\/borgensgaard-consulting.dk\/da\/services\/online-kurser\/\",\"name\":\"Online Kurser - Borgensgaard Consulting\",\"isPartOf\":{\"@id\":\"https:\/\/borgensgaard-consulting.dk\/#website\"},\"datePublished\":\"2020-05-19T09:36:34+00:00\",\"dateModified\":\"2021-01-25T20:10:16+00:00\",\"breadcrumb\":{\"@id\":\"https:\/\/borgensgaard-consulting.dk\/da\/services\/online-kurser\/#breadcrumb\"},\"inLanguage\":\"da-DK\",\"potentialAction\":[{\"@type\":\"ReadAction\",\"target\":[\"https:\/\/borgensgaard-consulting.dk\/da\/services\/online-kurser\/\"]}]},{\"@type\":\"BreadcrumbList\",\"@id\":\"https:\/\/borgensgaard-consulting.dk\/da\/services\/online-kurser\/#breadcrumb\",\"itemListElement\":[{\"@type\":\"ListItem\",\"position\":1,\"name\":\"Home\",\"item\":\"https:\/\/borgensgaard-consulting.dk\/da\/\"},{\"@type\":\"ListItem\",\"position\":2,\"name\":\"Services\",\"item\":\"https:\/\/borgensgaard-consulting.dk\/da\/services\/\"},{\"@type\":\"ListItem\",\"position\":3,\"name\":\"Online Kurser\"}]},{\"@type\":\"WebSite\",\"@id\":\"https:\/\/borgensgaard-consulting.dk\/#website\",\"url\":\"https:\/\/borgensgaard-consulting.dk\/\",\"name\":\"Borgensgaard Consulting\",\"description\":\"Quality Leadership and Quality Management\",\"publisher\":{\"@id\":\"https:\/\/borgensgaard-consulting.dk\/#organization\"},\"potentialAction\":[{\"@type\":\"SearchAction\",\"target\":{\"@type\":\"EntryPoint\",\"urlTemplate\":\"https:\/\/borgensgaard-consulting.dk\/?s={search_term_string}\"},\"query-input\":{\"@type\":\"PropertyValueSpecification\",\"valueRequired\":true,\"valueName\":\"search_term_string\"}}],\"inLanguage\":\"da-DK\"},{\"@type\":\"Organization\",\"@id\":\"https:\/\/borgensgaard-consulting.dk\/#organization\",\"name\":\"Borgensgaard Consulting\",\"url\":\"https:\/\/borgensgaard-consulting.dk\/\",\"logo\":{\"@type\":\"ImageObject\",\"inLanguage\":\"da-DK\",\"@id\":\"https:\/\/borgensgaard-consulting.dk\/#\/schema\/logo\/image\/\",\"url\":\"https:\/\/borgensgaard-consulting.dk\/wp-content\/uploads\/2019\/10\/Borgensgaard.png\",\"contentUrl\":\"https:\/\/borgensgaard-consulting.dk\/wp-content\/uploads\/2019\/10\/Borgensgaard.png\",\"width\":500,\"height\":138,\"caption\":\"Borgensgaard Consulting\"},\"image\":{\"@id\":\"https:\/\/borgensgaard-consulting.dk\/#\/schema\/logo\/image\/\"},\"sameAs\":[\"https:\/\/www.facebook.com\/Borgensgaard-Consulting-110909730310836\/\"]}]}<\/script>\n<!-- \/ Yoast SEO plugin. -->","yoast_head_json":{"title":"Online Kurser - Borgensgaard Consulting","robots":{"index":"index","follow":"follow","max-snippet":"max-snippet:-1","max-image-preview":"max-image-preview:large","max-video-preview":"max-video-preview:-1"},"canonical":"https:\/\/borgensgaard-consulting.dk\/da\/services\/online-kurser\/","og_locale":"da_DK","og_type":"article","og_title":"Online Kurser - Borgensgaard Consulting","og_description":"Online Kurser Det er vigtigt l\u00f8bende at tilegne sig ny viden og nye kompetencer for at v\u00e6re og forblive effektiv [&hellip;]","og_url":"https:\/\/borgensgaard-consulting.dk\/da\/services\/online-kurser\/","og_site_name":"Borgensgaard Consulting","article_publisher":"https:\/\/www.facebook.com\/Borgensgaard-Consulting-110909730310836\/","article_modified_time":"2021-01-25T20:10:16+00:00","twitter_card":"summary_large_image","twitter_misc":{"Estimeret l\u00e6setid":"2 minutter"},"schema":{"@context":"https:\/\/schema.org","@graph":[{"@type":"WebPage","@id":"https:\/\/borgensgaard-consulting.dk\/da\/services\/online-kurser\/","url":"https:\/\/borgensgaard-consulting.dk\/da\/services\/online-kurser\/","name":"Online Kurser - Borgensgaard Consulting","isPartOf":{"@id":"https:\/\/borgensgaard-consulting.dk\/#website"},"datePublished":"2020-05-19T09:36:34+00:00","dateModified":"2021-01-25T20:10:16+00:00","breadcrumb":{"@id":"https:\/\/borgensgaard-consulting.dk\/da\/services\/online-kurser\/#breadcrumb"},"inLanguage":"da-DK","potentialAction":[{"@type":"ReadAction","target":["https:\/\/borgensgaard-consulting.dk\/da\/services\/online-kurser\/"]}]},{"@type":"BreadcrumbList","@id":"https:\/\/borgensgaard-consulting.dk\/da\/services\/online-kurser\/#breadcrumb","itemListElement":[{"@type":"ListItem","position":1,"name":"Home","item":"https:\/\/borgensgaard-consulting.dk\/da\/"},{"@type":"ListItem","position":2,"name":"Services","item":"https:\/\/borgensgaard-consulting.dk\/da\/services\/"},{"@type":"ListItem","position":3,"name":"Online Kurser"}]},{"@type":"WebSite","@id":"https:\/\/borgensgaard-consulting.dk\/#website","url":"https:\/\/borgensgaard-consulting.dk\/","name":"Borgensgaard Consulting","description":"Quality Leadership and Quality Management","publisher":{"@id":"https:\/\/borgensgaard-consulting.dk\/#organization"},"potentialAction":[{"@type":"SearchAction","target":{"@type":"EntryPoint","urlTemplate":"https:\/\/borgensgaard-consulting.dk\/?s={search_term_string}"},"query-input":{"@type":"PropertyValueSpecification","valueRequired":true,"valueName":"search_term_string"}}],"inLanguage":"da-DK"},{"@type":"Organization","@id":"https:\/\/borgensgaard-consulting.dk\/#organization","name":"Borgensgaard Consulting","url":"https:\/\/borgensgaard-consulting.dk\/","logo":{"@type":"ImageObject","inLanguage":"da-DK","@id":"https:\/\/borgensgaard-consulting.dk\/#\/schema\/logo\/image\/","url":"https:\/\/borgensgaard-consulting.dk\/wp-content\/uploads\/2019\/10\/Borgensgaard.png","contentUrl":"https:\/\/borgensgaard-consulting.dk\/wp-content\/uploads\/2019\/10\/Borgensgaard.png","width":500,"height":138,"caption":"Borgensgaard Consulting"},"image":{"@id":"https:\/\/borgensgaard-consulting.dk\/#\/schema\/logo\/image\/"},"sameAs":["https:\/\/www.facebook.com\/Borgensgaard-Consulting-110909730310836\/"]}]}},"_links":{"self":[{"href":"https:\/\/borgensgaard-consulting.dk\/da\/wp-json\/wp\/v2\/pages\/2711"}],"collection":[{"href":"https:\/\/borgensgaard-consulting.dk\/da\/wp-json\/wp\/v2\/pages"}],"about":[{"href":"https:\/\/borgensgaard-consulting.dk\/da\/wp-json\/wp\/v2\/types\/page"}],"author":[{"embeddable":true,"href":"https:\/\/borgensgaard-consulting.dk\/da\/wp-json\/wp\/v2\/users\/1"}],"replies":[{"embeddable":true,"href":"https:\/\/borgensgaard-consulting.dk\/da\/wp-json\/wp\/v2\/comments?post=2711"}],"version-history":[{"count":33,"href":"https:\/\/borgensgaard-consulting.dk\/da\/wp-json\/wp\/v2\/pages\/2711\/revisions"}],"predecessor-version":[{"id":3185,"href":"https:\/\/borgensgaard-consulting.dk\/da\/wp-json\/wp\/v2\/pages\/2711\/revisions\/3185"}],"up":[{"embeddable":true,"href":"https:\/\/borgensgaard-consulting.dk\/da\/wp-json\/wp\/v2\/pages\/613"}],"wp:attachment":[{"href":"https:\/\/borgensgaard-consulting.dk\/da\/wp-json\/wp\/v2\/media?parent=2711"}],"curies":[{"name":"wp","href":"https:\/\/api.w.org\/{rel}","templated":true}]}}