{"id":1812,"date":"2020-04-14T12:50:03","date_gmt":"2020-04-14T10:50:03","guid":{"rendered":"https:\/\/borgensgaard-consulting.dk\/?page_id=1812"},"modified":"2021-04-21T14:53:46","modified_gmt":"2021-04-21T12:53:46","slug":"handelsbetingelser","status":"publish","type":"page","link":"https:\/\/borgensgaard-consulting.dk\/da\/handelsbetingelser\/","title":{"rendered":"Handelsbetingelser"},"content":{"rendered":"<div id=\"pl-1812\"  class=\"panel-layout\" ><div id=\"pg-1812-0\"  class=\"panel-grid panel-no-style\" ><div id=\"pgc-1812-0-0\"  class=\"panel-grid-cell\" ><div id=\"panel-1812-0-0-0\" class=\"so-panel widget widget_sow-image panel-first-child panel-last-child\" data-index=\"0\" ><div\n\t\t\t\n\t\t\tclass=\"so-widget-sow-image so-widget-sow-image-default-dbf295114b96-1812\"\n\t\t\t\n\t\t>\n\n<div class=\"sow-image-container\">\n\t\t<img alt=\"\" \t\tclass=\"so-widget-image\"\/>\n\t<\/div>\n\n<\/div><\/div><\/div><\/div><div id=\"pg-1812-1\"  class=\"panel-grid panel-no-style\" ><div id=\"pgc-1812-1-0\"  class=\"panel-grid-cell\" ><div id=\"panel-1812-1-0-0\" class=\"so-panel widget widget_sow-editor panel-first-child panel-last-child\" data-index=\"1\" ><div\n\t\t\t\n\t\t\tclass=\"so-widget-sow-editor so-widget-sow-editor-base\"\n\t\t\t\n\t\t>\n<div class=\"siteorigin-widget-tinymce textwidget\">\n\t<h2>Handelsbetingelser for online kurser<\/h2>\n<p>Borgensgaard Consulting udbyder online kurser til erhvervsdrivende mod betaling. Disse Handelsbetingelser samt Borgensgaard Consulting Cookie- og Privatlivspolitik g\u00e6lder for alle erhvervsdrivende, som Borgensgaard Consulting indg\u00e5r aftale med, om adgang til kursusmateriale.<\/p>\n<p>Ved online kurser er der tale om levering af digitalt indhold, der normalt leveres umiddelbart efter tilmelding. Det er derfor ikke muligt at afbestille disse online kurser, og der er derfor heller ingen fortrydelsesret.<\/p>\n<p>Levering af digitalt indhold er dedikeret til en unik bruger-id og adgangskode. Bruger-id og adgangskode er fortrolig information og skal opbevares og behandles som s\u00e5dan. Indehaver af bruger-id og adgangskode m\u00e5 ikke s\u00e6lge, overdrage eller p\u00e5 anden vis give tredjemand adgang til kursusindhold.<\/p>\n<p>I tilf\u00e6lde af tilmelding til online kursus, som ikke leveres umiddelbart efter tilmelding, er der en fortrydelsesret p\u00e5 op til 14 dage efter bestilling. Fortrydelsesretten bortfalder ved levering af ydelsen.<\/p>\n<p>Kurser kan blive aflyst p\u00e5 grund af manglende tilslutning eller andre \u00e5rsager. I s\u00e5danne tilf\u00e6lde refunderes betaling indenfor 7 dage efter aflysning.<\/p>\n<p>Er der en v\u00e6sentlig forsinkelse af et kursus, som overstiger 14 dage, kan en kursist ligeledes f\u00e5 betaling refunderet s\u00e5fremt dette \u00f8nskes.<\/p>\n<p>&nbsp;<\/p>\n<p><strong>Immaterielle rettigheder og ejendomsret<\/strong><\/p>\n<p>Alle rettigheder til materialer, der er anvendt som en del af et online kursus, tilh\u00f8rer Borgensgaard Consulting. Materialerne er beskyttet i henhold til ophavsret- og markedsf\u00f8ringsloven, hvorfor kopiering - mekanisk, digitalt, fotografisk eller anden gengivelse samt efterg\u00f8relse af skriftlige materialer eller dele deraf - ikke er tilladt medmindre dette er aftalt med Borgensgaard Consulting.<\/p>\n<p>&nbsp;<\/p>\n<p><strong>Ansvarsfraskrivelse<\/strong><\/p>\n<p>Al brug af serviceydelsen sker p\u00e5 eget ansvar. Borgensgaard Consulting er ikke erstatningsansvarlig for brug af website eller kursusindhold, herunder tab af indt\u00e6gter, driftstab eller tab af data, driftsforstyrrelser eller lignende tab.<\/p>\n<p>&nbsp;<\/p>\n<p><strong>Force Majeure<\/strong><\/p>\n<p>Hvis der opst\u00e5r force majeure, som forhindrer en Parts opfyldelse af sine forpligtelser i henhold til aftalen, udskydes disse forpligtelser svarende til den periode, som force majeure situationen har varet.<\/p>\n<p>&nbsp;<\/p>\n<p><strong>Reklamation<\/strong><\/p>\n<p>Hvis du ikke er tilfreds med serviceydelsen, kan du kontakte os p\u00e5 E-mail: charlotte@borgensgaard-consulting.dk. Reklamationer skal ske skriftligt med konkret beskrivelse af hvilke fejl eller mangler, der g\u00f8res indsigelser overfor.<\/p>\n<p>&nbsp;<\/p>\n<p><strong>Misligeholdeles\u00a0<\/strong><\/p>\n<p>S\u00e5fremt en Part v\u00e6sentlig misholder sine forpligtelser under aftalen, er den anden Part berettiget til at oph\u00e6ve aftalen med umiddelbar virkning. Manglende betaling betragtes altid som v\u00e6sentlig misligholdelse.<\/p>\n<p>&nbsp;<\/p>\n<p><strong>V\u00e6rneting\u00a0<\/strong><\/p>\n<p>Enhver tvist mellem Borgensgaard Consulting og anden Part skal s\u00f8ges l\u00f8st ved forhandling med henblik p\u00e5 at l\u00f8se uoverensstemmelsen mindeligt. Hvis der ikke er opn\u00e5et en mindelig l\u00f8sning senest 25 kalenderdage efter, at forhandlingerne er p\u00e5begyndt, kan hver Part indbringe uoverensstemmelsen for de danske domstole.<\/p>\n<p>&nbsp;<\/p>\n<p><strong>\u00c6ndring af betingelser<\/strong><\/p>\n<p>Handelsbetingelser kan \u00e6ndres med 15 dages varsel.<\/p>\n<p>&nbsp;<\/p>\n<p><strong>Yderligere information\u00a0<\/strong><\/p>\n<p>Har du brug for uddybende information om kursets faglige indhold, er du velkommen til at kontakte os p\u00e5 charlotte@borgensgaard-consulting.dk.<\/p>\n<p>&nbsp;<\/p>\n<p><strong>Generelle oplysninger<\/strong><\/p>\n<p>Borgensgaard Consulting, Sj\u00e6ls\u00f8parken 4, 3450 Aller\u00f8d, CVR nr. 40329021<\/p>\n<p>E-mail: info@borgensgaard-consulting.dk.<\/p>\n<p>&nbsp;<\/p>\n<\/div>\n<\/div><\/div><\/div><\/div><\/div>","protected":false},"excerpt":{"rendered":"<p>Handelsbetingelser for online kurser Borgensgaard Consulting udbyder online kurser til erhvervsdrivende mod betaling. Disse Handelsbetingelser samt Borgensgaard Consulting Cookie- og [&hellip;]<\/p>\n","protected":false},"author":1,"featured_media":0,"parent":0,"menu_order":0,"comment_status":"closed","ping_status":"closed","template":"","meta":{"_exactmetrics_skip_tracking":false,"_exactmetrics_sitenote_active":false,"_exactmetrics_sitenote_note":"","_exactmetrics_sitenote_category":0,"footnotes":""},"class_list":["post-1812","page","type-page","status-publish","hentry"],"yoast_head":"<!-- This site is optimized with the Yoast SEO plugin v24.3 - https:\/\/yoast.com\/wordpress\/plugins\/seo\/ -->\n<title>Handelsbetingelser - Borgensgaard Consulting<\/title>\n<meta name=\"robots\" content=\"index, follow, max-snippet:-1, max-image-preview:large, max-video-preview:-1\" \/>\n<link rel=\"canonical\" href=\"https:\/\/borgensgaard-consulting.dk\/da\/handelsbetingelser\/\" \/>\n<meta property=\"og:locale\" content=\"da_DK\" \/>\n<meta property=\"og:type\" content=\"article\" \/>\n<meta property=\"og:title\" content=\"Handelsbetingelser - Borgensgaard Consulting\" \/>\n<meta property=\"og:description\" content=\"Handelsbetingelser for online kurser Borgensgaard Consulting udbyder online kurser til erhvervsdrivende mod betaling. Disse Handelsbetingelser samt Borgensgaard Consulting Cookie- og [&hellip;]\" \/>\n<meta property=\"og:url\" content=\"https:\/\/borgensgaard-consulting.dk\/da\/handelsbetingelser\/\" \/>\n<meta property=\"og:site_name\" content=\"Borgensgaard Consulting\" \/>\n<meta property=\"article:publisher\" content=\"https:\/\/www.facebook.com\/Borgensgaard-Consulting-110909730310836\/\" \/>\n<meta property=\"article:modified_time\" content=\"2021-04-21T12:53:46+00:00\" \/>\n<meta name=\"twitter:card\" content=\"summary_large_image\" \/>\n<meta name=\"twitter:label1\" content=\"Estimeret l\u00e6setid\" \/>\n\t<meta name=\"twitter:data1\" content=\"3 minutter\" \/>\n<script type=\"application\/ld+json\" class=\"yoast-schema-graph\">{\"@context\":\"https:\/\/schema.org\",\"@graph\":[{\"@type\":\"WebPage\",\"@id\":\"https:\/\/borgensgaard-consulting.dk\/da\/handelsbetingelser\/\",\"url\":\"https:\/\/borgensgaard-consulting.dk\/da\/handelsbetingelser\/\",\"name\":\"Handelsbetingelser - Borgensgaard Consulting\",\"isPartOf\":{\"@id\":\"https:\/\/borgensgaard-consulting.dk\/#website\"},\"datePublished\":\"2020-04-14T10:50:03+00:00\",\"dateModified\":\"2021-04-21T12:53:46+00:00\",\"breadcrumb\":{\"@id\":\"https:\/\/borgensgaard-consulting.dk\/da\/handelsbetingelser\/#breadcrumb\"},\"inLanguage\":\"da-DK\",\"potentialAction\":[{\"@type\":\"ReadAction\",\"target\":[\"https:\/\/borgensgaard-consulting.dk\/da\/handelsbetingelser\/\"]}]},{\"@type\":\"BreadcrumbList\",\"@id\":\"https:\/\/borgensgaard-consulting.dk\/da\/handelsbetingelser\/#breadcrumb\",\"itemListElement\":[{\"@type\":\"ListItem\",\"position\":1,\"name\":\"Home\",\"item\":\"https:\/\/borgensgaard-consulting.dk\/da\/\"},{\"@type\":\"ListItem\",\"position\":2,\"name\":\"Handelsbetingelser\"}]},{\"@type\":\"WebSite\",\"@id\":\"https:\/\/borgensgaard-consulting.dk\/#website\",\"url\":\"https:\/\/borgensgaard-consulting.dk\/\",\"name\":\"Borgensgaard Consulting\",\"description\":\"Quality Leadership and Quality Management\",\"publisher\":{\"@id\":\"https:\/\/borgensgaard-consulting.dk\/#organization\"},\"potentialAction\":[{\"@type\":\"SearchAction\",\"target\":{\"@type\":\"EntryPoint\",\"urlTemplate\":\"https:\/\/borgensgaard-consulting.dk\/?s={search_term_string}\"},\"query-input\":{\"@type\":\"PropertyValueSpecification\",\"valueRequired\":true,\"valueName\":\"search_term_string\"}}],\"inLanguage\":\"da-DK\"},{\"@type\":\"Organization\",\"@id\":\"https:\/\/borgensgaard-consulting.dk\/#organization\",\"name\":\"Borgensgaard Consulting\",\"url\":\"https:\/\/borgensgaard-consulting.dk\/\",\"logo\":{\"@type\":\"ImageObject\",\"inLanguage\":\"da-DK\",\"@id\":\"https:\/\/borgensgaard-consulting.dk\/#\/schema\/logo\/image\/\",\"url\":\"https:\/\/borgensgaard-consulting.dk\/wp-content\/uploads\/2019\/10\/Borgensgaard.png\",\"contentUrl\":\"https:\/\/borgensgaard-consulting.dk\/wp-content\/uploads\/2019\/10\/Borgensgaard.png\",\"width\":500,\"height\":138,\"caption\":\"Borgensgaard Consulting\"},\"image\":{\"@id\":\"https:\/\/borgensgaard-consulting.dk\/#\/schema\/logo\/image\/\"},\"sameAs\":[\"https:\/\/www.facebook.com\/Borgensgaard-Consulting-110909730310836\/\"]}]}<\/script>\n<!-- \/ Yoast SEO plugin. -->","yoast_head_json":{"title":"Handelsbetingelser - Borgensgaard Consulting","robots":{"index":"index","follow":"follow","max-snippet":"max-snippet:-1","max-image-preview":"max-image-preview:large","max-video-preview":"max-video-preview:-1"},"canonical":"https:\/\/borgensgaard-consulting.dk\/da\/handelsbetingelser\/","og_locale":"da_DK","og_type":"article","og_title":"Handelsbetingelser - Borgensgaard Consulting","og_description":"Handelsbetingelser for online kurser Borgensgaard Consulting udbyder online kurser til erhvervsdrivende mod betaling. Disse Handelsbetingelser samt Borgensgaard Consulting Cookie- og [&hellip;]","og_url":"https:\/\/borgensgaard-consulting.dk\/da\/handelsbetingelser\/","og_site_name":"Borgensgaard Consulting","article_publisher":"https:\/\/www.facebook.com\/Borgensgaard-Consulting-110909730310836\/","article_modified_time":"2021-04-21T12:53:46+00:00","twitter_card":"summary_large_image","twitter_misc":{"Estimeret l\u00e6setid":"3 minutter"},"schema":{"@context":"https:\/\/schema.org","@graph":[{"@type":"WebPage","@id":"https:\/\/borgensgaard-consulting.dk\/da\/handelsbetingelser\/","url":"https:\/\/borgensgaard-consulting.dk\/da\/handelsbetingelser\/","name":"Handelsbetingelser - Borgensgaard Consulting","isPartOf":{"@id":"https:\/\/borgensgaard-consulting.dk\/#website"},"datePublished":"2020-04-14T10:50:03+00:00","dateModified":"2021-04-21T12:53:46+00:00","breadcrumb":{"@id":"https:\/\/borgensgaard-consulting.dk\/da\/handelsbetingelser\/#breadcrumb"},"inLanguage":"da-DK","potentialAction":[{"@type":"ReadAction","target":["https:\/\/borgensgaard-consulting.dk\/da\/handelsbetingelser\/"]}]},{"@type":"BreadcrumbList","@id":"https:\/\/borgensgaard-consulting.dk\/da\/handelsbetingelser\/#breadcrumb","itemListElement":[{"@type":"ListItem","position":1,"name":"Home","item":"https:\/\/borgensgaard-consulting.dk\/da\/"},{"@type":"ListItem","position":2,"name":"Handelsbetingelser"}]},{"@type":"WebSite","@id":"https:\/\/borgensgaard-consulting.dk\/#website","url":"https:\/\/borgensgaard-consulting.dk\/","name":"Borgensgaard Consulting","description":"Quality Leadership and Quality Management","publisher":{"@id":"https:\/\/borgensgaard-consulting.dk\/#organization"},"potentialAction":[{"@type":"SearchAction","target":{"@type":"EntryPoint","urlTemplate":"https:\/\/borgensgaard-consulting.dk\/?s={search_term_string}"},"query-input":{"@type":"PropertyValueSpecification","valueRequired":true,"valueName":"search_term_string"}}],"inLanguage":"da-DK"},{"@type":"Organization","@id":"https:\/\/borgensgaard-consulting.dk\/#organization","name":"Borgensgaard Consulting","url":"https:\/\/borgensgaard-consulting.dk\/","logo":{"@type":"ImageObject","inLanguage":"da-DK","@id":"https:\/\/borgensgaard-consulting.dk\/#\/schema\/logo\/image\/","url":"https:\/\/borgensgaard-consulting.dk\/wp-content\/uploads\/2019\/10\/Borgensgaard.png","contentUrl":"https:\/\/borgensgaard-consulting.dk\/wp-content\/uploads\/2019\/10\/Borgensgaard.png","width":500,"height":138,"caption":"Borgensgaard Consulting"},"image":{"@id":"https:\/\/borgensgaard-consulting.dk\/#\/schema\/logo\/image\/"},"sameAs":["https:\/\/www.facebook.com\/Borgensgaard-Consulting-110909730310836\/"]}]}},"_links":{"self":[{"href":"https:\/\/borgensgaard-consulting.dk\/da\/wp-json\/wp\/v2\/pages\/1812"}],"collection":[{"href":"https:\/\/borgensgaard-consulting.dk\/da\/wp-json\/wp\/v2\/pages"}],"about":[{"href":"https:\/\/borgensgaard-consulting.dk\/da\/wp-json\/wp\/v2\/types\/page"}],"author":[{"embeddable":true,"href":"https:\/\/borgensgaard-consulting.dk\/da\/wp-json\/wp\/v2\/users\/1"}],"replies":[{"embeddable":true,"href":"https:\/\/borgensgaard-consulting.dk\/da\/wp-json\/wp\/v2\/comments?post=1812"}],"version-history":[{"count":6,"href":"https:\/\/borgensgaard-consulting.dk\/da\/wp-json\/wp\/v2\/pages\/1812\/revisions"}],"predecessor-version":[{"id":3300,"href":"https:\/\/borgensgaard-consulting.dk\/da\/wp-json\/wp\/v2\/pages\/1812\/revisions\/3300"}],"wp:attachment":[{"href":"https:\/\/borgensgaard-consulting.dk\/da\/wp-json\/wp\/v2\/media?parent=1812"}],"curies":[{"name":"wp","href":"https:\/\/api.w.org\/{rel}","templated":true}]}}