{"id":1252,"date":"2019-10-14T15:48:36","date_gmt":"2019-10-14T13:48:36","guid":{"rendered":"https:\/\/borgensgaard-consulting.dk\/?page_id=1252"},"modified":"2019-11-21T13:46:49","modified_gmt":"2019-11-21T12:46:49","slug":"reduktion-af-kvalitetsomkostninger","status":"publish","type":"page","link":"https:\/\/borgensgaard-consulting.dk\/da\/services\/quality-leadership-goer-de-rigtige-ting\/reduktion-af-kvalitetsomkostninger\/","title":{"rendered":"Reduktion af Kvalitetsomkostninger"},"content":{"rendered":"<div id=\"pl-1252\"  class=\"panel-layout\" ><div id=\"pg-1252-0\"  class=\"panel-grid panel-no-style\" ><div id=\"pgc-1252-0-0\"  class=\"panel-grid-cell\" ><div id=\"panel-1252-0-0-0\" class=\"so-panel widget widget_sow-image panel-first-child panel-last-child\" data-index=\"0\" ><div\n\t\t\t\n\t\t\tclass=\"so-widget-sow-image so-widget-sow-image-default-dbf295114b96-1252\"\n\t\t\t\n\t\t>\n\n<div class=\"sow-image-container\">\n\t\t<img loading=\"lazy\" decoding=\"async\" src=\"https:\/\/borgensgaard-consulting.dk\/wp-content\/uploads\/2019\/10\/Reduktion-af-kvalitetsomkostninger-.jpg\" width=\"1105\" height=\"468\" srcset=\"https:\/\/borgensgaard-consulting.dk\/wp-content\/uploads\/2019\/10\/Reduktion-af-kvalitetsomkostninger-.jpg 1105w, https:\/\/borgensgaard-consulting.dk\/wp-content\/uploads\/2019\/10\/Reduktion-af-kvalitetsomkostninger--300x127.jpg 300w, https:\/\/borgensgaard-consulting.dk\/wp-content\/uploads\/2019\/10\/Reduktion-af-kvalitetsomkostninger--768x325.jpg 768w, https:\/\/borgensgaard-consulting.dk\/wp-content\/uploads\/2019\/10\/Reduktion-af-kvalitetsomkostninger--1024x434.jpg 1024w\" sizes=\"(max-width: 1105px) 100vw, 1105px\" title=\"Reduktion af kvalitetsomkostninger\" alt=\"Reduktion af Kvalitetsomkostninger\" \t\tclass=\"so-widget-image\"\/>\n\t<\/div>\n\n<\/div><\/div><\/div><\/div><div id=\"pg-1252-1\"  class=\"panel-grid panel-no-style\" ><div id=\"pgc-1252-1-0\"  class=\"panel-grid-cell\" ><div id=\"panel-1252-1-0-0\" class=\"so-panel widget widget_sow-editor panel-first-child panel-last-child\" data-index=\"1\" ><div\n\t\t\t\n\t\t\tclass=\"so-widget-sow-editor so-widget-sow-editor-base\"\n\t\t\t\n\t\t>\n<div class=\"siteorigin-widget-tinymce textwidget\">\n\t<h2>Reduktion af Kvalitetsomkostninger<\/h2>\n<p>Kvalitetsperformance har stor betydning for en virksomheds top- og bundlinje. D\u00e5rlig kvalitet har ikke alene indflydelse p\u00e5 kundetilfredshed, men kan ogs\u00e5 p\u00e5virke evnen til at v\u00e6re konkurrencedygtig p\u00e5 pris grundet for h\u00f8je omkostninger.<\/p>\n<p>De fleste virksomheder er gode til at m\u00e5le og l\u00f8bende reducere de direkte og synlige kvalitetsomkostninger som spild, kassation, omlevering &amp; erstatning samt tilbagekaldelse.<\/p>\n<p>Men det er kun toppen af isbjerget og der er et stort potentiale i at synligg\u00f8re og reducere de mere indirekte kvalitetsomkostninger.<\/p>\n<p>Jeg kan hj\u00e6lpe jer med at igangs\u00e6tte en proces for reduktion af kvalitetsomkostninger:<\/p>\n<ol>\n<li>Identificering af de v\u00e6sentligste kilder til indirekte kvalitetsomkostninger<\/li>\n<li>Plan for indsamling af data \/ grundlag for beregning\/estimering kvalitetsomkostninger<\/li>\n<li>Indsamling af data og beregning\/estimering af kvalitetsomkostninger<\/li>\n<li>Analyse af resultater og udv\u00e6lgelse af indsatsomr\u00e5der<\/li>\n<li>\u00c5rsagsanalyse af kvalitetsomkostninger for hvert indsatsomr\u00e5de<\/li>\n<li>Handlingsplan<\/li>\n<\/ol>\n<p>Det er min anbefaling at anvende <a href=\"https:\/\/borgensgaard-consulting.dk\/da\/services\/quality-management-goer-tingene-rigtigt\/systematisk-problemloesning\/\">systematisk probleml\u00f8sning<\/a> til at afd\u00e6kke \u00e5rsager og forbedringsmuligheder.<\/p>\n<p>&nbsp;<\/p>\n<\/div>\n<\/div><\/div><\/div><\/div><\/div>","protected":false},"excerpt":{"rendered":"<p>Reduktion af Kvalitetsomkostninger Kvalitetsperformance har stor betydning for en virksomheds top- og bundlinje. D\u00e5rlig kvalitet har ikke alene indflydelse p\u00e5 [&hellip;]<\/p>\n","protected":false},"author":1,"featured_media":0,"parent":641,"menu_order":0,"comment_status":"closed","ping_status":"closed","template":"","meta":{"_exactmetrics_skip_tracking":false,"_exactmetrics_sitenote_active":false,"_exactmetrics_sitenote_note":"","_exactmetrics_sitenote_category":0,"footnotes":""},"class_list":["post-1252","page","type-page","status-publish","hentry"],"yoast_head":"<!-- This site is optimized with the Yoast SEO plugin v24.3 - https:\/\/yoast.com\/wordpress\/plugins\/seo\/ -->\n<title>Reduktion af Kvalitetsomkostninger - Borgensgaard Consulting<\/title>\n<meta name=\"description\" content=\"Jeg kan hj\u00e6lpe jer med at igangs\u00e6tte en proces for reduktion af kvalitetsomkostninger. Jeg anbefaler at anvende systematisk probleml\u00f8sning.\" \/>\n<meta name=\"robots\" content=\"index, follow, max-snippet:-1, max-image-preview:large, max-video-preview:-1\" \/>\n<link rel=\"canonical\" href=\"https:\/\/borgensgaard-consulting.dk\/da\/services\/quality-leadership-goer-de-rigtige-ting\/reduktion-af-kvalitetsomkostninger\/\" \/>\n<meta property=\"og:locale\" content=\"da_DK\" \/>\n<meta property=\"og:type\" content=\"article\" \/>\n<meta property=\"og:title\" content=\"Reduktion af Kvalitetsomkostninger - Borgensgaard Consulting\" \/>\n<meta property=\"og:description\" content=\"Jeg kan hj\u00e6lpe jer med at igangs\u00e6tte en proces for reduktion af kvalitetsomkostninger. Jeg anbefaler at anvende systematisk probleml\u00f8sning.\" \/>\n<meta property=\"og:url\" content=\"https:\/\/borgensgaard-consulting.dk\/da\/services\/quality-leadership-goer-de-rigtige-ting\/reduktion-af-kvalitetsomkostninger\/\" \/>\n<meta property=\"og:site_name\" content=\"Borgensgaard Consulting\" \/>\n<meta property=\"article:publisher\" content=\"https:\/\/www.facebook.com\/Borgensgaard-Consulting-110909730310836\/\" \/>\n<meta property=\"article:modified_time\" content=\"2019-11-21T12:46:49+00:00\" \/>\n<meta name=\"twitter:card\" content=\"summary_large_image\" \/>\n<meta name=\"twitter:label1\" content=\"Estimeret l\u00e6setid\" \/>\n\t<meta name=\"twitter:data1\" content=\"1 minut\" \/>\n<script type=\"application\/ld+json\" class=\"yoast-schema-graph\">{\"@context\":\"https:\/\/schema.org\",\"@graph\":[{\"@type\":\"WebPage\",\"@id\":\"https:\/\/borgensgaard-consulting.dk\/da\/services\/quality-leadership-goer-de-rigtige-ting\/reduktion-af-kvalitetsomkostninger\/\",\"url\":\"https:\/\/borgensgaard-consulting.dk\/da\/services\/quality-leadership-goer-de-rigtige-ting\/reduktion-af-kvalitetsomkostninger\/\",\"name\":\"Reduktion af Kvalitetsomkostninger - Borgensgaard Consulting\",\"isPartOf\":{\"@id\":\"https:\/\/borgensgaard-consulting.dk\/#website\"},\"datePublished\":\"2019-10-14T13:48:36+00:00\",\"dateModified\":\"2019-11-21T12:46:49+00:00\",\"description\":\"Jeg kan hj\u00e6lpe jer med at igangs\u00e6tte en proces for reduktion af kvalitetsomkostninger. Jeg anbefaler at anvende systematisk probleml\u00f8sning.\",\"breadcrumb\":{\"@id\":\"https:\/\/borgensgaard-consulting.dk\/da\/services\/quality-leadership-goer-de-rigtige-ting\/reduktion-af-kvalitetsomkostninger\/#breadcrumb\"},\"inLanguage\":\"da-DK\",\"potentialAction\":[{\"@type\":\"ReadAction\",\"target\":[\"https:\/\/borgensgaard-consulting.dk\/da\/services\/quality-leadership-goer-de-rigtige-ting\/reduktion-af-kvalitetsomkostninger\/\"]}]},{\"@type\":\"BreadcrumbList\",\"@id\":\"https:\/\/borgensgaard-consulting.dk\/da\/services\/quality-leadership-goer-de-rigtige-ting\/reduktion-af-kvalitetsomkostninger\/#breadcrumb\",\"itemListElement\":[{\"@type\":\"ListItem\",\"position\":1,\"name\":\"Home\",\"item\":\"https:\/\/borgensgaard-consulting.dk\/da\/\"},{\"@type\":\"ListItem\",\"position\":2,\"name\":\"Services\",\"item\":\"https:\/\/borgensgaard-consulting.dk\/da\/services\/\"},{\"@type\":\"ListItem\",\"position\":3,\"name\":\"Quality Leadership \u2013 G\u00f8r de rigtige ting\",\"item\":\"https:\/\/borgensgaard-consulting.dk\/da\/services\/quality-leadership-goer-de-rigtige-ting\/\"},{\"@type\":\"ListItem\",\"position\":4,\"name\":\"Reduktion af Kvalitetsomkostninger\"}]},{\"@type\":\"WebSite\",\"@id\":\"https:\/\/borgensgaard-consulting.dk\/#website\",\"url\":\"https:\/\/borgensgaard-consulting.dk\/\",\"name\":\"Borgensgaard Consulting\",\"description\":\"Quality Leadership and Quality Management\",\"publisher\":{\"@id\":\"https:\/\/borgensgaard-consulting.dk\/#organization\"},\"potentialAction\":[{\"@type\":\"SearchAction\",\"target\":{\"@type\":\"EntryPoint\",\"urlTemplate\":\"https:\/\/borgensgaard-consulting.dk\/?s={search_term_string}\"},\"query-input\":{\"@type\":\"PropertyValueSpecification\",\"valueRequired\":true,\"valueName\":\"search_term_string\"}}],\"inLanguage\":\"da-DK\"},{\"@type\":\"Organization\",\"@id\":\"https:\/\/borgensgaard-consulting.dk\/#organization\",\"name\":\"Borgensgaard Consulting\",\"url\":\"https:\/\/borgensgaard-consulting.dk\/\",\"logo\":{\"@type\":\"ImageObject\",\"inLanguage\":\"da-DK\",\"@id\":\"https:\/\/borgensgaard-consulting.dk\/#\/schema\/logo\/image\/\",\"url\":\"https:\/\/borgensgaard-consulting.dk\/wp-content\/uploads\/2019\/10\/Borgensgaard.png\",\"contentUrl\":\"https:\/\/borgensgaard-consulting.dk\/wp-content\/uploads\/2019\/10\/Borgensgaard.png\",\"width\":500,\"height\":138,\"caption\":\"Borgensgaard Consulting\"},\"image\":{\"@id\":\"https:\/\/borgensgaard-consulting.dk\/#\/schema\/logo\/image\/\"},\"sameAs\":[\"https:\/\/www.facebook.com\/Borgensgaard-Consulting-110909730310836\/\"]}]}<\/script>\n<!-- \/ Yoast SEO plugin. -->","yoast_head_json":{"title":"Reduktion af Kvalitetsomkostninger - Borgensgaard Consulting","description":"Jeg kan hj\u00e6lpe jer med at igangs\u00e6tte en proces for reduktion af kvalitetsomkostninger. Jeg anbefaler at anvende systematisk probleml\u00f8sning.","robots":{"index":"index","follow":"follow","max-snippet":"max-snippet:-1","max-image-preview":"max-image-preview:large","max-video-preview":"max-video-preview:-1"},"canonical":"https:\/\/borgensgaard-consulting.dk\/da\/services\/quality-leadership-goer-de-rigtige-ting\/reduktion-af-kvalitetsomkostninger\/","og_locale":"da_DK","og_type":"article","og_title":"Reduktion af Kvalitetsomkostninger - Borgensgaard Consulting","og_description":"Jeg kan hj\u00e6lpe jer med at igangs\u00e6tte en proces for reduktion af kvalitetsomkostninger. Jeg anbefaler at anvende systematisk probleml\u00f8sning.","og_url":"https:\/\/borgensgaard-consulting.dk\/da\/services\/quality-leadership-goer-de-rigtige-ting\/reduktion-af-kvalitetsomkostninger\/","og_site_name":"Borgensgaard Consulting","article_publisher":"https:\/\/www.facebook.com\/Borgensgaard-Consulting-110909730310836\/","article_modified_time":"2019-11-21T12:46:49+00:00","twitter_card":"summary_large_image","twitter_misc":{"Estimeret l\u00e6setid":"1 minut"},"schema":{"@context":"https:\/\/schema.org","@graph":[{"@type":"WebPage","@id":"https:\/\/borgensgaard-consulting.dk\/da\/services\/quality-leadership-goer-de-rigtige-ting\/reduktion-af-kvalitetsomkostninger\/","url":"https:\/\/borgensgaard-consulting.dk\/da\/services\/quality-leadership-goer-de-rigtige-ting\/reduktion-af-kvalitetsomkostninger\/","name":"Reduktion af Kvalitetsomkostninger - Borgensgaard Consulting","isPartOf":{"@id":"https:\/\/borgensgaard-consulting.dk\/#website"},"datePublished":"2019-10-14T13:48:36+00:00","dateModified":"2019-11-21T12:46:49+00:00","description":"Jeg kan hj\u00e6lpe jer med at igangs\u00e6tte en proces for reduktion af kvalitetsomkostninger. Jeg anbefaler at anvende systematisk probleml\u00f8sning.","breadcrumb":{"@id":"https:\/\/borgensgaard-consulting.dk\/da\/services\/quality-leadership-goer-de-rigtige-ting\/reduktion-af-kvalitetsomkostninger\/#breadcrumb"},"inLanguage":"da-DK","potentialAction":[{"@type":"ReadAction","target":["https:\/\/borgensgaard-consulting.dk\/da\/services\/quality-leadership-goer-de-rigtige-ting\/reduktion-af-kvalitetsomkostninger\/"]}]},{"@type":"BreadcrumbList","@id":"https:\/\/borgensgaard-consulting.dk\/da\/services\/quality-leadership-goer-de-rigtige-ting\/reduktion-af-kvalitetsomkostninger\/#breadcrumb","itemListElement":[{"@type":"ListItem","position":1,"name":"Home","item":"https:\/\/borgensgaard-consulting.dk\/da\/"},{"@type":"ListItem","position":2,"name":"Services","item":"https:\/\/borgensgaard-consulting.dk\/da\/services\/"},{"@type":"ListItem","position":3,"name":"Quality Leadership \u2013 G\u00f8r de rigtige ting","item":"https:\/\/borgensgaard-consulting.dk\/da\/services\/quality-leadership-goer-de-rigtige-ting\/"},{"@type":"ListItem","position":4,"name":"Reduktion af Kvalitetsomkostninger"}]},{"@type":"WebSite","@id":"https:\/\/borgensgaard-consulting.dk\/#website","url":"https:\/\/borgensgaard-consulting.dk\/","name":"Borgensgaard Consulting","description":"Quality Leadership and Quality Management","publisher":{"@id":"https:\/\/borgensgaard-consulting.dk\/#organization"},"potentialAction":[{"@type":"SearchAction","target":{"@type":"EntryPoint","urlTemplate":"https:\/\/borgensgaard-consulting.dk\/?s={search_term_string}"},"query-input":{"@type":"PropertyValueSpecification","valueRequired":true,"valueName":"search_term_string"}}],"inLanguage":"da-DK"},{"@type":"Organization","@id":"https:\/\/borgensgaard-consulting.dk\/#organization","name":"Borgensgaard Consulting","url":"https:\/\/borgensgaard-consulting.dk\/","logo":{"@type":"ImageObject","inLanguage":"da-DK","@id":"https:\/\/borgensgaard-consulting.dk\/#\/schema\/logo\/image\/","url":"https:\/\/borgensgaard-consulting.dk\/wp-content\/uploads\/2019\/10\/Borgensgaard.png","contentUrl":"https:\/\/borgensgaard-consulting.dk\/wp-content\/uploads\/2019\/10\/Borgensgaard.png","width":500,"height":138,"caption":"Borgensgaard Consulting"},"image":{"@id":"https:\/\/borgensgaard-consulting.dk\/#\/schema\/logo\/image\/"},"sameAs":["https:\/\/www.facebook.com\/Borgensgaard-Consulting-110909730310836\/"]}]}},"_links":{"self":[{"href":"https:\/\/borgensgaard-consulting.dk\/da\/wp-json\/wp\/v2\/pages\/1252"}],"collection":[{"href":"https:\/\/borgensgaard-consulting.dk\/da\/wp-json\/wp\/v2\/pages"}],"about":[{"href":"https:\/\/borgensgaard-consulting.dk\/da\/wp-json\/wp\/v2\/types\/page"}],"author":[{"embeddable":true,"href":"https:\/\/borgensgaard-consulting.dk\/da\/wp-json\/wp\/v2\/users\/1"}],"replies":[{"embeddable":true,"href":"https:\/\/borgensgaard-consulting.dk\/da\/wp-json\/wp\/v2\/comments?post=1252"}],"version-history":[{"count":11,"href":"https:\/\/borgensgaard-consulting.dk\/da\/wp-json\/wp\/v2\/pages\/1252\/revisions"}],"predecessor-version":[{"id":1351,"href":"https:\/\/borgensgaard-consulting.dk\/da\/wp-json\/wp\/v2\/pages\/1252\/revisions\/1351"}],"up":[{"embeddable":true,"href":"https:\/\/borgensgaard-consulting.dk\/da\/wp-json\/wp\/v2\/pages\/641"}],"wp:attachment":[{"href":"https:\/\/borgensgaard-consulting.dk\/da\/wp-json\/wp\/v2\/media?parent=1252"}],"curies":[{"name":"wp","href":"https:\/\/api.w.org\/{rel}","templated":true}]}}