{"id":1224,"date":"2019-10-14T12:45:00","date_gmt":"2019-10-14T10:45:00","guid":{"rendered":"https:\/\/borgensgaard-consulting.dk\/?page_id=1224"},"modified":"2019-10-27T23:27:34","modified_gmt":"2019-10-27T22:27:34","slug":"systematisk-problemloesning","status":"publish","type":"page","link":"https:\/\/borgensgaard-consulting.dk\/da\/services\/quality-management-goer-tingene-rigtigt\/systematisk-problemloesning\/","title":{"rendered":"Systematisk Probleml\u00f8sning"},"content":{"rendered":"<div id=\"pl-1224\"  class=\"panel-layout\" ><div id=\"pg-1224-0\"  class=\"panel-grid panel-no-style\" ><div id=\"pgc-1224-0-0\"  class=\"panel-grid-cell\" ><div id=\"panel-1224-0-0-0\" class=\"so-panel widget widget_sow-image panel-first-child panel-last-child\" data-index=\"0\" ><div\n\t\t\t\n\t\t\tclass=\"so-widget-sow-image so-widget-sow-image-default-dbf295114b96-1224\"\n\t\t\t\n\t\t>\n\n<div class=\"sow-image-container\">\n\t\t<img loading=\"lazy\" decoding=\"async\" src=\"https:\/\/borgensgaard-consulting.dk\/wp-content\/uploads\/2019\/10\/Systematisk-probleml\u00f8sning.jpg\" width=\"1105\" height=\"468\" srcset=\"https:\/\/borgensgaard-consulting.dk\/wp-content\/uploads\/2019\/10\/Systematisk-probleml\u00f8sning.jpg 1105w, https:\/\/borgensgaard-consulting.dk\/wp-content\/uploads\/2019\/10\/Systematisk-probleml\u00f8sning-300x127.jpg 300w, https:\/\/borgensgaard-consulting.dk\/wp-content\/uploads\/2019\/10\/Systematisk-probleml\u00f8sning-768x325.jpg 768w, https:\/\/borgensgaard-consulting.dk\/wp-content\/uploads\/2019\/10\/Systematisk-probleml\u00f8sning-1024x434.jpg 1024w\" sizes=\"(max-width: 1105px) 100vw, 1105px\" title=\"Systematisk probleml\u00f8sning\" alt=\"Systematisk Probleml\u00f8sning\" \t\tclass=\"so-widget-image\"\/>\n\t<\/div>\n\n<\/div><\/div><\/div><\/div><div id=\"pg-1224-1\"  class=\"panel-grid panel-no-style\" ><div id=\"pgc-1224-1-0\"  class=\"panel-grid-cell\" ><div id=\"panel-1224-1-0-0\" class=\"so-panel widget widget_sow-editor panel-first-child panel-last-child\" data-index=\"1\" ><div\n\t\t\t\n\t\t\tclass=\"so-widget-sow-editor so-widget-sow-editor-base\"\n\t\t\t\n\t\t>\n<div class=\"siteorigin-widget-tinymce textwidget\">\n\t<h2>Systematisk Probleml\u00f8sning<\/h2>\n<p>Rigtig mange virksomheder oplever at de samme fejl kommer igen selv efter indf\u00f8relse af korrigerende handlinger.<\/p>\n<p>Grunden er ofte at den egentlige \u00e5rsag til problemet ikke bliver afd\u00e6kket, og dermed f\u00e5r man i stedet indf\u00f8rt korrigerende handlinger baseret p\u00e5 symptomer.<\/p>\n<p>Jeg kan hj\u00e6lpe jer med at indf\u00f8re en god proces for systematisk probleml\u00f8sning, hvis omfang tager h\u00f8jde for kompleksiteten af problemstillingen.<\/p>\n<p>Jeg skelner normalt mellem den operative kvalitetsloop og det forbedrende kvalitetsloop, hvor systematisk probleml\u00f8sning alene indg\u00e5r i det forbedrende kvalitetsloop.<\/p>\n<p>Typisk vil jeg arbejde med 3 forskellige niveau af systematisk probleml\u00f8sning:<\/p>\n<ul>\n<li>Sm\u00e5 problemer, hvor det er nemt at finde og implementere l\u00f8sning<\/li>\n<li>Komplekse og tilbagevendende problemer, hvor l\u00f8sningen ikke er kendt<\/li>\n<li>Meget komplekse problemstillinger som identificeres som et projekt<\/li>\n<\/ul>\n<p>&nbsp;<\/p>\n<p>Metodikken, som jeg normalt anvender til komplekse og tilbagevendende problemer, er en 8 trins probleml\u00f8snings model (8D):<\/p>\n<ul>\n<li>D1:Etabler et tv\u00e6rorganisatorisk team<\/li>\n<li>D2: Beskriv problemet<\/li>\n<li>D3: Definer og indf\u00f8r kortsigtede l\u00f8sninger for at afgr\u00e6nse og stoppe problemet<\/li>\n<li>D4: Lav en \u00e5rsagsanalyse<\/li>\n<li>D5: Definer permanent korrigerende handling<\/li>\n<li>D6: Implementer permanent korrigerende handling<\/li>\n<li>D7: Implementer forebyggende aktiviteter<\/li>\n<li>D8: Anerkend teamet for deres indsats<\/li>\n<\/ul>\n<p>Jeg kan hj\u00e6lpe jer med at etablere jeres proces for systematisk probleml\u00f8sning, undervise jeres medarbejdere og facilitere systematisk probleml\u00f8sning af faktiske afvigelser og fejl.<\/p>\n<\/div>\n<\/div><\/div><\/div><\/div><\/div>","protected":false},"excerpt":{"rendered":"<p>Systematisk Probleml\u00f8sning Rigtig mange virksomheder oplever at de samme fejl kommer igen selv efter indf\u00f8relse af korrigerende handlinger. Grunden er [&hellip;]<\/p>\n","protected":false},"author":1,"featured_media":0,"parent":654,"menu_order":0,"comment_status":"closed","ping_status":"closed","template":"","meta":{"_exactmetrics_skip_tracking":false,"_exactmetrics_sitenote_active":false,"_exactmetrics_sitenote_note":"","_exactmetrics_sitenote_category":0,"footnotes":""},"class_list":["post-1224","page","type-page","status-publish","hentry"],"yoast_head":"<!-- This site is optimized with the Yoast SEO plugin v24.3 - https:\/\/yoast.com\/wordpress\/plugins\/seo\/ -->\n<title>Systematisk Probleml\u00f8sning - Borgensgaard Consulting<\/title>\n<meta name=\"description\" content=\"Jeg kan hj\u00e6lpe jer med at indf\u00f8re en god proces for systematisk probleml\u00f8sning, hvis omfang tager h\u00f8jde for kompleksiteten af problemstillingen.\" \/>\n<meta name=\"robots\" content=\"index, follow, max-snippet:-1, max-image-preview:large, max-video-preview:-1\" \/>\n<link rel=\"canonical\" href=\"https:\/\/borgensgaard-consulting.dk\/da\/services\/quality-management-goer-tingene-rigtigt\/systematisk-problemloesning\/\" \/>\n<meta property=\"og:locale\" content=\"da_DK\" \/>\n<meta property=\"og:type\" content=\"article\" \/>\n<meta property=\"og:title\" content=\"Systematisk Probleml\u00f8sning - Borgensgaard Consulting\" \/>\n<meta property=\"og:description\" content=\"Jeg kan hj\u00e6lpe jer med at indf\u00f8re en god proces for systematisk probleml\u00f8sning, hvis omfang tager h\u00f8jde for kompleksiteten af problemstillingen.\" \/>\n<meta property=\"og:url\" content=\"https:\/\/borgensgaard-consulting.dk\/da\/services\/quality-management-goer-tingene-rigtigt\/systematisk-problemloesning\/\" \/>\n<meta property=\"og:site_name\" content=\"Borgensgaard Consulting\" \/>\n<meta property=\"article:publisher\" content=\"https:\/\/www.facebook.com\/Borgensgaard-Consulting-110909730310836\/\" \/>\n<meta property=\"article:modified_time\" content=\"2019-10-27T22:27:34+00:00\" \/>\n<meta name=\"twitter:card\" content=\"summary_large_image\" \/>\n<meta name=\"twitter:label1\" content=\"Estimeret l\u00e6setid\" \/>\n\t<meta name=\"twitter:data1\" content=\"1 minut\" \/>\n<script type=\"application\/ld+json\" class=\"yoast-schema-graph\">{\"@context\":\"https:\/\/schema.org\",\"@graph\":[{\"@type\":\"WebPage\",\"@id\":\"https:\/\/borgensgaard-consulting.dk\/da\/services\/quality-management-goer-tingene-rigtigt\/systematisk-problemloesning\/\",\"url\":\"https:\/\/borgensgaard-consulting.dk\/da\/services\/quality-management-goer-tingene-rigtigt\/systematisk-problemloesning\/\",\"name\":\"Systematisk Probleml\u00f8sning - Borgensgaard Consulting\",\"isPartOf\":{\"@id\":\"https:\/\/borgensgaard-consulting.dk\/#website\"},\"datePublished\":\"2019-10-14T10:45:00+00:00\",\"dateModified\":\"2019-10-27T22:27:34+00:00\",\"description\":\"Jeg kan hj\u00e6lpe jer med at indf\u00f8re en god proces for systematisk probleml\u00f8sning, hvis omfang tager h\u00f8jde for kompleksiteten af problemstillingen.\",\"breadcrumb\":{\"@id\":\"https:\/\/borgensgaard-consulting.dk\/da\/services\/quality-management-goer-tingene-rigtigt\/systematisk-problemloesning\/#breadcrumb\"},\"inLanguage\":\"da-DK\",\"potentialAction\":[{\"@type\":\"ReadAction\",\"target\":[\"https:\/\/borgensgaard-consulting.dk\/da\/services\/quality-management-goer-tingene-rigtigt\/systematisk-problemloesning\/\"]}]},{\"@type\":\"BreadcrumbList\",\"@id\":\"https:\/\/borgensgaard-consulting.dk\/da\/services\/quality-management-goer-tingene-rigtigt\/systematisk-problemloesning\/#breadcrumb\",\"itemListElement\":[{\"@type\":\"ListItem\",\"position\":1,\"name\":\"Home\",\"item\":\"https:\/\/borgensgaard-consulting.dk\/da\/\"},{\"@type\":\"ListItem\",\"position\":2,\"name\":\"Services\",\"item\":\"https:\/\/borgensgaard-consulting.dk\/da\/services\/\"},{\"@type\":\"ListItem\",\"position\":3,\"name\":\"Quality Management \u2013 G\u00f8r tingene rigtigt\",\"item\":\"https:\/\/borgensgaard-consulting.dk\/da\/services\/quality-management-goer-tingene-rigtigt\/\"},{\"@type\":\"ListItem\",\"position\":4,\"name\":\"Systematisk Probleml\u00f8sning\"}]},{\"@type\":\"WebSite\",\"@id\":\"https:\/\/borgensgaard-consulting.dk\/#website\",\"url\":\"https:\/\/borgensgaard-consulting.dk\/\",\"name\":\"Borgensgaard Consulting\",\"description\":\"Quality Leadership and Quality Management\",\"publisher\":{\"@id\":\"https:\/\/borgensgaard-consulting.dk\/#organization\"},\"potentialAction\":[{\"@type\":\"SearchAction\",\"target\":{\"@type\":\"EntryPoint\",\"urlTemplate\":\"https:\/\/borgensgaard-consulting.dk\/?s={search_term_string}\"},\"query-input\":{\"@type\":\"PropertyValueSpecification\",\"valueRequired\":true,\"valueName\":\"search_term_string\"}}],\"inLanguage\":\"da-DK\"},{\"@type\":\"Organization\",\"@id\":\"https:\/\/borgensgaard-consulting.dk\/#organization\",\"name\":\"Borgensgaard Consulting\",\"url\":\"https:\/\/borgensgaard-consulting.dk\/\",\"logo\":{\"@type\":\"ImageObject\",\"inLanguage\":\"da-DK\",\"@id\":\"https:\/\/borgensgaard-consulting.dk\/#\/schema\/logo\/image\/\",\"url\":\"https:\/\/borgensgaard-consulting.dk\/wp-content\/uploads\/2019\/10\/Borgensgaard.png\",\"contentUrl\":\"https:\/\/borgensgaard-consulting.dk\/wp-content\/uploads\/2019\/10\/Borgensgaard.png\",\"width\":500,\"height\":138,\"caption\":\"Borgensgaard Consulting\"},\"image\":{\"@id\":\"https:\/\/borgensgaard-consulting.dk\/#\/schema\/logo\/image\/\"},\"sameAs\":[\"https:\/\/www.facebook.com\/Borgensgaard-Consulting-110909730310836\/\"]}]}<\/script>\n<!-- \/ Yoast SEO plugin. -->","yoast_head_json":{"title":"Systematisk Probleml\u00f8sning - Borgensgaard Consulting","description":"Jeg kan hj\u00e6lpe jer med at indf\u00f8re en god proces for systematisk probleml\u00f8sning, hvis omfang tager h\u00f8jde for kompleksiteten af problemstillingen.","robots":{"index":"index","follow":"follow","max-snippet":"max-snippet:-1","max-image-preview":"max-image-preview:large","max-video-preview":"max-video-preview:-1"},"canonical":"https:\/\/borgensgaard-consulting.dk\/da\/services\/quality-management-goer-tingene-rigtigt\/systematisk-problemloesning\/","og_locale":"da_DK","og_type":"article","og_title":"Systematisk Probleml\u00f8sning - Borgensgaard Consulting","og_description":"Jeg kan hj\u00e6lpe jer med at indf\u00f8re en god proces for systematisk probleml\u00f8sning, hvis omfang tager h\u00f8jde for kompleksiteten af problemstillingen.","og_url":"https:\/\/borgensgaard-consulting.dk\/da\/services\/quality-management-goer-tingene-rigtigt\/systematisk-problemloesning\/","og_site_name":"Borgensgaard Consulting","article_publisher":"https:\/\/www.facebook.com\/Borgensgaard-Consulting-110909730310836\/","article_modified_time":"2019-10-27T22:27:34+00:00","twitter_card":"summary_large_image","twitter_misc":{"Estimeret l\u00e6setid":"1 minut"},"schema":{"@context":"https:\/\/schema.org","@graph":[{"@type":"WebPage","@id":"https:\/\/borgensgaard-consulting.dk\/da\/services\/quality-management-goer-tingene-rigtigt\/systematisk-problemloesning\/","url":"https:\/\/borgensgaard-consulting.dk\/da\/services\/quality-management-goer-tingene-rigtigt\/systematisk-problemloesning\/","name":"Systematisk Probleml\u00f8sning - Borgensgaard Consulting","isPartOf":{"@id":"https:\/\/borgensgaard-consulting.dk\/#website"},"datePublished":"2019-10-14T10:45:00+00:00","dateModified":"2019-10-27T22:27:34+00:00","description":"Jeg kan hj\u00e6lpe jer med at indf\u00f8re en god proces for systematisk probleml\u00f8sning, hvis omfang tager h\u00f8jde for kompleksiteten af problemstillingen.","breadcrumb":{"@id":"https:\/\/borgensgaard-consulting.dk\/da\/services\/quality-management-goer-tingene-rigtigt\/systematisk-problemloesning\/#breadcrumb"},"inLanguage":"da-DK","potentialAction":[{"@type":"ReadAction","target":["https:\/\/borgensgaard-consulting.dk\/da\/services\/quality-management-goer-tingene-rigtigt\/systematisk-problemloesning\/"]}]},{"@type":"BreadcrumbList","@id":"https:\/\/borgensgaard-consulting.dk\/da\/services\/quality-management-goer-tingene-rigtigt\/systematisk-problemloesning\/#breadcrumb","itemListElement":[{"@type":"ListItem","position":1,"name":"Home","item":"https:\/\/borgensgaard-consulting.dk\/da\/"},{"@type":"ListItem","position":2,"name":"Services","item":"https:\/\/borgensgaard-consulting.dk\/da\/services\/"},{"@type":"ListItem","position":3,"name":"Quality Management \u2013 G\u00f8r tingene rigtigt","item":"https:\/\/borgensgaard-consulting.dk\/da\/services\/quality-management-goer-tingene-rigtigt\/"},{"@type":"ListItem","position":4,"name":"Systematisk Probleml\u00f8sning"}]},{"@type":"WebSite","@id":"https:\/\/borgensgaard-consulting.dk\/#website","url":"https:\/\/borgensgaard-consulting.dk\/","name":"Borgensgaard Consulting","description":"Quality Leadership and Quality Management","publisher":{"@id":"https:\/\/borgensgaard-consulting.dk\/#organization"},"potentialAction":[{"@type":"SearchAction","target":{"@type":"EntryPoint","urlTemplate":"https:\/\/borgensgaard-consulting.dk\/?s={search_term_string}"},"query-input":{"@type":"PropertyValueSpecification","valueRequired":true,"valueName":"search_term_string"}}],"inLanguage":"da-DK"},{"@type":"Organization","@id":"https:\/\/borgensgaard-consulting.dk\/#organization","name":"Borgensgaard Consulting","url":"https:\/\/borgensgaard-consulting.dk\/","logo":{"@type":"ImageObject","inLanguage":"da-DK","@id":"https:\/\/borgensgaard-consulting.dk\/#\/schema\/logo\/image\/","url":"https:\/\/borgensgaard-consulting.dk\/wp-content\/uploads\/2019\/10\/Borgensgaard.png","contentUrl":"https:\/\/borgensgaard-consulting.dk\/wp-content\/uploads\/2019\/10\/Borgensgaard.png","width":500,"height":138,"caption":"Borgensgaard Consulting"},"image":{"@id":"https:\/\/borgensgaard-consulting.dk\/#\/schema\/logo\/image\/"},"sameAs":["https:\/\/www.facebook.com\/Borgensgaard-Consulting-110909730310836\/"]}]}},"_links":{"self":[{"href":"https:\/\/borgensgaard-consulting.dk\/da\/wp-json\/wp\/v2\/pages\/1224"}],"collection":[{"href":"https:\/\/borgensgaard-consulting.dk\/da\/wp-json\/wp\/v2\/pages"}],"about":[{"href":"https:\/\/borgensgaard-consulting.dk\/da\/wp-json\/wp\/v2\/types\/page"}],"author":[{"embeddable":true,"href":"https:\/\/borgensgaard-consulting.dk\/da\/wp-json\/wp\/v2\/users\/1"}],"replies":[{"embeddable":true,"href":"https:\/\/borgensgaard-consulting.dk\/da\/wp-json\/wp\/v2\/comments?post=1224"}],"version-history":[{"count":13,"href":"https:\/\/borgensgaard-consulting.dk\/da\/wp-json\/wp\/v2\/pages\/1224\/revisions"}],"predecessor-version":[{"id":1346,"href":"https:\/\/borgensgaard-consulting.dk\/da\/wp-json\/wp\/v2\/pages\/1224\/revisions\/1346"}],"up":[{"embeddable":true,"href":"https:\/\/borgensgaard-consulting.dk\/da\/wp-json\/wp\/v2\/pages\/654"}],"wp:attachment":[{"href":"https:\/\/borgensgaard-consulting.dk\/da\/wp-json\/wp\/v2\/media?parent=1224"}],"curies":[{"name":"wp","href":"https:\/\/api.w.org\/{rel}","templated":true}]}}